{"id":31604,"date":"2019-09-12T14:30:28","date_gmt":"2019-09-12T21:30:28","guid":{"rendered":"http:\/\/www.fieldhockey.ca\/fr\/?page_id=31604"},"modified":"2019-09-12T14:30:28","modified_gmt":"2019-09-12T21:30:28","slug":"hockey-sur-gazon-canada-temple-de-la-renommee","status":"publish","type":"page","link":"https:\/\/fieldhockey.ca\/fr\/hockey-sur-gazon-canada-temple-de-la-renommee\/","title":{"rendered":"HOCKEY SUR GAZON CANADA &#8211; TEMPLE DE LA RENOMM\u00c9E"},"content":{"rendered":"<p class=\"p1\"><strong>CRIT\u00c8RES G\u00c9N\u00c9RAUX \u2013 TOUTES LES CAT\u00c9GORIES<\/strong><\/p>\n<p class=\"p2\">1. Doit \u00eatre citoyen canadien ou avoir v\u00e9cu au Canada depuis plus de 25 ans<\/p>\n<p class=\"p2\">2. Doit avoir des valeurs et des caract\u00e9ristiques personnelles exemplaires<\/p>\n<p class=\"p2\">3. Doit avoir contribu\u00e9 de fa\u00e7on d\u00e9terminante au hockey sur gazon et\/ou au hockey sur gazon en salle au Canada<\/p>\n<p class=\"p1\"><strong>ATHL\u00c8TE<\/strong><\/p>\n<p class=\"p2\">1. \u00c0 la retraite du niveau international comme joueur\/joueuse depuis au moins cinq ans<\/p>\n<p class=\"p2\">2. Doit en \u00eatre arriv\u00e9 \u00e0 un nombre important de r\u00e9alisations sur le terrain en s\u2019alignant avec le Canada<\/p>\n<p class=\"p2\">3. A fait honneur au Canada et lui a apport\u00e9 de la reconnaissance sur le terrain et en dehors<\/p>\n<p class=\"p2\">4. A port\u00e9 les couleurs du Canada aux Jeux olympiques, \u00e0 la Coupe du monde, aux Jeux panam\u00e9ricains, aux Jeux du<\/p>\n<p class=\"p2\">Commonwealth ou \u00e0 d\u2019autres comp\u00e9titions internationales de haut niveau<\/p>\n<p class=\"p1\"><strong>ENTRA\u00ceNEUR<\/strong><\/p>\n<p class=\"p2\">1. Gr\u00e2ce \u00e0 son travail d\u00e9vou\u00e9 et \u00e0 son expertise au cours d\u2019une p\u00e9riode d\u2019au moins cinq ans, a fait progresser le niveau<\/p>\n<p class=\"p2\">de performance de l\u2019\u00e9quipe canadienne de fa\u00e7on importante en comp\u00e9titions internationales<\/p>\n<p class=\"p2\">2. Reconnu comme \u00e9tant un chef de file au hockey sur gazon, autant au pays qu\u2019\u00e0 l\u2019\u00e9chelle internationale<\/p>\n<p class=\"p2\">3. A affich\u00e9 du leadership dans le d\u00e9veloppement d\u2019entra\u00eeneurs de haute performance au Canada au cours d\u2019une p\u00e9riode<\/p>\n<p class=\"p2\">d\u2019au moins quatre ans<\/p>\n<p class=\"p2\">4. A \u00e9t\u00e9 l\u2019entra\u00eeneur d\u2019\u00e9quipes canadiennes aux Jeux olympiques, \u00e0 la Coupe du monde, aux Jeux panam\u00e9ricains, aux<\/p>\n<p class=\"p2\">Jeux du Commonwealth ou \u00e0 d\u2019autres comp\u00e9titions internationales de haut niveau<\/p>\n<p class=\"p1\"><strong>OFFICIEL<\/strong><\/p>\n<p class=\"p2\">1. Reconnu pour son expertise et comme \u00e9tant un arbitre ou un officiel technique remarquable au niveau international<\/p>\n<p class=\"p2\">depuis au moins cinq ans<\/p>\n<p class=\"p2\">2. A \u00e9t\u00e9 affect\u00e9 en tant qu\u2019officiel \u00e0 au moins 75 matchs internationaux, notammment aux Jeux olympiques, \u00e0 la Coupe<\/p>\n<p class=\"p2\">du monde, aux Jeux panam\u00e9ricains, aux Jeux du Commonwealth ou \u00e0 d\u2019autres comp\u00e9titions internationales de haut<\/p>\n<p class=\"p2\">niveau<\/p>\n<p class=\"p2\">3. A affich\u00e9 un solide leadership dans le d\u00e9veloppement d\u2019officiels internationaux de haut niveau au Canada au cours<\/p>\n<p class=\"p2\">d\u2019une p\u00e9riode d\u2019au moins quatre ans<\/p>\n<p class=\"p1\"><strong>B\u00c2TISSEUR<\/strong><\/p>\n<p class=\"p2\">1. A contribu\u00e9 de fa\u00e7on importante et extraordinaire \u00e0 la croissance et au d\u00e9veloppement du hockey sur gazon canadien<\/p>\n<p class=\"p2\">au cours d\u2019une p\u00e9riode d\u2019au moins 10 ans<\/p>\n<p class=\"p2\">2. Un b\u00e2tisseur peut \u00eatre actif ou inactif pour \u00eatre admissible et sa candidature sera \u00e9valu\u00e9e en fonction de ses contributions<\/p>\n<p class=\"p2\">et de son impact<\/p>\n<p class=\"p1\"><strong>AUTRE<\/strong><\/p>\n<p class=\"p2\">1. Une personne de l\u2019ext\u00e9rieur du terrain qui a contribu\u00e9 directement et de fa\u00e7on importante au hockey sur gazon<\/p>\n<p class=\"p2\">au cours d\u2019une p\u00e9riode d\u2019au moins 10 ans \u2013 en ayant un impact soit sur les joueurs, les entra\u00eeneurs, les officiels, les<\/p>\n<p class=\"p2\">administrateurs, HGC, etc.<\/p>\n","protected":false},"excerpt":{"rendered":"<p>CRIT\u00c8RES G\u00c9N\u00c9RAUX \u2013 TOUTES LES CAT\u00c9GORIES 1. Doit \u00eatre citoyen canadien ou avoir v\u00e9cu au Canada depuis plus de 25 ans 2. Doit avoir des valeurs et des caract\u00e9ristiques personnelles exemplaires 3. Doit avoir contribu\u00e9 de fa\u00e7on d\u00e9terminante au hockey sur gazon et\/ou au hockey sur gazon en salle au Canada ATHL\u00c8TE 1. \u00c0 la [&hellip;]<\/p>\n","protected":false},"author":1,"featured_media":0,"parent":0,"menu_order":0,"comment_status":"closed","ping_status":"closed","template":"","meta":{"footnotes":""},"class_list":["post-31604","page","type-page","status-publish","hentry"],"yoast_head":"<!-- This site is optimized with the Yoast SEO plugin v26.8 - https:\/\/yoast.com\/product\/yoast-seo-wordpress\/ -->\n<title>HOCKEY SUR GAZON CANADA - TEMPLE DE LA RENOMM\u00c9E - Field Hockey Canada<\/title>\n<meta name=\"robots\" content=\"index, follow, max-snippet:-1, max-image-preview:large, max-video-preview:-1\" \/>\n<link rel=\"canonical\" href=\"https:\/\/fieldhockey.ca\/fr\/hockey-sur-gazon-canada-temple-de-la-renommee\/\" \/>\n<meta property=\"og:locale\" content=\"fr_CA\" \/>\n<meta property=\"og:type\" content=\"article\" \/>\n<meta property=\"og:title\" content=\"HOCKEY SUR GAZON CANADA - TEMPLE DE LA RENOMM\u00c9E - Field Hockey Canada\" \/>\n<meta property=\"og:description\" content=\"CRIT\u00c8RES G\u00c9N\u00c9RAUX \u2013 TOUTES LES CAT\u00c9GORIES 1. Doit \u00eatre citoyen canadien ou avoir v\u00e9cu au Canada depuis plus de 25 ans 2. Doit avoir des valeurs et des caract\u00e9ristiques personnelles exemplaires 3. Doit avoir contribu\u00e9 de fa\u00e7on d\u00e9terminante au hockey sur gazon et\/ou au hockey sur gazon en salle au Canada ATHL\u00c8TE 1. \u00c0 la [&hellip;]\" \/>\n<meta property=\"og:url\" content=\"https:\/\/fieldhockey.ca\/fr\/hockey-sur-gazon-canada-temple-de-la-renommee\/\" \/>\n<meta property=\"og:site_name\" content=\"Field Hockey Canada\" \/>\n<meta name=\"twitter:card\" content=\"summary_large_image\" \/>\n<meta name=\"twitter:label1\" content=\"Estimation du temps de lecture\" \/>\n\t<meta name=\"twitter:data1\" content=\"2 minutes\" \/>\n<script type=\"application\/ld+json\" class=\"yoast-schema-graph\">{\"@context\":\"https:\/\/schema.org\",\"@graph\":[{\"@type\":\"WebPage\",\"@id\":\"https:\/\/fieldhockey.ca\/fr\/hockey-sur-gazon-canada-temple-de-la-renommee\/\",\"url\":\"https:\/\/fieldhockey.ca\/fr\/hockey-sur-gazon-canada-temple-de-la-renommee\/\",\"name\":\"HOCKEY SUR GAZON CANADA - TEMPLE DE LA RENOMM\u00c9E - Field Hockey Canada\",\"isPartOf\":{\"@id\":\"https:\/\/fieldhockey.ca\/#website\"},\"datePublished\":\"2019-09-12T21:30:28+00:00\",\"breadcrumb\":{\"@id\":\"https:\/\/fieldhockey.ca\/fr\/hockey-sur-gazon-canada-temple-de-la-renommee\/#breadcrumb\"},\"inLanguage\":\"fr-CA\",\"potentialAction\":[{\"@type\":\"ReadAction\",\"target\":[\"https:\/\/fieldhockey.ca\/fr\/hockey-sur-gazon-canada-temple-de-la-renommee\/\"]}]},{\"@type\":\"BreadcrumbList\",\"@id\":\"https:\/\/fieldhockey.ca\/fr\/hockey-sur-gazon-canada-temple-de-la-renommee\/#breadcrumb\",\"itemListElement\":[{\"@type\":\"ListItem\",\"position\":1,\"name\":\"Home\",\"item\":\"https:\/\/fieldhockey.ca\/fr\/\"},{\"@type\":\"ListItem\",\"position\":2,\"name\":\"HOCKEY SUR GAZON CANADA &#8211; TEMPLE DE LA RENOMM\u00c9E\"}]},{\"@type\":\"WebSite\",\"@id\":\"https:\/\/fieldhockey.ca\/#website\",\"url\":\"https:\/\/fieldhockey.ca\/\",\"name\":\"Field Hockey Canada\",\"description\":\"Canada\u2019s governing body for field hockey\",\"potentialAction\":[{\"@type\":\"SearchAction\",\"target\":{\"@type\":\"EntryPoint\",\"urlTemplate\":\"https:\/\/fieldhockey.ca\/?s={search_term_string}\"},\"query-input\":{\"@type\":\"PropertyValueSpecification\",\"valueRequired\":true,\"valueName\":\"search_term_string\"}}],\"inLanguage\":\"fr-CA\"}]}<\/script>\n<!-- \/ Yoast SEO plugin. -->","yoast_head_json":{"title":"HOCKEY SUR GAZON CANADA - TEMPLE DE LA RENOMM\u00c9E - Field Hockey Canada","robots":{"index":"index","follow":"follow","max-snippet":"max-snippet:-1","max-image-preview":"max-image-preview:large","max-video-preview":"max-video-preview:-1"},"canonical":"https:\/\/fieldhockey.ca\/fr\/hockey-sur-gazon-canada-temple-de-la-renommee\/","og_locale":"fr_CA","og_type":"article","og_title":"HOCKEY SUR GAZON CANADA - TEMPLE DE LA RENOMM\u00c9E - Field Hockey Canada","og_description":"CRIT\u00c8RES G\u00c9N\u00c9RAUX \u2013 TOUTES LES CAT\u00c9GORIES 1. Doit \u00eatre citoyen canadien ou avoir v\u00e9cu au Canada depuis plus de 25 ans 2. Doit avoir des valeurs et des caract\u00e9ristiques personnelles exemplaires 3. Doit avoir contribu\u00e9 de fa\u00e7on d\u00e9terminante au hockey sur gazon et\/ou au hockey sur gazon en salle au Canada ATHL\u00c8TE 1. \u00c0 la [&hellip;]","og_url":"https:\/\/fieldhockey.ca\/fr\/hockey-sur-gazon-canada-temple-de-la-renommee\/","og_site_name":"Field Hockey Canada","twitter_card":"summary_large_image","twitter_misc":{"Estimation du temps de lecture":"2 minutes"},"schema":{"@context":"https:\/\/schema.org","@graph":[{"@type":"WebPage","@id":"https:\/\/fieldhockey.ca\/fr\/hockey-sur-gazon-canada-temple-de-la-renommee\/","url":"https:\/\/fieldhockey.ca\/fr\/hockey-sur-gazon-canada-temple-de-la-renommee\/","name":"HOCKEY SUR GAZON CANADA - TEMPLE DE LA RENOMM\u00c9E - Field Hockey Canada","isPartOf":{"@id":"https:\/\/fieldhockey.ca\/#website"},"datePublished":"2019-09-12T21:30:28+00:00","breadcrumb":{"@id":"https:\/\/fieldhockey.ca\/fr\/hockey-sur-gazon-canada-temple-de-la-renommee\/#breadcrumb"},"inLanguage":"fr-CA","potentialAction":[{"@type":"ReadAction","target":["https:\/\/fieldhockey.ca\/fr\/hockey-sur-gazon-canada-temple-de-la-renommee\/"]}]},{"@type":"BreadcrumbList","@id":"https:\/\/fieldhockey.ca\/fr\/hockey-sur-gazon-canada-temple-de-la-renommee\/#breadcrumb","itemListElement":[{"@type":"ListItem","position":1,"name":"Home","item":"https:\/\/fieldhockey.ca\/fr\/"},{"@type":"ListItem","position":2,"name":"HOCKEY SUR GAZON CANADA &#8211; TEMPLE DE LA RENOMM\u00c9E"}]},{"@type":"WebSite","@id":"https:\/\/fieldhockey.ca\/#website","url":"https:\/\/fieldhockey.ca\/","name":"Field Hockey Canada","description":"Canada\u2019s governing body for field hockey","potentialAction":[{"@type":"SearchAction","target":{"@type":"EntryPoint","urlTemplate":"https:\/\/fieldhockey.ca\/?s={search_term_string}"},"query-input":{"@type":"PropertyValueSpecification","valueRequired":true,"valueName":"search_term_string"}}],"inLanguage":"fr-CA"}]}},"_links":{"self":[{"href":"https:\/\/fieldhockey.ca\/fr\/wp-json\/wp\/v2\/pages\/31604","targetHints":{"allow":["GET"]}}],"collection":[{"href":"https:\/\/fieldhockey.ca\/fr\/wp-json\/wp\/v2\/pages"}],"about":[{"href":"https:\/\/fieldhockey.ca\/fr\/wp-json\/wp\/v2\/types\/page"}],"author":[{"embeddable":true,"href":"https:\/\/fieldhockey.ca\/fr\/wp-json\/wp\/v2\/users\/1"}],"replies":[{"embeddable":true,"href":"https:\/\/fieldhockey.ca\/fr\/wp-json\/wp\/v2\/comments?post=31604"}],"version-history":[{"count":1,"href":"https:\/\/fieldhockey.ca\/fr\/wp-json\/wp\/v2\/pages\/31604\/revisions"}],"predecessor-version":[{"id":31605,"href":"https:\/\/fieldhockey.ca\/fr\/wp-json\/wp\/v2\/pages\/31604\/revisions\/31605"}],"wp:attachment":[{"href":"https:\/\/fieldhockey.ca\/fr\/wp-json\/wp\/v2\/media?parent=31604"}],"curies":[{"name":"wp","href":"https:\/\/api.w.org\/{rel}","templated":true}]}}