{"id":33522,"date":"2020-11-18T10:07:49","date_gmt":"2020-11-18T18:07:49","guid":{"rendered":"http:\/\/www.fieldhockey.ca\/fr\/?page_id=33522"},"modified":"2020-11-18T10:07:49","modified_gmt":"2020-11-18T18:07:49","slug":"la-conference-hockey-sur-gazon-canada-2020","status":"publish","type":"page","link":"https:\/\/fieldhockey.ca\/fr\/la-conference-hockey-sur-gazon-canada-2020\/","title":{"rendered":"La Conf\u00e9rence Hockey sur gazon Canada 2020"},"content":{"rendered":"<p><span class=\"TextRun SCXW116580009 BCX9\" lang=\"IT-IT\" xml:lang=\"IT-IT\" data-contrast=\"none\"><span class=\"NormalTextRun SCXW116580009 BCX9\" data-ccp-parastyle=\"Par d\u00e9faut\">La&nbsp;<\/span><span class=\"NormalTextRun SpellingErrorV2 SCXW116580009 BCX9\" data-ccp-parastyle=\"Par d\u00e9faut\">Conf<\/span><\/span><span class=\"TextRun SCXW116580009 BCX9\" lang=\"FR-FR\" xml:lang=\"FR-FR\" data-contrast=\"none\"><span class=\"NormalTextRun SpellingErrorV2 SCXW116580009 BCX9\" data-ccp-parastyle=\"Par d\u00e9faut\">\u00e9<\/span><\/span><span class=\"TextRun SCXW116580009 BCX9\" lang=\"FR-FR\" xml:lang=\"FR-FR\" data-contrast=\"none\"><span class=\"NormalTextRun SpellingErrorV2 SCXW116580009 BCX9\" data-ccp-parastyle=\"Par d\u00e9faut\">rence<\/span><span class=\"NormalTextRun SCXW116580009 BCX9\" data-ccp-parastyle=\"Par d\u00e9faut\">&nbsp;Hockey sur gazon Canada est une&nbsp;<\/span><\/span><span class=\"TextRun SCXW116580009 BCX9\" lang=\"FR-FR\" xml:lang=\"FR-FR\" data-contrast=\"none\"><span class=\"NormalTextRun SCXW116580009 BCX9\" data-ccp-parastyle=\"Par d\u00e9faut\">\u00e9<\/span><\/span><span class=\"TextRun SCXW116580009 BCX9\" data-contrast=\"none\"><span class=\"NormalTextRun SCXW116580009 BCX9\" data-ccp-parastyle=\"Par d\u00e9faut\">v<\/span><\/span><span class=\"TextRun SCXW116580009 BCX9\" lang=\"FR-FR\" xml:lang=\"FR-FR\" data-contrast=\"none\"><span class=\"NormalTextRun SpellingErrorV2 SCXW116580009 BCX9\" data-ccp-parastyle=\"Par d\u00e9faut\">\u00e9<\/span><\/span><span class=\"TextRun SCXW116580009 BCX9\" lang=\"FR-FR\" xml:lang=\"FR-FR\" data-contrast=\"none\"><span class=\"NormalTextRun SpellingErrorV2 SCXW116580009 BCX9\" data-ccp-parastyle=\"Par d\u00e9faut\">nement<\/span><span class=\"NormalTextRun SCXW116580009 BCX9\" data-ccp-parastyle=\"Par d\u00e9faut\">&nbsp;en ligne d&rsquo;une dur<\/span><\/span><span class=\"TextRun SCXW116580009 BCX9\" lang=\"FR-FR\" xml:lang=\"FR-FR\" data-contrast=\"none\"><span class=\"NormalTextRun SCXW116580009 BCX9\" data-ccp-parastyle=\"Par d\u00e9faut\">\u00e9<\/span><\/span><span class=\"TextRun SCXW116580009 BCX9\" lang=\"FR-FR\" xml:lang=\"FR-FR\" data-contrast=\"none\"><span class=\"NormalTextRun SCXW116580009 BCX9\" data-ccp-parastyle=\"Par d\u00e9faut\">e de quatre jours qui aura lieu <strong>du<\/strong><\/span><\/span><strong><span class=\"TextRun SCXW116580009 BCX9\" data-contrast=\"none\"><span class=\"NormalTextRun SCXW116580009 BCX9\" data-ccp-parastyle=\"Par d\u00e9faut\">\u202f<\/span><\/span><span class=\"TextRun MacChromeBold SCXW116580009 BCX9\" lang=\"FR-FR\" xml:lang=\"FR-FR\" data-contrast=\"none\"><span class=\"NormalTextRun ContextualSpellingAndGrammarErrorV2 SCXW116580009 BCX9\" data-ccp-charstyle=\"Aucun\">mardi<\/span><span class=\"NormalTextRun SCXW116580009 BCX9\" data-ccp-charstyle=\"Aucun\">&nbsp;1er d<\/span><\/span><span class=\"TextRun MacChromeBold SCXW116580009 BCX9\" lang=\"FR-FR\" xml:lang=\"FR-FR\" data-contrast=\"none\"><span class=\"NormalTextRun SCXW116580009 BCX9\" data-ccp-charstyle=\"Aucun\">\u00e9<\/span><\/span><span class=\"TextRun MacChromeBold SCXW116580009 BCX9\" lang=\"FR-FR\" xml:lang=\"FR-FR\" data-contrast=\"none\"><span class=\"NormalTextRun SCXW116580009 BCX9\" data-ccp-charstyle=\"Aucun\">cembre 2020 au vendredi 4 d<\/span><\/span><span class=\"TextRun MacChromeBold SCXW116580009 BCX9\" lang=\"FR-FR\" xml:lang=\"FR-FR\" data-contrast=\"none\"><span class=\"NormalTextRun SCXW116580009 BCX9\" data-ccp-charstyle=\"Aucun\">\u00e9<\/span><\/span><span class=\"TextRun MacChromeBold SCXW116580009 BCX9\" lang=\"FR-FR\" xml:lang=\"FR-FR\" data-contrast=\"none\"><span class=\"NormalTextRun SCXW116580009 BCX9\" data-ccp-charstyle=\"Aucun\">cembre 2020<\/span><\/span><\/strong><span class=\"TextRun SCXW116580009 BCX9\" lang=\"FR-FR\" xml:lang=\"FR-FR\" data-contrast=\"none\"><span class=\"NormalTextRun SCXW116580009 BCX9\" data-ccp-parastyle=\"Par d\u00e9faut\">. Ayant comme objectif d&rsquo;amener la communaut<\/span><\/span><span class=\"TextRun SCXW116580009 BCX9\" lang=\"FR-FR\" xml:lang=\"FR-FR\" data-contrast=\"none\"><span class=\"NormalTextRun SCXW116580009 BCX9\" data-ccp-parastyle=\"Par d\u00e9faut\">\u00e9&nbsp;<\/span><\/span><span class=\"TextRun SCXW116580009 BCX9\" data-contrast=\"none\"><span class=\"NormalTextRun SCXW116580009 BCX9\" data-ccp-parastyle=\"Par d\u00e9faut\">du sport&nbsp;<\/span><\/span><span class=\"TextRun SCXW116580009 BCX9\" lang=\"FR-FR\" xml:lang=\"FR-FR\" data-contrast=\"none\"><span class=\"NormalTextRun ContextualSpellingAndGrammarErrorV2 SCXW116580009 BCX9\" data-ccp-parastyle=\"Par d\u00e9faut\">\u00e0<\/span><span class=\"NormalTextRun SCXW116580009 BCX9\" data-ccp-parastyle=\"Par d\u00e9faut\">&nbsp;<\/span><\/span><span class=\"TextRun SCXW116580009 BCX9\" lang=\"FR-FR\" xml:lang=\"FR-FR\" data-contrast=\"none\"><span class=\"NormalTextRun SCXW116580009 BCX9\" data-ccp-parastyle=\"Par d\u00e9faut\">s&rsquo;impliquer, de l&rsquo;int<\/span><\/span><span class=\"TextRun SCXW116580009 BCX9\" lang=\"FR-FR\" xml:lang=\"FR-FR\" data-contrast=\"none\"><span class=\"NormalTextRun SCXW116580009 BCX9\" data-ccp-parastyle=\"Par d\u00e9faut\">\u00e9<\/span><\/span><span class=\"TextRun SCXW116580009 BCX9\" lang=\"FR-FR\" xml:lang=\"FR-FR\" data-contrast=\"none\"><span class=\"NormalTextRun SCXW116580009 BCX9\" data-ccp-parastyle=\"Par d\u00e9faut\">resser et de l&rsquo;<\/span><\/span><span class=\"TextRun SCXW116580009 BCX9\" lang=\"FR-FR\" xml:lang=\"FR-FR\" data-contrast=\"none\"><span class=\"NormalTextRun SCXW116580009 BCX9\" data-ccp-parastyle=\"Par d\u00e9faut\">\u00e9<\/span><\/span><span class=\"TextRun SCXW116580009 BCX9\" lang=\"FR-FR\" xml:lang=\"FR-FR\" data-contrast=\"none\"><span class=\"NormalTextRun SCXW116580009 BCX9\" data-ccp-parastyle=\"Par d\u00e9faut\">duquer en ces moments sans pr<\/span><\/span><span class=\"TextRun SCXW116580009 BCX9\" lang=\"FR-FR\" xml:lang=\"FR-FR\" data-contrast=\"none\"><span class=\"NormalTextRun SCXW116580009 BCX9\" data-ccp-parastyle=\"Par d\u00e9faut\">\u00e9<\/span><\/span><span class=\"TextRun SCXW116580009 BCX9\" data-contrast=\"none\"><span class=\"NormalTextRun SCXW116580009 BCX9\" data-ccp-parastyle=\"Par d\u00e9faut\">c<\/span><\/span><span class=\"TextRun SCXW116580009 BCX9\" lang=\"FR-FR\" xml:lang=\"FR-FR\" data-contrast=\"none\"><span class=\"NormalTextRun SpellingErrorV2 SCXW116580009 BCX9\" data-ccp-parastyle=\"Par d\u00e9faut\">\u00e9<\/span><\/span><span class=\"TextRun SCXW116580009 BCX9\" lang=\"FR-FR\" xml:lang=\"FR-FR\" data-contrast=\"none\"><span class=\"NormalTextRun SpellingErrorV2 SCXW116580009 BCX9\" data-ccp-parastyle=\"Par d\u00e9faut\">dent<\/span><span class=\"NormalTextRun SCXW116580009 BCX9\" data-ccp-parastyle=\"Par d\u00e9faut\">, cet&nbsp;<\/span><\/span><span class=\"TextRun SCXW116580009 BCX9\" lang=\"FR-FR\" xml:lang=\"FR-FR\" data-contrast=\"none\"><span class=\"NormalTextRun SCXW116580009 BCX9\" data-ccp-parastyle=\"Par d\u00e9faut\">\u00e9<\/span><\/span><span class=\"TextRun SCXW116580009 BCX9\" data-contrast=\"none\"><span class=\"NormalTextRun SCXW116580009 BCX9\" data-ccp-parastyle=\"Par d\u00e9faut\">v<\/span><\/span><span class=\"TextRun SCXW116580009 BCX9\" lang=\"FR-FR\" xml:lang=\"FR-FR\" data-contrast=\"none\"><span class=\"NormalTextRun SpellingErrorV2 SCXW116580009 BCX9\" data-ccp-parastyle=\"Par d\u00e9faut\">\u00e9<\/span><\/span><span class=\"TextRun SCXW116580009 BCX9\" lang=\"FR-FR\" xml:lang=\"FR-FR\" data-contrast=\"none\"><span class=\"NormalTextRun SpellingErrorV2 SCXW116580009 BCX9\" data-ccp-parastyle=\"Par d\u00e9faut\">nement<\/span><span class=\"NormalTextRun SCXW116580009 BCX9\" data-ccp-parastyle=\"Par d\u00e9faut\">&nbsp;inaugural s&rsquo;articulera autour des aspects du sport qui concernent le d<\/span><\/span><span class=\"TextRun SCXW116580009 BCX9\" lang=\"FR-FR\" xml:lang=\"FR-FR\" data-contrast=\"none\"><span class=\"NormalTextRun SCXW116580009 BCX9\" data-ccp-parastyle=\"Par d\u00e9faut\">\u00e9<\/span><\/span><span class=\"TextRun SCXW116580009 BCX9\" lang=\"FR-FR\" xml:lang=\"FR-FR\" data-contrast=\"none\"><span class=\"NormalTextRun SCXW116580009 BCX9\" data-ccp-parastyle=\"Par d\u00e9faut\">veloppement, l&rsquo;administration et la haute performance. Mettant de l&rsquo;avant diff<\/span><\/span><span class=\"TextRun SCXW116580009 BCX9\" lang=\"FR-FR\" xml:lang=\"FR-FR\" data-contrast=\"none\"><span class=\"NormalTextRun SCXW116580009 BCX9\" data-ccp-parastyle=\"Par d\u00e9faut\">\u00e9<\/span><\/span><span class=\"TextRun SCXW116580009 BCX9\" lang=\"FR-FR\" xml:lang=\"FR-FR\" data-contrast=\"none\"><span class=\"NormalTextRun SCXW116580009 BCX9\" data-ccp-parastyle=\"Par d\u00e9faut\">rents experts et conf<\/span><\/span><span class=\"TextRun SCXW116580009 BCX9\" lang=\"FR-FR\" xml:lang=\"FR-FR\" data-contrast=\"none\"><span class=\"NormalTextRun SCXW116580009 BCX9\" data-ccp-parastyle=\"Par d\u00e9faut\">\u00e9<\/span><\/span><span class=\"TextRun SCXW116580009 BCX9\" lang=\"FR-FR\" xml:lang=\"FR-FR\" data-contrast=\"none\"><span class=\"NormalTextRun SCXW116580009 BCX9\" data-ccp-parastyle=\"Par d\u00e9faut\">renciers provenant de diff<\/span><\/span><span class=\"TextRun SCXW116580009 BCX9\" lang=\"FR-FR\" xml:lang=\"FR-FR\" data-contrast=\"none\"><span class=\"NormalTextRun SCXW116580009 BCX9\" data-ccp-parastyle=\"Par d\u00e9faut\">\u00e9<\/span><\/span><span class=\"TextRun SCXW116580009 BCX9\" lang=\"FR-FR\" xml:lang=\"FR-FR\" data-contrast=\"none\"><span class=\"NormalTextRun SCXW116580009 BCX9\" data-ccp-parastyle=\"Par d\u00e9faut\">rents domaines sur le plan professionnel, la Conf<\/span><\/span><span class=\"TextRun SCXW116580009 BCX9\" lang=\"FR-FR\" xml:lang=\"FR-FR\" data-contrast=\"none\"><span class=\"NormalTextRun SCXW116580009 BCX9\" data-ccp-parastyle=\"Par d\u00e9faut\">\u00e9<\/span><\/span><span class=\"TextRun SCXW116580009 BCX9\" lang=\"FR-FR\" xml:lang=\"FR-FR\" data-contrast=\"none\"><span class=\"NormalTextRun SCXW116580009 BCX9\" data-ccp-parastyle=\"Par d\u00e9faut\">rence Hockey sur gazon Canada abordera tous les aspects du sport alors que&nbsp;<\/span><\/span><span class=\"TextRun SCXW116580009 BCX9\" lang=\"FR-FR\" xml:lang=\"FR-FR\" data-contrast=\"none\"><span class=\"NormalTextRun SCXW116580009 BCX9\" data-ccp-parastyle=\"Par d\u00e9faut\">nous<\/span><\/span><span class=\"TextRun SCXW116580009 BCX9\" lang=\"FR-FR\" xml:lang=\"FR-FR\" data-contrast=\"none\"><span class=\"NormalTextRun SCXW116580009 BCX9\" data-ccp-parastyle=\"Par d\u00e9faut\">&nbsp;travaill<\/span><\/span><span class=\"TextRun SCXW116580009 BCX9\" lang=\"FR-FR\" xml:lang=\"FR-FR\" data-contrast=\"none\"><span class=\"NormalTextRun SCXW116580009 BCX9\" data-ccp-parastyle=\"Par d\u00e9faut\">ons tous<\/span><\/span><span class=\"TextRun SCXW116580009 BCX9\" lang=\"FR-FR\" xml:lang=\"FR-FR\" data-contrast=\"none\"><span class=\"NormalTextRun SCXW116580009 BCX9\" data-ccp-parastyle=\"Par d\u00e9faut\">&nbsp;sur&nbsp;<\/span><span class=\"NormalTextRun ContextualSpellingAndGrammarErrorV2 SCXW116580009 BCX9\" data-ccp-parastyle=\"Par d\u00e9faut\">une nouvelle fa<\/span><\/span><span class=\"TextRun SCXW116580009 BCX9\" lang=\"PT-PT\" xml:lang=\"PT-PT\" data-contrast=\"none\"><span class=\"NormalTextRun SCXW116580009 BCX9\" data-ccp-parastyle=\"Par d\u00e9faut\">\u00e7<\/span><\/span><span class=\"TextRun SCXW116580009 BCX9\" lang=\"FR-FR\" xml:lang=\"FR-FR\" data-contrast=\"none\"><span class=\"NormalTextRun ContextualSpellingAndGrammarErrorV2 SCXW116580009 BCX9\" data-ccp-parastyle=\"Par d\u00e9faut\">on<\/span><span class=\"NormalTextRun SCXW116580009 BCX9\" data-ccp-parastyle=\"Par d\u00e9faut\">&nbsp;de d<\/span><\/span><span class=\"TextRun SCXW116580009 BCX9\" lang=\"FR-FR\" xml:lang=\"FR-FR\" data-contrast=\"none\"><span class=\"NormalTextRun SCXW116580009 BCX9\" data-ccp-parastyle=\"Par d\u00e9faut\">\u00e9<\/span><\/span><span class=\"TextRun SCXW116580009 BCX9\" lang=\"EN-US\" xml:lang=\"EN-US\" data-contrast=\"none\"><span class=\"NormalTextRun SpellingErrorV2 SCXW116580009 BCX9\" data-ccp-parastyle=\"Par d\u00e9faut\">fini<\/span><\/span><span class=\"TextRun SCXW116580009 BCX9\" lang=\"FR-FR\" xml:lang=\"FR-FR\" data-contrast=\"none\"><span class=\"NormalTextRun ContextualSpellingAndGrammarErrorV2 SCXW116580009 BCX9\" data-ccp-parastyle=\"Par d\u00e9faut\">r<\/span><\/span><span class=\"TextRun SCXW116580009 BCX9\" lang=\"FR-FR\" xml:lang=\"FR-FR\" data-contrast=\"none\"><span class=\"NormalTextRun SCXW116580009 BCX9\" data-ccp-parastyle=\"Par d\u00e9faut\">&nbsp;ce que cela signifie de faire partie d&rsquo;une&nbsp;<\/span><\/span><span class=\"TextRun SCXW116580009 BCX9\" lang=\"FR-FR\" xml:lang=\"FR-FR\" data-contrast=\"none\"><span class=\"NormalTextRun SCXW116580009 BCX9\" data-ccp-parastyle=\"Par d\u00e9faut\">\u00e9<\/span><\/span><span class=\"TextRun SCXW116580009 BCX9\" lang=\"PT-PT\" xml:lang=\"PT-PT\" data-contrast=\"none\"><span class=\"NormalTextRun SpellingErrorV2 SCXW116580009 BCX9\" data-ccp-parastyle=\"Par d\u00e9faut\">quipe<\/span><span class=\"NormalTextRun SCXW116580009 BCX9\" data-ccp-parastyle=\"Par d\u00e9faut\">.<\/span><\/span><span class=\"EOP SCXW116580009 BCX9\" data-ccp-props=\"{&quot;134233117&quot;:false,&quot;134233118&quot;:false,&quot;201341983&quot;:0,&quot;335551550&quot;:1,&quot;335551620&quot;:1,&quot;335559685&quot;:0,&quot;335559731&quot;:0,&quot;335559737&quot;:0,&quot;335559739&quot;:140,&quot;335559740&quot;:288}\">&nbsp;<\/span><\/p>\n<h2 style=\"text-align: center;\"><span style=\"color: #ff0000;\"><a class=\"Hyperlink SCXW261117762 BCX9\" style=\"color: #ff0000;\" href=\"https:\/\/forms.office.com\/Pages\/ResponsePage.aspx?id=upk9ihuWq0yLiGztOMoj_YtdytOcqZBNichHdZoVOXZUMlhQUURQQlk3NUtTVjdHMlhOMzdPR0pYVy4u\" target=\"_blank\" rel=\"noreferrer noopener\"><span class=\"FieldRange SCXW261117762 BCX9\"><span class=\"TextRun MacChromeBold Underlined SCXW261117762 BCX9\" data-contrast=\"none\"><span class=\"NormalTextRun SCXW261117762 BCX9\" data-ccp-charstyle=\"Hyperlink.2\">&gt;&gt;&gt; INSCRIVEZ-VOUS MAINTENANT &lt;&lt;&lt;<\/span><\/span><\/span><\/a><span class=\"EOP SCXW261117762 BCX9\" data-ccp-props=\"{&quot;134233117&quot;:false,&quot;134233118&quot;:false,&quot;201341983&quot;:0,&quot;335551550&quot;:1,&quot;335551620&quot;:1,&quot;335559685&quot;:0,&quot;335559731&quot;:0,&quot;335559737&quot;:0,&quot;335559738&quot;:127,&quot;335559739&quot;:127,&quot;335559740&quot;:264}\">&nbsp;<\/span><\/span><\/h2>\n<p>&nbsp;<\/p>\n<hr \/>\n<h2><\/h2>\n","protected":false},"excerpt":{"rendered":"<p>La&nbsp;Conf\u00e9rence&nbsp;Hockey sur gazon Canada est une&nbsp;\u00e9v\u00e9nement&nbsp;en ligne d&rsquo;une dur\u00e9e de quatre jours qui aura lieu du\u202fmardi&nbsp;1er d\u00e9cembre 2020 au vendredi 4 d\u00e9cembre 2020. Ayant comme objectif d&rsquo;amener la communaut\u00e9&nbsp;du sport&nbsp;\u00e0&nbsp;s&rsquo;impliquer, de l&rsquo;int\u00e9resser et de l&rsquo;\u00e9duquer en ces moments sans pr\u00e9c\u00e9dent, cet&nbsp;\u00e9v\u00e9nement&nbsp;inaugural s&rsquo;articulera autour des aspects du sport qui concernent le d\u00e9veloppement, l&rsquo;administration et la haute [&hellip;]<\/p>\n","protected":false},"author":1,"featured_media":0,"parent":0,"menu_order":0,"comment_status":"closed","ping_status":"closed","template":"","meta":{"footnotes":""},"class_list":["post-33522","page","type-page","status-publish","hentry"],"yoast_head":"<!-- This site is optimized with the Yoast SEO plugin v26.8 - https:\/\/yoast.com\/product\/yoast-seo-wordpress\/ -->\n<title>La Conf\u00e9rence Hockey sur gazon Canada 2020 - Field Hockey Canada<\/title>\n<meta name=\"robots\" content=\"index, follow, max-snippet:-1, max-image-preview:large, max-video-preview:-1\" \/>\n<link rel=\"canonical\" href=\"https:\/\/fieldhockey.ca\/fr\/la-conference-hockey-sur-gazon-canada-2020\/\" \/>\n<meta property=\"og:locale\" content=\"fr_CA\" \/>\n<meta property=\"og:type\" content=\"article\" \/>\n<meta property=\"og:title\" content=\"La Conf\u00e9rence Hockey sur gazon Canada 2020 - Field Hockey Canada\" \/>\n<meta property=\"og:description\" content=\"La&nbsp;Conf\u00e9rence&nbsp;Hockey sur gazon Canada est une&nbsp;\u00e9v\u00e9nement&nbsp;en ligne d&rsquo;une dur\u00e9e de quatre jours qui aura lieu du\u202fmardi&nbsp;1er d\u00e9cembre 2020 au vendredi 4 d\u00e9cembre 2020. Ayant comme objectif d&rsquo;amener la communaut\u00e9&nbsp;du sport&nbsp;\u00e0&nbsp;s&rsquo;impliquer, de l&rsquo;int\u00e9resser et de l&rsquo;\u00e9duquer en ces moments sans pr\u00e9c\u00e9dent, cet&nbsp;\u00e9v\u00e9nement&nbsp;inaugural s&rsquo;articulera autour des aspects du sport qui concernent le d\u00e9veloppement, l&rsquo;administration et la haute [&hellip;]\" \/>\n<meta property=\"og:url\" content=\"https:\/\/fieldhockey.ca\/fr\/la-conference-hockey-sur-gazon-canada-2020\/\" \/>\n<meta property=\"og:site_name\" content=\"Field Hockey Canada\" \/>\n<meta name=\"twitter:card\" content=\"summary_large_image\" \/>\n<meta name=\"twitter:label1\" content=\"Estimation du temps de lecture\" \/>\n\t<meta name=\"twitter:data1\" content=\"1 minute\" \/>\n<script type=\"application\/ld+json\" class=\"yoast-schema-graph\">{\"@context\":\"https:\/\/schema.org\",\"@graph\":[{\"@type\":\"WebPage\",\"@id\":\"https:\/\/fieldhockey.ca\/fr\/la-conference-hockey-sur-gazon-canada-2020\/\",\"url\":\"https:\/\/fieldhockey.ca\/fr\/la-conference-hockey-sur-gazon-canada-2020\/\",\"name\":\"La Conf\u00e9rence Hockey sur gazon Canada 2020 - Field Hockey Canada\",\"isPartOf\":{\"@id\":\"https:\/\/fieldhockey.ca\/#website\"},\"datePublished\":\"2020-11-18T18:07:49+00:00\",\"breadcrumb\":{\"@id\":\"https:\/\/fieldhockey.ca\/fr\/la-conference-hockey-sur-gazon-canada-2020\/#breadcrumb\"},\"inLanguage\":\"fr-CA\",\"potentialAction\":[{\"@type\":\"ReadAction\",\"target\":[\"https:\/\/fieldhockey.ca\/fr\/la-conference-hockey-sur-gazon-canada-2020\/\"]}]},{\"@type\":\"BreadcrumbList\",\"@id\":\"https:\/\/fieldhockey.ca\/fr\/la-conference-hockey-sur-gazon-canada-2020\/#breadcrumb\",\"itemListElement\":[{\"@type\":\"ListItem\",\"position\":1,\"name\":\"Home\",\"item\":\"https:\/\/fieldhockey.ca\/fr\/\"},{\"@type\":\"ListItem\",\"position\":2,\"name\":\"La Conf\u00e9rence Hockey sur gazon Canada 2020\"}]},{\"@type\":\"WebSite\",\"@id\":\"https:\/\/fieldhockey.ca\/#website\",\"url\":\"https:\/\/fieldhockey.ca\/\",\"name\":\"Field Hockey Canada\",\"description\":\"Canada\u2019s governing body for field hockey\",\"potentialAction\":[{\"@type\":\"SearchAction\",\"target\":{\"@type\":\"EntryPoint\",\"urlTemplate\":\"https:\/\/fieldhockey.ca\/?s={search_term_string}\"},\"query-input\":{\"@type\":\"PropertyValueSpecification\",\"valueRequired\":true,\"valueName\":\"search_term_string\"}}],\"inLanguage\":\"fr-CA\"}]}<\/script>\n<!-- \/ Yoast SEO plugin. -->","yoast_head_json":{"title":"La Conf\u00e9rence Hockey sur gazon Canada 2020 - Field Hockey Canada","robots":{"index":"index","follow":"follow","max-snippet":"max-snippet:-1","max-image-preview":"max-image-preview:large","max-video-preview":"max-video-preview:-1"},"canonical":"https:\/\/fieldhockey.ca\/fr\/la-conference-hockey-sur-gazon-canada-2020\/","og_locale":"fr_CA","og_type":"article","og_title":"La Conf\u00e9rence Hockey sur gazon Canada 2020 - Field Hockey Canada","og_description":"La&nbsp;Conf\u00e9rence&nbsp;Hockey sur gazon Canada est une&nbsp;\u00e9v\u00e9nement&nbsp;en ligne d&rsquo;une dur\u00e9e de quatre jours qui aura lieu du\u202fmardi&nbsp;1er d\u00e9cembre 2020 au vendredi 4 d\u00e9cembre 2020. Ayant comme objectif d&rsquo;amener la communaut\u00e9&nbsp;du sport&nbsp;\u00e0&nbsp;s&rsquo;impliquer, de l&rsquo;int\u00e9resser et de l&rsquo;\u00e9duquer en ces moments sans pr\u00e9c\u00e9dent, cet&nbsp;\u00e9v\u00e9nement&nbsp;inaugural s&rsquo;articulera autour des aspects du sport qui concernent le d\u00e9veloppement, l&rsquo;administration et la haute [&hellip;]","og_url":"https:\/\/fieldhockey.ca\/fr\/la-conference-hockey-sur-gazon-canada-2020\/","og_site_name":"Field Hockey Canada","twitter_card":"summary_large_image","twitter_misc":{"Estimation du temps de lecture":"1 minute"},"schema":{"@context":"https:\/\/schema.org","@graph":[{"@type":"WebPage","@id":"https:\/\/fieldhockey.ca\/fr\/la-conference-hockey-sur-gazon-canada-2020\/","url":"https:\/\/fieldhockey.ca\/fr\/la-conference-hockey-sur-gazon-canada-2020\/","name":"La Conf\u00e9rence Hockey sur gazon Canada 2020 - Field Hockey Canada","isPartOf":{"@id":"https:\/\/fieldhockey.ca\/#website"},"datePublished":"2020-11-18T18:07:49+00:00","breadcrumb":{"@id":"https:\/\/fieldhockey.ca\/fr\/la-conference-hockey-sur-gazon-canada-2020\/#breadcrumb"},"inLanguage":"fr-CA","potentialAction":[{"@type":"ReadAction","target":["https:\/\/fieldhockey.ca\/fr\/la-conference-hockey-sur-gazon-canada-2020\/"]}]},{"@type":"BreadcrumbList","@id":"https:\/\/fieldhockey.ca\/fr\/la-conference-hockey-sur-gazon-canada-2020\/#breadcrumb","itemListElement":[{"@type":"ListItem","position":1,"name":"Home","item":"https:\/\/fieldhockey.ca\/fr\/"},{"@type":"ListItem","position":2,"name":"La Conf\u00e9rence Hockey sur gazon Canada 2020"}]},{"@type":"WebSite","@id":"https:\/\/fieldhockey.ca\/#website","url":"https:\/\/fieldhockey.ca\/","name":"Field Hockey Canada","description":"Canada\u2019s governing body for field hockey","potentialAction":[{"@type":"SearchAction","target":{"@type":"EntryPoint","urlTemplate":"https:\/\/fieldhockey.ca\/?s={search_term_string}"},"query-input":{"@type":"PropertyValueSpecification","valueRequired":true,"valueName":"search_term_string"}}],"inLanguage":"fr-CA"}]}},"_links":{"self":[{"href":"https:\/\/fieldhockey.ca\/fr\/wp-json\/wp\/v2\/pages\/33522","targetHints":{"allow":["GET"]}}],"collection":[{"href":"https:\/\/fieldhockey.ca\/fr\/wp-json\/wp\/v2\/pages"}],"about":[{"href":"https:\/\/fieldhockey.ca\/fr\/wp-json\/wp\/v2\/types\/page"}],"author":[{"embeddable":true,"href":"https:\/\/fieldhockey.ca\/fr\/wp-json\/wp\/v2\/users\/1"}],"replies":[{"embeddable":true,"href":"https:\/\/fieldhockey.ca\/fr\/wp-json\/wp\/v2\/comments?post=33522"}],"version-history":[{"count":3,"href":"https:\/\/fieldhockey.ca\/fr\/wp-json\/wp\/v2\/pages\/33522\/revisions"}],"predecessor-version":[{"id":33525,"href":"https:\/\/fieldhockey.ca\/fr\/wp-json\/wp\/v2\/pages\/33522\/revisions\/33525"}],"wp:attachment":[{"href":"https:\/\/fieldhockey.ca\/fr\/wp-json\/wp\/v2\/media?parent=33522"}],"curies":[{"name":"wp","href":"https:\/\/api.w.org\/{rel}","templated":true}]}}