{"id":33961,"date":"2021-02-01T13:24:53","date_gmt":"2021-02-01T21:24:53","guid":{"rendered":"http:\/\/www.fieldhockey.ca\/fr\/?page_id=33961"},"modified":"2021-02-01T14:18:45","modified_gmt":"2021-02-01T22:18:45","slug":"donner-a","status":"publish","type":"page","link":"https:\/\/fieldhockey.ca\/fr\/donner-a\/","title":{"rendered":"Faire un don \u00e0 l&rsquo;Hockey sur gazon Canada"},"content":{"rendered":"<p>Hockey sur gazon Canada (FHC)\u202fest l\u2019organisme de r\u00e9gie du sport au Canada. Nous sommes reponsable pour assurer le\u202fd\u00e9veloppement et la solidification de notre sport \u00e0 travers le pays, des communaut\u00e9s \u00e0 la haute performance. Nos athl\u00e8tes \u202frangs au niveaux juniors, aux niveaux des ma\u00eetres et participent de fa\u00e7on r\u00e9cr\u00e9ative ou en comp\u00e9tition. Ensemble, nos \u00e9quipes sont compos\u00e9es de 9 associations provinciales, 1,471 entra\u00eeneurs et entra\u00eeneuses, 383 arbitres, plus de 10,000 athl\u00e8tes, et innombrable volontaires, qui travaillent constamment pour cr\u00e9er une communaut\u00e9 d&rsquo;hockey d\u00e9vou\u00e9e \u00e0\u202fpoursuivre l&rsquo;excellence en sport.<\/p>\n<div>\n<p>Pour les larges offres de dons ($1,000 ou plus) s\u2019il vous plait contactez l\u2019Hockey sur gazon Canada directement. Susan Ahrens (PDG) &#8211;&nbsp;<u><a tabindex=\"-1\" title=\"mailto:sahrens@fieldhockey.ca\" href=\"mailto:sahrens@fieldhockey.ca\" target=\"_blank\" rel=\"noreferrer noopener\">sahrens@fieldhockey.ca<\/a><\/u><\/p>\n<\/div>\n<p>Faire un don aujoud&rsquo;hui pour soutenir les programmes et services que les membres de nos \u00e9quipes offrent de jour \u00e0 jour!<\/p>\n<p><script id=\"ch_cdn_embed\" src=\"https:\/\/www.canadahelps.org\/secure\/js\/cdf_embed.js\" type=\"text\/javascript\" charset=\"utf-8\" data-language=\"en\" data-page-id=\"58817\" data-root-url=\"https:\/\/www.canadahelps.org\" data-formtype=\"0\" data-cfasync=\"false\"><\/script><\/p>\n","protected":false},"excerpt":{"rendered":"<p>Hockey sur gazon Canada (FHC)\u202fest l\u2019organisme de r\u00e9gie du sport au Canada. Nous sommes reponsable pour assurer le\u202fd\u00e9veloppement et la solidification de notre sport \u00e0 travers le pays, des communaut\u00e9s \u00e0 la haute performance. Nos athl\u00e8tes \u202frangs au niveaux juniors, aux niveaux des ma\u00eetres et participent de fa\u00e7on r\u00e9cr\u00e9ative ou en comp\u00e9tition. Ensemble, nos \u00e9quipes [&hellip;]<\/p>\n","protected":false},"author":1,"featured_media":0,"parent":0,"menu_order":0,"comment_status":"closed","ping_status":"closed","template":"","meta":{"footnotes":""},"class_list":["post-33961","page","type-page","status-publish","hentry"],"yoast_head":"<!-- This site is optimized with the Yoast SEO plugin v26.8 - https:\/\/yoast.com\/product\/yoast-seo-wordpress\/ -->\n<title>Faire un don \u00e0 l&#039;Hockey sur gazon Canada - Field Hockey Canada<\/title>\n<meta name=\"robots\" content=\"index, follow, max-snippet:-1, max-image-preview:large, max-video-preview:-1\" \/>\n<link rel=\"canonical\" href=\"https:\/\/fieldhockey.ca\/fr\/donner-a\/\" \/>\n<meta property=\"og:locale\" content=\"fr_CA\" \/>\n<meta property=\"og:type\" content=\"article\" \/>\n<meta property=\"og:title\" content=\"Faire un don \u00e0 l&#039;Hockey sur gazon Canada - Field Hockey Canada\" \/>\n<meta property=\"og:description\" content=\"Hockey sur gazon Canada (FHC)\u202fest l\u2019organisme de r\u00e9gie du sport au Canada. Nous sommes reponsable pour assurer le\u202fd\u00e9veloppement et la solidification de notre sport \u00e0 travers le pays, des communaut\u00e9s \u00e0 la haute performance. Nos athl\u00e8tes \u202frangs au niveaux juniors, aux niveaux des ma\u00eetres et participent de fa\u00e7on r\u00e9cr\u00e9ative ou en comp\u00e9tition. Ensemble, nos \u00e9quipes [&hellip;]\" \/>\n<meta property=\"og:url\" content=\"https:\/\/fieldhockey.ca\/fr\/donner-a\/\" \/>\n<meta property=\"og:site_name\" content=\"Field Hockey Canada\" \/>\n<meta property=\"article:modified_time\" content=\"2021-02-01T22:18:45+00:00\" \/>\n<meta name=\"twitter:card\" content=\"summary_large_image\" \/>\n<meta name=\"twitter:label1\" content=\"Estimation du temps de lecture\" \/>\n\t<meta name=\"twitter:data1\" content=\"1 minute\" \/>\n<script type=\"application\/ld+json\" class=\"yoast-schema-graph\">{\"@context\":\"https:\/\/schema.org\",\"@graph\":[{\"@type\":\"WebPage\",\"@id\":\"https:\/\/fieldhockey.ca\/fr\/donner-a\/\",\"url\":\"https:\/\/fieldhockey.ca\/fr\/donner-a\/\",\"name\":\"Faire un don \u00e0 l'Hockey sur gazon Canada - Field Hockey Canada\",\"isPartOf\":{\"@id\":\"https:\/\/fieldhockey.ca\/#website\"},\"datePublished\":\"2021-02-01T21:24:53+00:00\",\"dateModified\":\"2021-02-01T22:18:45+00:00\",\"breadcrumb\":{\"@id\":\"https:\/\/fieldhockey.ca\/fr\/donner-a\/#breadcrumb\"},\"inLanguage\":\"fr-CA\",\"potentialAction\":[{\"@type\":\"ReadAction\",\"target\":[\"https:\/\/fieldhockey.ca\/fr\/donner-a\/\"]}]},{\"@type\":\"BreadcrumbList\",\"@id\":\"https:\/\/fieldhockey.ca\/fr\/donner-a\/#breadcrumb\",\"itemListElement\":[{\"@type\":\"ListItem\",\"position\":1,\"name\":\"Home\",\"item\":\"https:\/\/fieldhockey.ca\/fr\/\"},{\"@type\":\"ListItem\",\"position\":2,\"name\":\"Faire un don \u00e0 l&rsquo;Hockey sur gazon Canada\"}]},{\"@type\":\"WebSite\",\"@id\":\"https:\/\/fieldhockey.ca\/#website\",\"url\":\"https:\/\/fieldhockey.ca\/\",\"name\":\"Field Hockey Canada\",\"description\":\"Canada\u2019s governing body for field hockey\",\"potentialAction\":[{\"@type\":\"SearchAction\",\"target\":{\"@type\":\"EntryPoint\",\"urlTemplate\":\"https:\/\/fieldhockey.ca\/?s={search_term_string}\"},\"query-input\":{\"@type\":\"PropertyValueSpecification\",\"valueRequired\":true,\"valueName\":\"search_term_string\"}}],\"inLanguage\":\"fr-CA\"}]}<\/script>\n<!-- \/ Yoast SEO plugin. -->","yoast_head_json":{"title":"Faire un don \u00e0 l'Hockey sur gazon Canada - Field Hockey Canada","robots":{"index":"index","follow":"follow","max-snippet":"max-snippet:-1","max-image-preview":"max-image-preview:large","max-video-preview":"max-video-preview:-1"},"canonical":"https:\/\/fieldhockey.ca\/fr\/donner-a\/","og_locale":"fr_CA","og_type":"article","og_title":"Faire un don \u00e0 l'Hockey sur gazon Canada - Field Hockey Canada","og_description":"Hockey sur gazon Canada (FHC)\u202fest l\u2019organisme de r\u00e9gie du sport au Canada. Nous sommes reponsable pour assurer le\u202fd\u00e9veloppement et la solidification de notre sport \u00e0 travers le pays, des communaut\u00e9s \u00e0 la haute performance. Nos athl\u00e8tes \u202frangs au niveaux juniors, aux niveaux des ma\u00eetres et participent de fa\u00e7on r\u00e9cr\u00e9ative ou en comp\u00e9tition. Ensemble, nos \u00e9quipes [&hellip;]","og_url":"https:\/\/fieldhockey.ca\/fr\/donner-a\/","og_site_name":"Field Hockey Canada","article_modified_time":"2021-02-01T22:18:45+00:00","twitter_card":"summary_large_image","twitter_misc":{"Estimation du temps de lecture":"1 minute"},"schema":{"@context":"https:\/\/schema.org","@graph":[{"@type":"WebPage","@id":"https:\/\/fieldhockey.ca\/fr\/donner-a\/","url":"https:\/\/fieldhockey.ca\/fr\/donner-a\/","name":"Faire un don \u00e0 l'Hockey sur gazon Canada - Field Hockey Canada","isPartOf":{"@id":"https:\/\/fieldhockey.ca\/#website"},"datePublished":"2021-02-01T21:24:53+00:00","dateModified":"2021-02-01T22:18:45+00:00","breadcrumb":{"@id":"https:\/\/fieldhockey.ca\/fr\/donner-a\/#breadcrumb"},"inLanguage":"fr-CA","potentialAction":[{"@type":"ReadAction","target":["https:\/\/fieldhockey.ca\/fr\/donner-a\/"]}]},{"@type":"BreadcrumbList","@id":"https:\/\/fieldhockey.ca\/fr\/donner-a\/#breadcrumb","itemListElement":[{"@type":"ListItem","position":1,"name":"Home","item":"https:\/\/fieldhockey.ca\/fr\/"},{"@type":"ListItem","position":2,"name":"Faire un don \u00e0 l&rsquo;Hockey sur gazon Canada"}]},{"@type":"WebSite","@id":"https:\/\/fieldhockey.ca\/#website","url":"https:\/\/fieldhockey.ca\/","name":"Field Hockey Canada","description":"Canada\u2019s governing body for field hockey","potentialAction":[{"@type":"SearchAction","target":{"@type":"EntryPoint","urlTemplate":"https:\/\/fieldhockey.ca\/?s={search_term_string}"},"query-input":{"@type":"PropertyValueSpecification","valueRequired":true,"valueName":"search_term_string"}}],"inLanguage":"fr-CA"}]}},"_links":{"self":[{"href":"https:\/\/fieldhockey.ca\/fr\/wp-json\/wp\/v2\/pages\/33961","targetHints":{"allow":["GET"]}}],"collection":[{"href":"https:\/\/fieldhockey.ca\/fr\/wp-json\/wp\/v2\/pages"}],"about":[{"href":"https:\/\/fieldhockey.ca\/fr\/wp-json\/wp\/v2\/types\/page"}],"author":[{"embeddable":true,"href":"https:\/\/fieldhockey.ca\/fr\/wp-json\/wp\/v2\/users\/1"}],"replies":[{"embeddable":true,"href":"https:\/\/fieldhockey.ca\/fr\/wp-json\/wp\/v2\/comments?post=33961"}],"version-history":[{"count":3,"href":"https:\/\/fieldhockey.ca\/fr\/wp-json\/wp\/v2\/pages\/33961\/revisions"}],"predecessor-version":[{"id":33985,"href":"https:\/\/fieldhockey.ca\/fr\/wp-json\/wp\/v2\/pages\/33961\/revisions\/33985"}],"wp:attachment":[{"href":"https:\/\/fieldhockey.ca\/fr\/wp-json\/wp\/v2\/media?parent=33961"}],"curies":[{"name":"wp","href":"https:\/\/api.w.org\/{rel}","templated":true}]}}