{"id":43186,"date":"2023-03-27T14:03:27","date_gmt":"2023-03-27T21:03:27","guid":{"rendered":"https:\/\/fieldhockey.ca\/?page_id=43186"},"modified":"2024-12-09T15:49:20","modified_gmt":"2024-12-09T23:49:20","slug":"sport-securitaire","status":"publish","type":"page","link":"https:\/\/fieldhockey.ca\/fr\/sport-securitaire\/","title":{"rendered":"SPORT S\u00c9CURITAIRE"},"content":{"rendered":"<p><strong>D\u00c9CLARATION OP\u00c9RATIONNELLE SUR LE SPORT S\u00c9CURITAIRE<\/strong><\/p>\n<p>Le programme de sport s\u00e9curitaire de Field Hockey Canada se concentrera sur quatre domaines cl\u00e9s : l&rsquo;\u00e9ducation, la pr\u00e9vention, la politique et la r\u00e9ponse, tous soutenus par une gouvernance solide, des politiques et des proc\u00e9dures. L&rsquo;objectif est de garantir que tous les membres et participants de Field Hockey Canada, \u00e0 tous les niveaux, disposent des ressources n\u00e9cessaires pour offrir et acc\u00e9der \u00e0 un environnement amusant, sain, inclusif et s\u00fbr.<\/p>\n<p><strong>Fournir un environnement de sport s\u00e9curitaire<\/strong><\/p>\n<p>Field Hockey Canada a fait sa promesse au SDRCC au d\u00e9but de 2023. En construisant nos ressources de sport s\u00e9curitaire, notre structure de signalement et les politiques pour les gouverner au cours des 18 derniers mois, FHC a d\u00e9j\u00e0 adopt\u00e9 et continue d&rsquo;assurer l&rsquo;adh\u00e9sion au Code de conduite universel pour pr\u00e9venir et traiter les mauvais traitements dans le sport (UCCMS). Field Hockey Canada est signataire du programme de l&rsquo;Office du commissaire \u00e0 l&rsquo;int\u00e9grit\u00e9 dans le sport (OSIC) et s&rsquo;engage \u00e0 un sport sans abus.<\/p>\n<p><strong>Field Hockey Canada rejoint le sport sans abus<\/strong><\/p>\n<p><strong>T\u00e9l\u00e9chargement de document : UCCMS<\/strong><\/p>\n<p>L&rsquo;OSIC est responsable de l&rsquo;administration du Code de conduite universel pour pr\u00e9venir et traiter les mauvais traitements dans le sport (UCCMS) en ce qui concerne les signataires du programme, y compris Field Hockey Canada. Les liens et ressources OSIC suivants peuvent \u00eatre utiles pour r\u00e9pondre \u00e0 votre demande :<\/p>\n<ul>\n<li><a href=\"https:\/\/osic-bcis.i-sight.com\/portal\">Comment signaler un incident \u00e0 l&rsquo;OSIC<\/a><\/li>\n<li><a href=\"https:\/\/fieldhockey.ca\/wp-content\/uploads\/2023\/02\/UCCMS-Feb2023-AppendixA.pdf\">Code de conduite universel pour pr\u00e9venir et traiter les mauvais traitements dans le sport<\/a><\/li>\n<li><a href=\"https:\/\/sportintegritycommissioner.ca\/sport-environment-assessment\">Directives de l&rsquo;OSIC concernant l&rsquo;examen initial et l&rsquo;\u00e9valuation pr\u00e9liminaire des plaintes<\/a><\/li>\n<li><a href=\"https:\/\/sportintegritycommissioner.ca\/jurisdiction\">Directives de l&rsquo;OSIC concernant les \u00e9valuations de l&rsquo;environnement sportif<\/a><\/li>\n<li><a href=\"https:\/\/sportintegritycommissioner.ca\/jurisdiction\">Aper\u00e7u de l&rsquo;autorit\u00e9 et de la juridiction de l&rsquo;OSIC<\/a><\/li>\n<li><a href=\"https:\/\/sportintegritycommissioner.ca\/faq\">Questions fr\u00e9quemment pos\u00e9es<\/a><\/li>\n<\/ul>\n<p>Si vous souhaitez parler \u00e0 quelqu&rsquo;un de votre exp\u00e9rience et\/ou des ressources qui pourraient \u00eatre disponibles pour vous, les op\u00e9rateurs de la ligne d&rsquo;assistance sportive canadienne ont une expertise en conseil, psychologie et sport. Ils sont disponibles pour \u00e9couter vos pr\u00e9occupations, vous aider \u00e0 comprendre vos options et vous connecter avec des ressources en fonction de vos besoins.<\/p>\n<p>Vous pouvez acc\u00e9der \u00e0 la ligne d&rsquo;assistance par courriel \u00e0\u00a0<a class=\"fui-Link ___140mk30 f2hkw1w f3rmtva f1ewtqcl fyind8e f1k6fduh f1w7gpdv fk6fouc fjoy568 flh3ekv f1s184ao f1mk8lai fnbmjn9 f1o700av f13mvf36 f1cmlufx f9n3di6 f1ids18y f1tx3yz7 f1deo86v f1eh06m1 f1iescvh fhgqx19 f1olyrje f1p93eir f1nev41a\" tabindex=\"0\" href=\"mailto:info@abuse-free-sport.ca\" target=\"_blank\" rel=\"noopener\">info@abuse-free-sport.ca<\/a>, ou par t\u00e9l\u00e9phone ou message texte au 1-888-837-7678.<\/p>\n<p><strong>Signalement<\/strong><\/p>\n<p><a href=\"https:\/\/osic-bcis.i-sight.com\/portal\">Abuse-Free Sport<\/a> est un programme ind\u00e9pendant qui fait partie d&rsquo;un mouvement national croissant visant \u00e0 d\u00e9barrasser le sport canadien de toutes formes de harc\u00e8lement, de discrimination et d&rsquo;abus. En tant que signataire du programme, Field Hockey Canada est un acteur actif de ce mouvement. Contrairement \u00e0 l&rsquo;approche pr\u00e9c\u00e9dente, o\u00f9 chaque organisation sportive nationale cr\u00e9ait son propre syst\u00e8me pour traiter les plaintes de mauvais traitements, il s&rsquo;agit d&rsquo;un \u00ab guichet unique \u00bb centralis\u00e9. Il est ind\u00e9pendant et dirig\u00e9 par des experts dans leurs domaines, utilisant l&rsquo;\u00e9ducation et la recherche pour pr\u00e9venir les mauvais traitements \u00e0 tous les niveaux du sport.<\/p>\n","protected":false},"excerpt":{"rendered":"<p>D\u00c9CLARATION OP\u00c9RATIONNELLE SUR LE SPORT S\u00c9CURITAIRE Le programme de sport s\u00e9curitaire de Field Hockey Canada se concentrera sur quatre domaines cl\u00e9s : l&rsquo;\u00e9ducation, la pr\u00e9vention, la politique et la r\u00e9ponse, tous soutenus par une gouvernance solide, des politiques et des proc\u00e9dures. L&rsquo;objectif est de garantir que tous les membres et participants de Field Hockey Canada, [&hellip;]<\/p>\n","protected":false},"author":1,"featured_media":42874,"parent":0,"menu_order":0,"comment_status":"closed","ping_status":"closed","template":"","meta":{"footnotes":""},"class_list":["post-43186","page","type-page","status-publish","has-post-thumbnail","hentry"],"yoast_head":"<!-- This site is optimized with the Yoast SEO plugin v26.8 - https:\/\/yoast.com\/product\/yoast-seo-wordpress\/ -->\n<title>SPORT S\u00c9CURITAIRE - Field Hockey Canada<\/title>\n<meta name=\"robots\" content=\"index, follow, max-snippet:-1, max-image-preview:large, max-video-preview:-1\" \/>\n<link rel=\"canonical\" href=\"https:\/\/fieldhockey.ca\/fr\/sport-securitaire\/\" \/>\n<meta property=\"og:locale\" content=\"fr_CA\" \/>\n<meta property=\"og:type\" content=\"article\" \/>\n<meta property=\"og:title\" content=\"SPORT S\u00c9CURITAIRE - Field Hockey Canada\" \/>\n<meta property=\"og:description\" content=\"D\u00c9CLARATION OP\u00c9RATIONNELLE SUR LE SPORT S\u00c9CURITAIRE Le programme de sport s\u00e9curitaire de Field Hockey Canada se concentrera sur quatre domaines cl\u00e9s : l&rsquo;\u00e9ducation, la pr\u00e9vention, la politique et la r\u00e9ponse, tous soutenus par une gouvernance solide, des politiques et des proc\u00e9dures. L&rsquo;objectif est de garantir que tous les membres et participants de Field Hockey Canada, [&hellip;]\" \/>\n<meta property=\"og:url\" content=\"https:\/\/fieldhockey.ca\/fr\/sport-securitaire\/\" \/>\n<meta property=\"og:site_name\" content=\"Field Hockey Canada\" \/>\n<meta property=\"article:modified_time\" content=\"2024-12-09T23:49:20+00:00\" \/>\n<meta property=\"og:image\" content=\"https:\/\/fieldhockey.ca\/wp-content\/uploads\/2023\/03\/Abuse-Free-Sport-White.png\" \/>\n\t<meta property=\"og:image:width\" content=\"1600\" \/>\n\t<meta property=\"og:image:height\" content=\"900\" \/>\n\t<meta property=\"og:image:type\" content=\"image\/png\" \/>\n<meta name=\"twitter:card\" content=\"summary_large_image\" \/>\n<meta name=\"twitter:label1\" content=\"Estimation du temps de lecture\" \/>\n\t<meta name=\"twitter:data1\" content=\"3 minutes\" \/>\n<script type=\"application\/ld+json\" class=\"yoast-schema-graph\">{\"@context\":\"https:\/\/schema.org\",\"@graph\":[{\"@type\":\"WebPage\",\"@id\":\"https:\/\/fieldhockey.ca\/fr\/sport-securitaire\/\",\"url\":\"https:\/\/fieldhockey.ca\/fr\/sport-securitaire\/\",\"name\":\"SPORT S\u00c9CURITAIRE - Field Hockey Canada\",\"isPartOf\":{\"@id\":\"https:\/\/fieldhockey.ca\/#website\"},\"primaryImageOfPage\":{\"@id\":\"https:\/\/fieldhockey.ca\/fr\/sport-securitaire\/#primaryimage\"},\"image\":{\"@id\":\"https:\/\/fieldhockey.ca\/fr\/sport-securitaire\/#primaryimage\"},\"thumbnailUrl\":\"https:\/\/fieldhockey.ca\/wp-content\/uploads\/2023\/03\/Abuse-Free-Sport-White.png\",\"datePublished\":\"2023-03-27T21:03:27+00:00\",\"dateModified\":\"2024-12-09T23:49:20+00:00\",\"breadcrumb\":{\"@id\":\"https:\/\/fieldhockey.ca\/fr\/sport-securitaire\/#breadcrumb\"},\"inLanguage\":\"fr-CA\",\"potentialAction\":[{\"@type\":\"ReadAction\",\"target\":[\"https:\/\/fieldhockey.ca\/fr\/sport-securitaire\/\"]}]},{\"@type\":\"ImageObject\",\"inLanguage\":\"fr-CA\",\"@id\":\"https:\/\/fieldhockey.ca\/fr\/sport-securitaire\/#primaryimage\",\"url\":\"https:\/\/fieldhockey.ca\/wp-content\/uploads\/2023\/03\/Abuse-Free-Sport-White.png\",\"contentUrl\":\"https:\/\/fieldhockey.ca\/wp-content\/uploads\/2023\/03\/Abuse-Free-Sport-White.png\",\"width\":1600,\"height\":900},{\"@type\":\"BreadcrumbList\",\"@id\":\"https:\/\/fieldhockey.ca\/fr\/sport-securitaire\/#breadcrumb\",\"itemListElement\":[{\"@type\":\"ListItem\",\"position\":1,\"name\":\"Home\",\"item\":\"https:\/\/fieldhockey.ca\/fr\/\"},{\"@type\":\"ListItem\",\"position\":2,\"name\":\"SPORT S\u00c9CURITAIRE\"}]},{\"@type\":\"WebSite\",\"@id\":\"https:\/\/fieldhockey.ca\/#website\",\"url\":\"https:\/\/fieldhockey.ca\/\",\"name\":\"Field Hockey Canada\",\"description\":\"Canada\u2019s governing body for field hockey\",\"potentialAction\":[{\"@type\":\"SearchAction\",\"target\":{\"@type\":\"EntryPoint\",\"urlTemplate\":\"https:\/\/fieldhockey.ca\/?s={search_term_string}\"},\"query-input\":{\"@type\":\"PropertyValueSpecification\",\"valueRequired\":true,\"valueName\":\"search_term_string\"}}],\"inLanguage\":\"fr-CA\"}]}<\/script>\n<!-- \/ Yoast SEO plugin. -->","yoast_head_json":{"title":"SPORT S\u00c9CURITAIRE - Field Hockey Canada","robots":{"index":"index","follow":"follow","max-snippet":"max-snippet:-1","max-image-preview":"max-image-preview:large","max-video-preview":"max-video-preview:-1"},"canonical":"https:\/\/fieldhockey.ca\/fr\/sport-securitaire\/","og_locale":"fr_CA","og_type":"article","og_title":"SPORT S\u00c9CURITAIRE - Field Hockey Canada","og_description":"D\u00c9CLARATION OP\u00c9RATIONNELLE SUR LE SPORT S\u00c9CURITAIRE Le programme de sport s\u00e9curitaire de Field Hockey Canada se concentrera sur quatre domaines cl\u00e9s : l&rsquo;\u00e9ducation, la pr\u00e9vention, la politique et la r\u00e9ponse, tous soutenus par une gouvernance solide, des politiques et des proc\u00e9dures. L&rsquo;objectif est de garantir que tous les membres et participants de Field Hockey Canada, [&hellip;]","og_url":"https:\/\/fieldhockey.ca\/fr\/sport-securitaire\/","og_site_name":"Field Hockey Canada","article_modified_time":"2024-12-09T23:49:20+00:00","og_image":[{"width":1600,"height":900,"url":"https:\/\/fieldhockey.ca\/wp-content\/uploads\/2023\/03\/Abuse-Free-Sport-White.png","type":"image\/png"}],"twitter_card":"summary_large_image","twitter_misc":{"Estimation du temps de lecture":"3 minutes"},"schema":{"@context":"https:\/\/schema.org","@graph":[{"@type":"WebPage","@id":"https:\/\/fieldhockey.ca\/fr\/sport-securitaire\/","url":"https:\/\/fieldhockey.ca\/fr\/sport-securitaire\/","name":"SPORT S\u00c9CURITAIRE - Field Hockey Canada","isPartOf":{"@id":"https:\/\/fieldhockey.ca\/#website"},"primaryImageOfPage":{"@id":"https:\/\/fieldhockey.ca\/fr\/sport-securitaire\/#primaryimage"},"image":{"@id":"https:\/\/fieldhockey.ca\/fr\/sport-securitaire\/#primaryimage"},"thumbnailUrl":"https:\/\/fieldhockey.ca\/wp-content\/uploads\/2023\/03\/Abuse-Free-Sport-White.png","datePublished":"2023-03-27T21:03:27+00:00","dateModified":"2024-12-09T23:49:20+00:00","breadcrumb":{"@id":"https:\/\/fieldhockey.ca\/fr\/sport-securitaire\/#breadcrumb"},"inLanguage":"fr-CA","potentialAction":[{"@type":"ReadAction","target":["https:\/\/fieldhockey.ca\/fr\/sport-securitaire\/"]}]},{"@type":"ImageObject","inLanguage":"fr-CA","@id":"https:\/\/fieldhockey.ca\/fr\/sport-securitaire\/#primaryimage","url":"https:\/\/fieldhockey.ca\/wp-content\/uploads\/2023\/03\/Abuse-Free-Sport-White.png","contentUrl":"https:\/\/fieldhockey.ca\/wp-content\/uploads\/2023\/03\/Abuse-Free-Sport-White.png","width":1600,"height":900},{"@type":"BreadcrumbList","@id":"https:\/\/fieldhockey.ca\/fr\/sport-securitaire\/#breadcrumb","itemListElement":[{"@type":"ListItem","position":1,"name":"Home","item":"https:\/\/fieldhockey.ca\/fr\/"},{"@type":"ListItem","position":2,"name":"SPORT S\u00c9CURITAIRE"}]},{"@type":"WebSite","@id":"https:\/\/fieldhockey.ca\/#website","url":"https:\/\/fieldhockey.ca\/","name":"Field Hockey Canada","description":"Canada\u2019s governing body for field hockey","potentialAction":[{"@type":"SearchAction","target":{"@type":"EntryPoint","urlTemplate":"https:\/\/fieldhockey.ca\/?s={search_term_string}"},"query-input":{"@type":"PropertyValueSpecification","valueRequired":true,"valueName":"search_term_string"}}],"inLanguage":"fr-CA"}]}},"_links":{"self":[{"href":"https:\/\/fieldhockey.ca\/fr\/wp-json\/wp\/v2\/pages\/43186","targetHints":{"allow":["GET"]}}],"collection":[{"href":"https:\/\/fieldhockey.ca\/fr\/wp-json\/wp\/v2\/pages"}],"about":[{"href":"https:\/\/fieldhockey.ca\/fr\/wp-json\/wp\/v2\/types\/page"}],"author":[{"embeddable":true,"href":"https:\/\/fieldhockey.ca\/fr\/wp-json\/wp\/v2\/users\/1"}],"replies":[{"embeddable":true,"href":"https:\/\/fieldhockey.ca\/fr\/wp-json\/wp\/v2\/comments?post=43186"}],"version-history":[{"count":7,"href":"https:\/\/fieldhockey.ca\/fr\/wp-json\/wp\/v2\/pages\/43186\/revisions"}],"predecessor-version":[{"id":50054,"href":"https:\/\/fieldhockey.ca\/fr\/wp-json\/wp\/v2\/pages\/43186\/revisions\/50054"}],"wp:featuredmedia":[{"embeddable":true,"href":"https:\/\/fieldhockey.ca\/fr\/wp-json\/wp\/v2\/media\/42874"}],"wp:attachment":[{"href":"https:\/\/fieldhockey.ca\/fr\/wp-json\/wp\/v2\/media?parent=43186"}],"curies":[{"name":"wp","href":"https:\/\/api.w.org\/{rel}","templated":true}]}}