{"id":46257,"date":"2024-01-24T12:50:30","date_gmt":"2024-01-24T20:50:30","guid":{"rendered":"https:\/\/fieldhockey.ca\/?page_id=46257"},"modified":"2024-01-24T12:50:30","modified_gmt":"2024-01-24T20:50:30","slug":"indoor-pan-american-cup","status":"publish","type":"page","link":"https:\/\/fieldhockey.ca\/fr\/indoor-pan-american-cup\/","title":{"rendered":"Indoor Pan American Cup"},"content":{"rendered":"<p>La Coupe panam\u00e9ricaine en salle de 2024 aura lieu \u00e0 Calgary, en Alberta, du 17 au 22 mars 2024. La derni\u00e8re fois que le Canada a accueilli les Championnats panam\u00e9ricains en salle, c&rsquo;\u00e9tait en 2005 \u00e0 Waterloo, en Ontario. Depuis, l&rsquo;\u00e9v\u00e9nement a eu lieu en Argentine, au Venezuela, en Uruguay, en Guyane et, en 2021, en Pennsylvanie, aux \u00c9tats-Unis.<\/p>\n<p><strong>D\u00e9tails du tournoi :<\/strong><br \/>\nDATE : du 19 au 22 mars 2024<br \/>\nLIEU : Calgary, AB<br \/>\nLIEU : Seven Chiefs Sportsplex<\/p>\n\n<table id=\"tablepress-241\" class=\"tablepress tablepress-id-241\">\n<tbody class=\"row-striping row-hover\">\n<tr class=\"row-1\">\n\t<td class=\"column-1\"><a href=\"https:\/\/fieldhockey.ca\/event\/2024-womens-indoor-pan-american-cup\/\">Team Canada Indoor Women<\/a><\/td><td class=\"column-2\"><a href=\"https:\/\/fieldhockey.ca\/event\/2024-mens-indoor-pan-american-cup\/\">Team Canada Indoor Men<\/a><\/td>\n<\/tr>\n<tr class=\"row-2\">\n\t<td class=\"column-1\"><a href=\"https:\/\/fieldhockey.ca\/2024-indoor-pan-american-cup-womens-scores-and-results\/\">Women's Scores &amp; Results<\/a><\/td><td class=\"column-2\"><a href=\"https:\/\/fieldhockey.ca\/2024-indoor-pan-american-cup-mens-scores-and-results\/\">Men's Scores &amp; Results<\/a><\/td>\n<\/tr>\n<tr class=\"row-3\">\n\t<td class=\"column-1\"><a href=\"https:\/\/matchvue.com\/2024-indoor-pan-american-cup-march\/\">Live Stream<\/a><\/td><td class=\"column-2\"><a href=\"https:\/\/www.fih.hockey\/events\/indoor-pan-am-cup-2024\">PAHF Event Page<\/a><\/td>\n<\/tr>\n<tr class=\"row-4\">\n\t<td class=\"column-1\"><a href=\"https:\/\/fieldhockey.ca\/wp-content\/uploads\/2024\/03\/TournamentProgram-IPAC2024.pdf\">Tournament Program<\/a><\/td><td class=\"column-2\"><a href=\"https:\/\/www.facebook.com\/FHCanada\/photos_albums\">Photo Galleries<\/a><\/td>\n<\/tr>\n<tr class=\"row-5\">\n\t<td class=\"column-1\"><\/td><td class=\"column-2\"><\/td>\n<\/tr>\n<\/tbody>\n<\/table>\n<!-- #tablepress-241 from cache -->\n<p>Rejoignez notre \u00e9quipe ! Avec plus de 100 opportunit\u00e9s de b\u00e9n\u00e9volat, il y en a pour tous les go\u00fbts ! Les cat\u00e9gories comprennent : Montage\/D\u00e9montage, patrouille de balle, \u00e9quipe de restauration, parrainage, ambassadeurs d&rsquo;\u00e9quipe, stands\/tables, billetterie\/s\u00e9curit\u00e9 et bien d&rsquo;autres encore. Parcourez les cr\u00e9neaux disponibles ci-dessous et sur les pages suivantes, puis cliquez sur le bouton pour vous joindre au plaisir !<\/p>\n","protected":false},"excerpt":{"rendered":"<p>La Coupe panam\u00e9ricaine en salle de 2024 aura lieu \u00e0 Calgary, en Alberta, du 17 au 22 mars 2024. La derni\u00e8re fois que le Canada a accueilli les Championnats panam\u00e9ricains en salle, c&rsquo;\u00e9tait en 2005 \u00e0 Waterloo, en Ontario. Depuis, l&rsquo;\u00e9v\u00e9nement a eu lieu en Argentine, au Venezuela, en Uruguay, en Guyane et, en 2021, [&hellip;]<\/p>\n","protected":false},"author":1,"featured_media":46255,"parent":0,"menu_order":0,"comment_status":"closed","ping_status":"closed","template":"","meta":{"footnotes":""},"class_list":["post-46257","page","type-page","status-publish","has-post-thumbnail","hentry"],"yoast_head":"<!-- This site is optimized with the Yoast SEO plugin v26.8 - https:\/\/yoast.com\/product\/yoast-seo-wordpress\/ -->\n<title>Indoor Pan American Cup - Field Hockey Canada<\/title>\n<meta name=\"robots\" content=\"index, follow, max-snippet:-1, max-image-preview:large, max-video-preview:-1\" \/>\n<link rel=\"canonical\" href=\"https:\/\/fieldhockey.ca\/fr\/indoor-pan-american-cup\/\" \/>\n<meta property=\"og:locale\" content=\"fr_CA\" \/>\n<meta property=\"og:type\" content=\"article\" \/>\n<meta property=\"og:title\" content=\"Indoor Pan American Cup - Field Hockey Canada\" \/>\n<meta property=\"og:description\" content=\"La Coupe panam\u00e9ricaine en salle de 2024 aura lieu \u00e0 Calgary, en Alberta, du 17 au 22 mars 2024. La derni\u00e8re fois que le Canada a accueilli les Championnats panam\u00e9ricains en salle, c&rsquo;\u00e9tait en 2005 \u00e0 Waterloo, en Ontario. Depuis, l&rsquo;\u00e9v\u00e9nement a eu lieu en Argentine, au Venezuela, en Uruguay, en Guyane et, en 2021, [&hellip;]\" \/>\n<meta property=\"og:url\" content=\"https:\/\/fieldhockey.ca\/fr\/indoor-pan-american-cup\/\" \/>\n<meta property=\"og:site_name\" content=\"Field Hockey Canada\" \/>\n<meta property=\"og:image\" content=\"https:\/\/fieldhockey.ca\/wp-content\/uploads\/2024\/01\/IndoorHeaderImage-1024x517.png\" \/>\n\t<meta property=\"og:image:width\" content=\"1024\" \/>\n\t<meta property=\"og:image:height\" content=\"517\" \/>\n\t<meta property=\"og:image:type\" content=\"image\/png\" \/>\n<meta name=\"twitter:card\" content=\"summary_large_image\" \/>\n<meta name=\"twitter:label1\" content=\"Estimation du temps de lecture\" \/>\n\t<meta name=\"twitter:data1\" content=\"1 minute\" \/>\n<script type=\"application\/ld+json\" class=\"yoast-schema-graph\">{\"@context\":\"https:\/\/schema.org\",\"@graph\":[{\"@type\":\"WebPage\",\"@id\":\"https:\/\/fieldhockey.ca\/fr\/indoor-pan-american-cup\/\",\"url\":\"https:\/\/fieldhockey.ca\/fr\/indoor-pan-american-cup\/\",\"name\":\"Indoor Pan American Cup - Field Hockey Canada\",\"isPartOf\":{\"@id\":\"https:\/\/fieldhockey.ca\/#website\"},\"primaryImageOfPage\":{\"@id\":\"https:\/\/fieldhockey.ca\/fr\/indoor-pan-american-cup\/#primaryimage\"},\"image\":{\"@id\":\"https:\/\/fieldhockey.ca\/fr\/indoor-pan-american-cup\/#primaryimage\"},\"thumbnailUrl\":\"https:\/\/fieldhockey.ca\/wp-content\/uploads\/2024\/01\/IndoorHeaderImage.png\",\"datePublished\":\"2024-01-24T20:50:30+00:00\",\"breadcrumb\":{\"@id\":\"https:\/\/fieldhockey.ca\/fr\/indoor-pan-american-cup\/#breadcrumb\"},\"inLanguage\":\"fr-CA\",\"potentialAction\":[{\"@type\":\"ReadAction\",\"target\":[\"https:\/\/fieldhockey.ca\/fr\/indoor-pan-american-cup\/\"]}]},{\"@type\":\"ImageObject\",\"inLanguage\":\"fr-CA\",\"@id\":\"https:\/\/fieldhockey.ca\/fr\/indoor-pan-american-cup\/#primaryimage\",\"url\":\"https:\/\/fieldhockey.ca\/wp-content\/uploads\/2024\/01\/IndoorHeaderImage.png\",\"contentUrl\":\"https:\/\/fieldhockey.ca\/wp-content\/uploads\/2024\/01\/IndoorHeaderImage.png\",\"width\":1678,\"height\":848},{\"@type\":\"BreadcrumbList\",\"@id\":\"https:\/\/fieldhockey.ca\/fr\/indoor-pan-american-cup\/#breadcrumb\",\"itemListElement\":[{\"@type\":\"ListItem\",\"position\":1,\"name\":\"Home\",\"item\":\"https:\/\/fieldhockey.ca\/fr\/\"},{\"@type\":\"ListItem\",\"position\":2,\"name\":\"Indoor Pan American Cup\"}]},{\"@type\":\"WebSite\",\"@id\":\"https:\/\/fieldhockey.ca\/#website\",\"url\":\"https:\/\/fieldhockey.ca\/\",\"name\":\"Field Hockey Canada\",\"description\":\"Canada\u2019s governing body for field hockey\",\"potentialAction\":[{\"@type\":\"SearchAction\",\"target\":{\"@type\":\"EntryPoint\",\"urlTemplate\":\"https:\/\/fieldhockey.ca\/?s={search_term_string}\"},\"query-input\":{\"@type\":\"PropertyValueSpecification\",\"valueRequired\":true,\"valueName\":\"search_term_string\"}}],\"inLanguage\":\"fr-CA\"}]}<\/script>\n<!-- \/ Yoast SEO plugin. -->","yoast_head_json":{"title":"Indoor Pan American Cup - Field Hockey Canada","robots":{"index":"index","follow":"follow","max-snippet":"max-snippet:-1","max-image-preview":"max-image-preview:large","max-video-preview":"max-video-preview:-1"},"canonical":"https:\/\/fieldhockey.ca\/fr\/indoor-pan-american-cup\/","og_locale":"fr_CA","og_type":"article","og_title":"Indoor Pan American Cup - Field Hockey Canada","og_description":"La Coupe panam\u00e9ricaine en salle de 2024 aura lieu \u00e0 Calgary, en Alberta, du 17 au 22 mars 2024. La derni\u00e8re fois que le Canada a accueilli les Championnats panam\u00e9ricains en salle, c&rsquo;\u00e9tait en 2005 \u00e0 Waterloo, en Ontario. Depuis, l&rsquo;\u00e9v\u00e9nement a eu lieu en Argentine, au Venezuela, en Uruguay, en Guyane et, en 2021, [&hellip;]","og_url":"https:\/\/fieldhockey.ca\/fr\/indoor-pan-american-cup\/","og_site_name":"Field Hockey Canada","og_image":[{"width":1024,"height":517,"url":"https:\/\/fieldhockey.ca\/wp-content\/uploads\/2024\/01\/IndoorHeaderImage-1024x517.png","type":"image\/png"}],"twitter_card":"summary_large_image","twitter_misc":{"Estimation du temps de lecture":"1 minute"},"schema":{"@context":"https:\/\/schema.org","@graph":[{"@type":"WebPage","@id":"https:\/\/fieldhockey.ca\/fr\/indoor-pan-american-cup\/","url":"https:\/\/fieldhockey.ca\/fr\/indoor-pan-american-cup\/","name":"Indoor Pan American Cup - Field Hockey Canada","isPartOf":{"@id":"https:\/\/fieldhockey.ca\/#website"},"primaryImageOfPage":{"@id":"https:\/\/fieldhockey.ca\/fr\/indoor-pan-american-cup\/#primaryimage"},"image":{"@id":"https:\/\/fieldhockey.ca\/fr\/indoor-pan-american-cup\/#primaryimage"},"thumbnailUrl":"https:\/\/fieldhockey.ca\/wp-content\/uploads\/2024\/01\/IndoorHeaderImage.png","datePublished":"2024-01-24T20:50:30+00:00","breadcrumb":{"@id":"https:\/\/fieldhockey.ca\/fr\/indoor-pan-american-cup\/#breadcrumb"},"inLanguage":"fr-CA","potentialAction":[{"@type":"ReadAction","target":["https:\/\/fieldhockey.ca\/fr\/indoor-pan-american-cup\/"]}]},{"@type":"ImageObject","inLanguage":"fr-CA","@id":"https:\/\/fieldhockey.ca\/fr\/indoor-pan-american-cup\/#primaryimage","url":"https:\/\/fieldhockey.ca\/wp-content\/uploads\/2024\/01\/IndoorHeaderImage.png","contentUrl":"https:\/\/fieldhockey.ca\/wp-content\/uploads\/2024\/01\/IndoorHeaderImage.png","width":1678,"height":848},{"@type":"BreadcrumbList","@id":"https:\/\/fieldhockey.ca\/fr\/indoor-pan-american-cup\/#breadcrumb","itemListElement":[{"@type":"ListItem","position":1,"name":"Home","item":"https:\/\/fieldhockey.ca\/fr\/"},{"@type":"ListItem","position":2,"name":"Indoor Pan American Cup"}]},{"@type":"WebSite","@id":"https:\/\/fieldhockey.ca\/#website","url":"https:\/\/fieldhockey.ca\/","name":"Field Hockey Canada","description":"Canada\u2019s governing body for field hockey","potentialAction":[{"@type":"SearchAction","target":{"@type":"EntryPoint","urlTemplate":"https:\/\/fieldhockey.ca\/?s={search_term_string}"},"query-input":{"@type":"PropertyValueSpecification","valueRequired":true,"valueName":"search_term_string"}}],"inLanguage":"fr-CA"}]}},"_links":{"self":[{"href":"https:\/\/fieldhockey.ca\/fr\/wp-json\/wp\/v2\/pages\/46257","targetHints":{"allow":["GET"]}}],"collection":[{"href":"https:\/\/fieldhockey.ca\/fr\/wp-json\/wp\/v2\/pages"}],"about":[{"href":"https:\/\/fieldhockey.ca\/fr\/wp-json\/wp\/v2\/types\/page"}],"author":[{"embeddable":true,"href":"https:\/\/fieldhockey.ca\/fr\/wp-json\/wp\/v2\/users\/1"}],"replies":[{"embeddable":true,"href":"https:\/\/fieldhockey.ca\/fr\/wp-json\/wp\/v2\/comments?post=46257"}],"version-history":[{"count":1,"href":"https:\/\/fieldhockey.ca\/fr\/wp-json\/wp\/v2\/pages\/46257\/revisions"}],"predecessor-version":[{"id":46258,"href":"https:\/\/fieldhockey.ca\/fr\/wp-json\/wp\/v2\/pages\/46257\/revisions\/46258"}],"wp:featuredmedia":[{"embeddable":true,"href":"https:\/\/fieldhockey.ca\/fr\/wp-json\/wp\/v2\/media\/46255"}],"wp:attachment":[{"href":"https:\/\/fieldhockey.ca\/fr\/wp-json\/wp\/v2\/media?parent=46257"}],"curies":[{"name":"wp","href":"https:\/\/api.w.org\/{rel}","templated":true}]}}