{"id":48520,"date":"2024-09-24T10:29:35","date_gmt":"2024-09-24T17:29:35","guid":{"rendered":"https:\/\/fieldhockey.ca\/?page_id=48520"},"modified":"2024-09-24T10:29:35","modified_gmt":"2024-09-24T17:29:35","slug":"championnat-de-hockey-sur-gazon-de-u-sports","status":"publish","type":"page","link":"https:\/\/fieldhockey.ca\/fr\/championnat-de-hockey-sur-gazon-de-u-sports\/","title":{"rendered":"Championnat de hockey sur gazon de U SPORTS"},"content":{"rendered":"<p>Cet automne, l&rsquo;omnipr\u00e9sent Championnat de hockey sur gazon de U SPORTS deviendra une propri\u00e9t\u00e9 de Hockey sur gazon Canada, en partenariat avec U SPORTS. La finale aura lieu \u00e0 l&rsquo;Universit\u00e9 York, \u00e0 Toronto (Ontario), du 1er au 3 novembre 2024. Il s&rsquo;agira du point culminant de la saison r\u00e9guli\u00e8re. Cette page servira de centre d&rsquo;information pour l&rsquo;\u00e9v\u00e9nement. Plus de d\u00e9tails, y compris les \u00e9quipes qualifi\u00e9es, le calendrier et les d\u00e9tails de la diffusion en continu seront disponibles ici au cours du mois d&rsquo;octobre.<\/p>\n<h2>PLUS D&rsquo;INFORMATIONS<\/h2>\n<p>C&rsquo;est une nouvelle \u00e8re passionnante pour le hockey sur gazon f\u00e9minin au Canada. Depuis la cr\u00e9ation du hockey sur gazon universitaire, les universit\u00e9s ont jou\u00e9 un r\u00f4le cl\u00e9 dans le d\u00e9veloppement du hockey. Les athl\u00e8tes universitaires deviennent les b\u00e2tisseurs du sport, les athl\u00e8tes, les officiels et les partisans du sport tout au long de leur vie.<\/p>\n<p>Dans cette optique, Hockey sur gazon Canada a saisi l&rsquo;opportunit\u00e9 d&rsquo;un partenariat avec U SPORTS et les universit\u00e9s participantes, avec la vision de faire du championnat national un atout pour notre sport et une proposition de valeur forte pour les athl\u00e8tes qui terminent leurs \u00e9tudes secondaires.<\/p>\n<p>Hockey sur gazon Canada a \u00e9labor\u00e9 un plan d&rsquo;accueil initial de trois ans pour assurer la clart\u00e9 de la planification et la stabilit\u00e9. Entre-temps, le travail du comit\u00e9 se poursuit et la croissance et l&rsquo;\u00e9volution \u00e0 long terme du championnat constituent le prochain objectif.<\/p>\n<p><a href=\"https:\/\/fieldhockey.ca\/wp-content\/uploads\/2024\/08\/YorkU.webp\"><img loading=\"lazy\" decoding=\"async\" class=\"aligncenter size-full wp-image-48391\" src=\"https:\/\/fieldhockey.ca\/wp-content\/uploads\/2024\/08\/YorkU.webp\" alt=\"\" width=\"2000\" height=\"1125\" srcset=\"https:\/\/fieldhockey.ca\/wp-content\/uploads\/2024\/08\/YorkU.webp 2000w, https:\/\/fieldhockey.ca\/wp-content\/uploads\/2024\/08\/YorkU-300x169.webp 300w, https:\/\/fieldhockey.ca\/wp-content\/uploads\/2024\/08\/YorkU-1024x576.webp 1024w, https:\/\/fieldhockey.ca\/wp-content\/uploads\/2024\/08\/YorkU-768x432.webp 768w, https:\/\/fieldhockey.ca\/wp-content\/uploads\/2024\/08\/YorkU-1536x864.webp 1536w\" sizes=\"auto, (max-width: 2000px) 100vw, 2000px\" \/><\/a><\/p>\n","protected":false},"excerpt":{"rendered":"<p>Cet automne, l&rsquo;omnipr\u00e9sent Championnat de hockey sur gazon de U SPORTS deviendra une propri\u00e9t\u00e9 de Hockey sur gazon Canada, en partenariat avec U SPORTS. La finale aura lieu \u00e0 l&rsquo;Universit\u00e9 York, \u00e0 Toronto (Ontario), du 1er au 3 novembre 2024. Il s&rsquo;agira du point culminant de la saison r\u00e9guli\u00e8re. Cette page servira de centre d&rsquo;information [&hellip;]<\/p>\n","protected":false},"author":1,"featured_media":48518,"parent":0,"menu_order":0,"comment_status":"closed","ping_status":"closed","template":"","meta":{"footnotes":""},"class_list":["post-48520","page","type-page","status-publish","has-post-thumbnail","hentry"],"yoast_head":"<!-- This site is optimized with the Yoast SEO plugin v26.8 - https:\/\/yoast.com\/product\/yoast-seo-wordpress\/ -->\n<title>Championnat de hockey sur gazon de U SPORTS - Field Hockey Canada<\/title>\n<meta name=\"robots\" content=\"index, follow, max-snippet:-1, max-image-preview:large, max-video-preview:-1\" \/>\n<link rel=\"canonical\" href=\"https:\/\/fieldhockey.ca\/fr\/championnat-de-hockey-sur-gazon-de-u-sports\/\" \/>\n<meta property=\"og:locale\" content=\"fr_CA\" \/>\n<meta property=\"og:type\" content=\"article\" \/>\n<meta property=\"og:title\" content=\"Championnat de hockey sur gazon de U SPORTS - Field Hockey Canada\" \/>\n<meta property=\"og:description\" content=\"Cet automne, l&rsquo;omnipr\u00e9sent Championnat de hockey sur gazon de U SPORTS deviendra une propri\u00e9t\u00e9 de Hockey sur gazon Canada, en partenariat avec U SPORTS. La finale aura lieu \u00e0 l&rsquo;Universit\u00e9 York, \u00e0 Toronto (Ontario), du 1er au 3 novembre 2024. Il s&rsquo;agira du point culminant de la saison r\u00e9guli\u00e8re. Cette page servira de centre d&rsquo;information [&hellip;]\" \/>\n<meta property=\"og:url\" content=\"https:\/\/fieldhockey.ca\/fr\/championnat-de-hockey-sur-gazon-de-u-sports\/\" \/>\n<meta property=\"og:site_name\" content=\"Field Hockey Canada\" \/>\n<meta property=\"og:image\" content=\"https:\/\/fieldhockey.ca\/wp-content\/uploads\/2024\/09\/Usports-FR-FHC.png\" \/>\n\t<meta property=\"og:image:width\" content=\"1500\" \/>\n\t<meta property=\"og:image:height\" content=\"516\" \/>\n\t<meta property=\"og:image:type\" content=\"image\/png\" \/>\n<meta name=\"twitter:card\" content=\"summary_large_image\" \/>\n<meta name=\"twitter:label1\" content=\"Estimation du temps de lecture\" \/>\n\t<meta name=\"twitter:data1\" content=\"2 minutes\" \/>\n<script type=\"application\/ld+json\" class=\"yoast-schema-graph\">{\"@context\":\"https:\/\/schema.org\",\"@graph\":[{\"@type\":\"WebPage\",\"@id\":\"https:\/\/fieldhockey.ca\/fr\/championnat-de-hockey-sur-gazon-de-u-sports\/\",\"url\":\"https:\/\/fieldhockey.ca\/fr\/championnat-de-hockey-sur-gazon-de-u-sports\/\",\"name\":\"Championnat de hockey sur gazon de U SPORTS - Field Hockey Canada\",\"isPartOf\":{\"@id\":\"https:\/\/fieldhockey.ca\/#website\"},\"primaryImageOfPage\":{\"@id\":\"https:\/\/fieldhockey.ca\/fr\/championnat-de-hockey-sur-gazon-de-u-sports\/#primaryimage\"},\"image\":{\"@id\":\"https:\/\/fieldhockey.ca\/fr\/championnat-de-hockey-sur-gazon-de-u-sports\/#primaryimage\"},\"thumbnailUrl\":\"https:\/\/fieldhockey.ca\/wp-content\/uploads\/2024\/09\/Usports-FR-FHC.png\",\"datePublished\":\"2024-09-24T17:29:35+00:00\",\"breadcrumb\":{\"@id\":\"https:\/\/fieldhockey.ca\/fr\/championnat-de-hockey-sur-gazon-de-u-sports\/#breadcrumb\"},\"inLanguage\":\"fr-CA\",\"potentialAction\":[{\"@type\":\"ReadAction\",\"target\":[\"https:\/\/fieldhockey.ca\/fr\/championnat-de-hockey-sur-gazon-de-u-sports\/\"]}]},{\"@type\":\"ImageObject\",\"inLanguage\":\"fr-CA\",\"@id\":\"https:\/\/fieldhockey.ca\/fr\/championnat-de-hockey-sur-gazon-de-u-sports\/#primaryimage\",\"url\":\"https:\/\/fieldhockey.ca\/wp-content\/uploads\/2024\/09\/Usports-FR-FHC.png\",\"contentUrl\":\"https:\/\/fieldhockey.ca\/wp-content\/uploads\/2024\/09\/Usports-FR-FHC.png\",\"width\":1500,\"height\":516},{\"@type\":\"BreadcrumbList\",\"@id\":\"https:\/\/fieldhockey.ca\/fr\/championnat-de-hockey-sur-gazon-de-u-sports\/#breadcrumb\",\"itemListElement\":[{\"@type\":\"ListItem\",\"position\":1,\"name\":\"Home\",\"item\":\"https:\/\/fieldhockey.ca\/fr\/\"},{\"@type\":\"ListItem\",\"position\":2,\"name\":\"Championnat de hockey sur gazon de U SPORTS\"}]},{\"@type\":\"WebSite\",\"@id\":\"https:\/\/fieldhockey.ca\/#website\",\"url\":\"https:\/\/fieldhockey.ca\/\",\"name\":\"Field Hockey Canada\",\"description\":\"Canada\u2019s governing body for field hockey\",\"potentialAction\":[{\"@type\":\"SearchAction\",\"target\":{\"@type\":\"EntryPoint\",\"urlTemplate\":\"https:\/\/fieldhockey.ca\/?s={search_term_string}\"},\"query-input\":{\"@type\":\"PropertyValueSpecification\",\"valueRequired\":true,\"valueName\":\"search_term_string\"}}],\"inLanguage\":\"fr-CA\"}]}<\/script>\n<!-- \/ Yoast SEO plugin. -->","yoast_head_json":{"title":"Championnat de hockey sur gazon de U SPORTS - Field Hockey Canada","robots":{"index":"index","follow":"follow","max-snippet":"max-snippet:-1","max-image-preview":"max-image-preview:large","max-video-preview":"max-video-preview:-1"},"canonical":"https:\/\/fieldhockey.ca\/fr\/championnat-de-hockey-sur-gazon-de-u-sports\/","og_locale":"fr_CA","og_type":"article","og_title":"Championnat de hockey sur gazon de U SPORTS - Field Hockey Canada","og_description":"Cet automne, l&rsquo;omnipr\u00e9sent Championnat de hockey sur gazon de U SPORTS deviendra une propri\u00e9t\u00e9 de Hockey sur gazon Canada, en partenariat avec U SPORTS. La finale aura lieu \u00e0 l&rsquo;Universit\u00e9 York, \u00e0 Toronto (Ontario), du 1er au 3 novembre 2024. Il s&rsquo;agira du point culminant de la saison r\u00e9guli\u00e8re. Cette page servira de centre d&rsquo;information [&hellip;]","og_url":"https:\/\/fieldhockey.ca\/fr\/championnat-de-hockey-sur-gazon-de-u-sports\/","og_site_name":"Field Hockey Canada","og_image":[{"width":1500,"height":516,"url":"https:\/\/fieldhockey.ca\/wp-content\/uploads\/2024\/09\/Usports-FR-FHC.png","type":"image\/png"}],"twitter_card":"summary_large_image","twitter_misc":{"Estimation du temps de lecture":"2 minutes"},"schema":{"@context":"https:\/\/schema.org","@graph":[{"@type":"WebPage","@id":"https:\/\/fieldhockey.ca\/fr\/championnat-de-hockey-sur-gazon-de-u-sports\/","url":"https:\/\/fieldhockey.ca\/fr\/championnat-de-hockey-sur-gazon-de-u-sports\/","name":"Championnat de hockey sur gazon de U SPORTS - Field Hockey Canada","isPartOf":{"@id":"https:\/\/fieldhockey.ca\/#website"},"primaryImageOfPage":{"@id":"https:\/\/fieldhockey.ca\/fr\/championnat-de-hockey-sur-gazon-de-u-sports\/#primaryimage"},"image":{"@id":"https:\/\/fieldhockey.ca\/fr\/championnat-de-hockey-sur-gazon-de-u-sports\/#primaryimage"},"thumbnailUrl":"https:\/\/fieldhockey.ca\/wp-content\/uploads\/2024\/09\/Usports-FR-FHC.png","datePublished":"2024-09-24T17:29:35+00:00","breadcrumb":{"@id":"https:\/\/fieldhockey.ca\/fr\/championnat-de-hockey-sur-gazon-de-u-sports\/#breadcrumb"},"inLanguage":"fr-CA","potentialAction":[{"@type":"ReadAction","target":["https:\/\/fieldhockey.ca\/fr\/championnat-de-hockey-sur-gazon-de-u-sports\/"]}]},{"@type":"ImageObject","inLanguage":"fr-CA","@id":"https:\/\/fieldhockey.ca\/fr\/championnat-de-hockey-sur-gazon-de-u-sports\/#primaryimage","url":"https:\/\/fieldhockey.ca\/wp-content\/uploads\/2024\/09\/Usports-FR-FHC.png","contentUrl":"https:\/\/fieldhockey.ca\/wp-content\/uploads\/2024\/09\/Usports-FR-FHC.png","width":1500,"height":516},{"@type":"BreadcrumbList","@id":"https:\/\/fieldhockey.ca\/fr\/championnat-de-hockey-sur-gazon-de-u-sports\/#breadcrumb","itemListElement":[{"@type":"ListItem","position":1,"name":"Home","item":"https:\/\/fieldhockey.ca\/fr\/"},{"@type":"ListItem","position":2,"name":"Championnat de hockey sur gazon de U SPORTS"}]},{"@type":"WebSite","@id":"https:\/\/fieldhockey.ca\/#website","url":"https:\/\/fieldhockey.ca\/","name":"Field Hockey Canada","description":"Canada\u2019s governing body for field hockey","potentialAction":[{"@type":"SearchAction","target":{"@type":"EntryPoint","urlTemplate":"https:\/\/fieldhockey.ca\/?s={search_term_string}"},"query-input":{"@type":"PropertyValueSpecification","valueRequired":true,"valueName":"search_term_string"}}],"inLanguage":"fr-CA"}]}},"_links":{"self":[{"href":"https:\/\/fieldhockey.ca\/fr\/wp-json\/wp\/v2\/pages\/48520","targetHints":{"allow":["GET"]}}],"collection":[{"href":"https:\/\/fieldhockey.ca\/fr\/wp-json\/wp\/v2\/pages"}],"about":[{"href":"https:\/\/fieldhockey.ca\/fr\/wp-json\/wp\/v2\/types\/page"}],"author":[{"embeddable":true,"href":"https:\/\/fieldhockey.ca\/fr\/wp-json\/wp\/v2\/users\/1"}],"replies":[{"embeddable":true,"href":"https:\/\/fieldhockey.ca\/fr\/wp-json\/wp\/v2\/comments?post=48520"}],"version-history":[{"count":1,"href":"https:\/\/fieldhockey.ca\/fr\/wp-json\/wp\/v2\/pages\/48520\/revisions"}],"predecessor-version":[{"id":48521,"href":"https:\/\/fieldhockey.ca\/fr\/wp-json\/wp\/v2\/pages\/48520\/revisions\/48521"}],"wp:featuredmedia":[{"embeddable":true,"href":"https:\/\/fieldhockey.ca\/fr\/wp-json\/wp\/v2\/media\/48518"}],"wp:attachment":[{"href":"https:\/\/fieldhockey.ca\/fr\/wp-json\/wp\/v2\/media?parent=48520"}],"curies":[{"name":"wp","href":"https:\/\/api.w.org\/{rel}","templated":true}]}}