{"id":48804,"date":"2024-10-07T16:30:31","date_gmt":"2024-10-07T23:30:31","guid":{"rendered":"https:\/\/fieldhockey.ca\/?page_id=48804"},"modified":"2024-12-20T11:27:23","modified_gmt":"2024-12-20T19:27:23","slug":"stick-together","status":"publish","type":"page","link":"https:\/\/fieldhockey.ca\/fr\/stick-together\/","title":{"rendered":"D\u00e9fi d&rsquo;habilet\u00e9s &#8211; Stick Together"},"content":{"rendered":"<p>De la base au haut niveau, Hockey sur gazon Canada s&rsquo;efforce de d\u00e9velopper et de renforcer le hockey sur gazon dans tout le pays. Environ 18 000 joueurs de hockey sur gazon au pays se consacrent \u00e0 ce sport \u00e0 tous les niveaux, du hockey communautaire au hockey de haut niveau.<\/p>\n<p>Nous nous serrons les coudes<\/p>\n<p>Stick Together est un projet financ\u00e9 par le gouvernement du Canada dans le cadre de l&rsquo;initiative Sport communautaire pour tous (CSAI). Son objectif est d&rsquo;\u00e9liminer les obstacles et d&rsquo;augmenter les taux de participation des groupes mal desservis, tels que d\u00e9finis par le gouvernement du Canada : \u202fPeuples autochtones, Noirs, 2SLGBTQIA+, personnes \u00e0 faible revenu, nouveaux arrivants, personnes racialis\u00e9es ou personnes handicap\u00e9es.<\/p>\n<p>Le soutien continu du gouvernement du Canada au travail de FHC dans ce domaine permet aux communaut\u00e9s de hockey sur gazon du Canada de se serrer les coudes et de poursuivre le travail entam\u00e9 l&rsquo;an dernier en offrant du sport aux groupes mal desservis.<\/p>\n<p>Hockey sur gazon Canada dirige la gouvernance et la mise en \u0153uvre de Stick Together. En plus de d\u00e9velopper l&rsquo;outil patrimonial et de diriger la prestation directe dans les communaut\u00e9s cibl\u00e9es \u00e0 travers le Canada, Hockey sur gazon Canada ouvre les candidatures pour les projets locaux qui r\u00e9pondent aux crit\u00e8res, afin qu&rsquo;ils puissent s&rsquo;inscrire et faire partie de ce projet. Si votre club, votre \u00e9cole ou votre communaut\u00e9 de hockey dessert des communaut\u00e9s mal desservies et r\u00e9pond aux crit\u00e8res, Hockey sur gazon Canada vous encourage \u00e0 pr\u00e9senter une demande. Un comit\u00e9 ind\u00e9pendant dirigera l&rsquo;attribution des fonds et des exigences strictes en mati\u00e8re de rapports sont en place.<\/p>\n<p>D\u00c9FI D&rsquo;HABILET\u00c9S STICK TOGETHER<\/p>\n<p>Le d\u00e9fi des comp\u00e9tences Stick Together est une s\u00e9rie de vid\u00e9os encourageant les gens \u00e0 travers le Canada \u00e0 prendre un b\u00e2ton et \u00e0 essayer quelques comp\u00e9tences. La plupart de ces comp\u00e9tences sont d\u00e9montr\u00e9es par des athl\u00e8tes de l&rsquo;\u00e9quipe nationale, des entra\u00eeneurs et d&rsquo;autres membres de la communaut\u00e9 et peuvent \u00eatre r\u00e9alis\u00e9es \u00e0 la maison, dans une all\u00e9e, dans la rue ou, bien s\u00fbr, sur un terrain de hockey sur gazon. Prenez un b\u00e2ton et suivez-nous ! Compl\u00e9tez toutes les vid\u00e9os et t\u00e9l\u00e9chargez votre certificat Stick Together de Hockey sur gazon Canada.<\/p>\n<hr \/>\n<h3><strong>\u00c9tape Un &#8211; Comp\u00e9tences de base et contr\u00f4le de la balle<\/strong><\/h3>\n<h4>M\u00e9canique du dribble<\/h4>\n<div class=\"video-container\"><iframe loading=\"lazy\" title=\"Stick Together Skills Challenge - Dribbling Mechanics\" width=\"500\" height=\"281\" src=\"https:\/\/www.youtube.com\/embed\/nKaZBRz9iG4?feature=oembed\" frameborder=\"0\" allow=\"accelerometer; autoplay; clipboard-write; encrypted-media; gyroscope; picture-in-picture; web-share\" referrerpolicy=\"strict-origin-when-cross-origin\" allowfullscreen><\/iframe><\/div>\n<h3><\/h3>\n<h4>Huit<\/h4>\n<div class=\"video-container\"><iframe loading=\"lazy\" title=\"Stick Together Skills Challenge - Figure Eights\" width=\"500\" height=\"281\" src=\"https:\/\/www.youtube.com\/embed\/YUCF7rjf4wY?feature=oembed\" frameborder=\"0\" allow=\"accelerometer; autoplay; clipboard-write; encrypted-media; gyroscope; picture-in-picture; web-share\" referrerpolicy=\"strict-origin-when-cross-origin\" allowfullscreen><\/iframe><\/div>\n<h4>Contr\u00f4le de la balle<\/h4>\n<div class=\"video-container\"><iframe loading=\"lazy\" title=\"Stick Together Skills Challenge - Ball Control\" width=\"500\" height=\"281\" src=\"https:\/\/www.youtube.com\/embed\/b9hlAy1_gRs?feature=oembed\" frameborder=\"0\" allow=\"accelerometer; autoplay; clipboard-write; encrypted-media; gyroscope; picture-in-picture; web-share\" referrerpolicy=\"strict-origin-when-cross-origin\" allowfullscreen><\/iframe><\/div>\n<h4><\/h4>\n<hr \/>\n<h4>POUR LE PLAISIR ! Jonglages<\/h4>\n<div class=\"video-container\"><iframe loading=\"lazy\" title=\"Stick Together Skills Challenge - Keep Ups\" width=\"500\" height=\"281\" src=\"https:\/\/www.youtube.com\/embed\/sLvTcPWyD44?feature=oembed\" frameborder=\"0\" allow=\"accelerometer; autoplay; clipboard-write; encrypted-media; gyroscope; picture-in-picture; web-share\" referrerpolicy=\"strict-origin-when-cross-origin\" allowfullscreen><\/iframe><\/div>\n<hr \/>\n<h3><strong>\u00c9TAPE DEUX &#8211; \u00c9LIMINEZ VOTRE D\u00c9FENSEUR<\/strong><\/h3>\n<h4>Spins<\/h4>\n<div class=\"video-container\"><iframe loading=\"lazy\" title=\"Stick Together Skills Challenge - Spins\" width=\"500\" height=\"281\" src=\"https:\/\/www.youtube.com\/embed\/3iVyI6nmwHI?feature=oembed\" frameborder=\"0\" allow=\"accelerometer; autoplay; clipboard-write; encrypted-media; gyroscope; picture-in-picture; web-share\" referrerpolicy=\"strict-origin-when-cross-origin\" allowfullscreen><\/iframe><\/div>\n<h3><\/h3>\n<h4>V-Drags<\/h4>\n<div class=\"video-container\"><iframe loading=\"lazy\" title=\"Stick Together Skills Challenge - V-Drag\" width=\"500\" height=\"281\" src=\"https:\/\/www.youtube.com\/embed\/lkZv9hRSrEs?feature=oembed\" frameborder=\"0\" allow=\"accelerometer; autoplay; clipboard-write; encrypted-media; gyroscope; picture-in-picture; web-share\" referrerpolicy=\"strict-origin-when-cross-origin\" allowfullscreen><\/iframe><\/div>\n<h3><\/h3>\n<h4>Comp\u00e9tences d&rsquo;\u00e9limination Partie 1<\/h4>\n<div class=\"video-container\"><iframe loading=\"lazy\" title=\"Stick Together Skills Challenge - Elimination Skills\" width=\"500\" height=\"281\" src=\"https:\/\/www.youtube.com\/embed\/ITWSIAHwox0?feature=oembed\" frameborder=\"0\" allow=\"accelerometer; autoplay; clipboard-write; encrypted-media; gyroscope; picture-in-picture; web-share\" referrerpolicy=\"strict-origin-when-cross-origin\" allowfullscreen><\/iframe><\/div>\n<h4>Comp\u00e9tences d&rsquo;\u00e9limination Partie 2<\/h4>\n<div class=\"video-container\"><iframe loading=\"lazy\" title=\"Stick Together Skills Challenge - Elimination Skills Part 2\" width=\"500\" height=\"281\" src=\"https:\/\/www.youtube.com\/embed\/ArY53yguwdU?feature=oembed\" frameborder=\"0\" allow=\"accelerometer; autoplay; clipboard-write; encrypted-media; gyroscope; picture-in-picture; web-share\" referrerpolicy=\"strict-origin-when-cross-origin\" allowfullscreen><\/iframe><\/div>\n<p>&nbsp;<\/p>\n","protected":false},"excerpt":{"rendered":"<p>De la base au haut niveau, Hockey sur gazon Canada s&rsquo;efforce de d\u00e9velopper et de renforcer le hockey sur gazon dans tout le pays. Environ 18 000 joueurs de hockey sur gazon au pays se consacrent \u00e0 ce sport \u00e0 tous les niveaux, du hockey communautaire au hockey de haut niveau. Nous nous serrons les [&hellip;]<\/p>\n","protected":false},"author":1,"featured_media":43238,"parent":0,"menu_order":0,"comment_status":"closed","ping_status":"closed","template":"","meta":{"footnotes":""},"class_list":["post-48804","page","type-page","status-publish","has-post-thumbnail","hentry"],"yoast_head":"<!-- This site is optimized with the Yoast SEO plugin v26.8 - https:\/\/yoast.com\/product\/yoast-seo-wordpress\/ -->\n<title>D\u00e9fi d&#039;habilet\u00e9s - Stick Together - Field Hockey Canada<\/title>\n<meta name=\"robots\" content=\"index, follow, max-snippet:-1, max-image-preview:large, max-video-preview:-1\" \/>\n<link rel=\"canonical\" href=\"https:\/\/fieldhockey.ca\/fr\/stick-together\/\" \/>\n<meta property=\"og:locale\" content=\"fr_CA\" \/>\n<meta property=\"og:type\" content=\"article\" \/>\n<meta property=\"og:title\" content=\"D\u00e9fi d&#039;habilet\u00e9s - Stick Together - Field Hockey Canada\" \/>\n<meta property=\"og:description\" content=\"De la base au haut niveau, Hockey sur gazon Canada s&rsquo;efforce de d\u00e9velopper et de renforcer le hockey sur gazon dans tout le pays. Environ 18 000 joueurs de hockey sur gazon au pays se consacrent \u00e0 ce sport \u00e0 tous les niveaux, du hockey communautaire au hockey de haut niveau. Nous nous serrons les [&hellip;]\" \/>\n<meta property=\"og:url\" content=\"https:\/\/fieldhockey.ca\/fr\/stick-together\/\" \/>\n<meta property=\"og:site_name\" content=\"Field Hockey Canada\" \/>\n<meta property=\"article:modified_time\" content=\"2024-12-20T19:27:23+00:00\" \/>\n<meta property=\"og:image\" content=\"https:\/\/fieldhockey.ca\/wp-content\/uploads\/2023\/03\/stick-together-3.jpg\" \/>\n\t<meta property=\"og:image:width\" content=\"1600\" \/>\n\t<meta property=\"og:image:height\" content=\"1200\" \/>\n\t<meta property=\"og:image:type\" content=\"image\/jpeg\" \/>\n<meta name=\"twitter:card\" content=\"summary_large_image\" \/>\n<meta name=\"twitter:label1\" content=\"Estimation du temps de lecture\" \/>\n\t<meta name=\"twitter:data1\" content=\"2 minutes\" \/>\n<script type=\"application\/ld+json\" class=\"yoast-schema-graph\">{\"@context\":\"https:\/\/schema.org\",\"@graph\":[{\"@type\":\"WebPage\",\"@id\":\"https:\/\/fieldhockey.ca\/fr\/stick-together\/\",\"url\":\"https:\/\/fieldhockey.ca\/fr\/stick-together\/\",\"name\":\"D\u00e9fi d'habilet\u00e9s - Stick Together - Field Hockey Canada\",\"isPartOf\":{\"@id\":\"https:\/\/fieldhockey.ca\/#website\"},\"primaryImageOfPage\":{\"@id\":\"https:\/\/fieldhockey.ca\/fr\/stick-together\/#primaryimage\"},\"image\":{\"@id\":\"https:\/\/fieldhockey.ca\/fr\/stick-together\/#primaryimage\"},\"thumbnailUrl\":\"https:\/\/fieldhockey.ca\/wp-content\/uploads\/2023\/03\/stick-together-3.jpg\",\"datePublished\":\"2024-10-07T23:30:31+00:00\",\"dateModified\":\"2024-12-20T19:27:23+00:00\",\"breadcrumb\":{\"@id\":\"https:\/\/fieldhockey.ca\/fr\/stick-together\/#breadcrumb\"},\"inLanguage\":\"fr-CA\",\"potentialAction\":[{\"@type\":\"ReadAction\",\"target\":[\"https:\/\/fieldhockey.ca\/fr\/stick-together\/\"]}]},{\"@type\":\"ImageObject\",\"inLanguage\":\"fr-CA\",\"@id\":\"https:\/\/fieldhockey.ca\/fr\/stick-together\/#primaryimage\",\"url\":\"https:\/\/fieldhockey.ca\/wp-content\/uploads\/2023\/03\/stick-together-3.jpg\",\"contentUrl\":\"https:\/\/fieldhockey.ca\/wp-content\/uploads\/2023\/03\/stick-together-3.jpg\",\"width\":1600,\"height\":1200},{\"@type\":\"BreadcrumbList\",\"@id\":\"https:\/\/fieldhockey.ca\/fr\/stick-together\/#breadcrumb\",\"itemListElement\":[{\"@type\":\"ListItem\",\"position\":1,\"name\":\"Home\",\"item\":\"https:\/\/fieldhockey.ca\/fr\/\"},{\"@type\":\"ListItem\",\"position\":2,\"name\":\"D\u00e9fi d&#8217;habilet\u00e9s &#8211; Stick Together\"}]},{\"@type\":\"WebSite\",\"@id\":\"https:\/\/fieldhockey.ca\/#website\",\"url\":\"https:\/\/fieldhockey.ca\/\",\"name\":\"Field Hockey Canada\",\"description\":\"Canada\u2019s governing body for field hockey\",\"potentialAction\":[{\"@type\":\"SearchAction\",\"target\":{\"@type\":\"EntryPoint\",\"urlTemplate\":\"https:\/\/fieldhockey.ca\/?s={search_term_string}\"},\"query-input\":{\"@type\":\"PropertyValueSpecification\",\"valueRequired\":true,\"valueName\":\"search_term_string\"}}],\"inLanguage\":\"fr-CA\"}]}<\/script>\n<!-- \/ Yoast SEO plugin. -->","yoast_head_json":{"title":"D\u00e9fi d'habilet\u00e9s - Stick Together - Field Hockey Canada","robots":{"index":"index","follow":"follow","max-snippet":"max-snippet:-1","max-image-preview":"max-image-preview:large","max-video-preview":"max-video-preview:-1"},"canonical":"https:\/\/fieldhockey.ca\/fr\/stick-together\/","og_locale":"fr_CA","og_type":"article","og_title":"D\u00e9fi d'habilet\u00e9s - Stick Together - Field Hockey Canada","og_description":"De la base au haut niveau, Hockey sur gazon Canada s&rsquo;efforce de d\u00e9velopper et de renforcer le hockey sur gazon dans tout le pays. Environ 18 000 joueurs de hockey sur gazon au pays se consacrent \u00e0 ce sport \u00e0 tous les niveaux, du hockey communautaire au hockey de haut niveau. Nous nous serrons les [&hellip;]","og_url":"https:\/\/fieldhockey.ca\/fr\/stick-together\/","og_site_name":"Field Hockey Canada","article_modified_time":"2024-12-20T19:27:23+00:00","og_image":[{"width":1600,"height":1200,"url":"https:\/\/fieldhockey.ca\/wp-content\/uploads\/2023\/03\/stick-together-3.jpg","type":"image\/jpeg"}],"twitter_card":"summary_large_image","twitter_misc":{"Estimation du temps de lecture":"2 minutes"},"schema":{"@context":"https:\/\/schema.org","@graph":[{"@type":"WebPage","@id":"https:\/\/fieldhockey.ca\/fr\/stick-together\/","url":"https:\/\/fieldhockey.ca\/fr\/stick-together\/","name":"D\u00e9fi d'habilet\u00e9s - Stick Together - Field Hockey Canada","isPartOf":{"@id":"https:\/\/fieldhockey.ca\/#website"},"primaryImageOfPage":{"@id":"https:\/\/fieldhockey.ca\/fr\/stick-together\/#primaryimage"},"image":{"@id":"https:\/\/fieldhockey.ca\/fr\/stick-together\/#primaryimage"},"thumbnailUrl":"https:\/\/fieldhockey.ca\/wp-content\/uploads\/2023\/03\/stick-together-3.jpg","datePublished":"2024-10-07T23:30:31+00:00","dateModified":"2024-12-20T19:27:23+00:00","breadcrumb":{"@id":"https:\/\/fieldhockey.ca\/fr\/stick-together\/#breadcrumb"},"inLanguage":"fr-CA","potentialAction":[{"@type":"ReadAction","target":["https:\/\/fieldhockey.ca\/fr\/stick-together\/"]}]},{"@type":"ImageObject","inLanguage":"fr-CA","@id":"https:\/\/fieldhockey.ca\/fr\/stick-together\/#primaryimage","url":"https:\/\/fieldhockey.ca\/wp-content\/uploads\/2023\/03\/stick-together-3.jpg","contentUrl":"https:\/\/fieldhockey.ca\/wp-content\/uploads\/2023\/03\/stick-together-3.jpg","width":1600,"height":1200},{"@type":"BreadcrumbList","@id":"https:\/\/fieldhockey.ca\/fr\/stick-together\/#breadcrumb","itemListElement":[{"@type":"ListItem","position":1,"name":"Home","item":"https:\/\/fieldhockey.ca\/fr\/"},{"@type":"ListItem","position":2,"name":"D\u00e9fi d&#8217;habilet\u00e9s &#8211; Stick Together"}]},{"@type":"WebSite","@id":"https:\/\/fieldhockey.ca\/#website","url":"https:\/\/fieldhockey.ca\/","name":"Field Hockey Canada","description":"Canada\u2019s governing body for field hockey","potentialAction":[{"@type":"SearchAction","target":{"@type":"EntryPoint","urlTemplate":"https:\/\/fieldhockey.ca\/?s={search_term_string}"},"query-input":{"@type":"PropertyValueSpecification","valueRequired":true,"valueName":"search_term_string"}}],"inLanguage":"fr-CA"}]}},"_links":{"self":[{"href":"https:\/\/fieldhockey.ca\/fr\/wp-json\/wp\/v2\/pages\/48804","targetHints":{"allow":["GET"]}}],"collection":[{"href":"https:\/\/fieldhockey.ca\/fr\/wp-json\/wp\/v2\/pages"}],"about":[{"href":"https:\/\/fieldhockey.ca\/fr\/wp-json\/wp\/v2\/types\/page"}],"author":[{"embeddable":true,"href":"https:\/\/fieldhockey.ca\/fr\/wp-json\/wp\/v2\/users\/1"}],"replies":[{"embeddable":true,"href":"https:\/\/fieldhockey.ca\/fr\/wp-json\/wp\/v2\/comments?post=48804"}],"version-history":[{"count":4,"href":"https:\/\/fieldhockey.ca\/fr\/wp-json\/wp\/v2\/pages\/48804\/revisions"}],"predecessor-version":[{"id":50521,"href":"https:\/\/fieldhockey.ca\/fr\/wp-json\/wp\/v2\/pages\/48804\/revisions\/50521"}],"wp:featuredmedia":[{"embeddable":true,"href":"https:\/\/fieldhockey.ca\/fr\/wp-json\/wp\/v2\/media\/43238"}],"wp:attachment":[{"href":"https:\/\/fieldhockey.ca\/fr\/wp-json\/wp\/v2\/media?parent=48804"}],"curies":[{"name":"wp","href":"https:\/\/api.w.org\/{rel}","templated":true}]}}