{"id":50048,"date":"2024-12-09T15:39:19","date_gmt":"2024-12-09T23:39:19","guid":{"rendered":"https:\/\/fieldhockey.ca\/?page_id=50048"},"modified":"2024-12-09T15:39:28","modified_gmt":"2024-12-09T23:39:28","slug":"calendrier-des-evenements-2024","status":"publish","type":"page","link":"https:\/\/fieldhockey.ca\/fr\/calendrier-des-evenements-2024\/","title":{"rendered":"Calendrier des \u00e9v\u00e9nements 2024"},"content":{"rendered":"<h2>2024 en un coup d&rsquo;\u0153il<\/h2>\n\n<table id=\"tablepress-240\" class=\"tablepress tablepress-id-240\">\n<thead>\n<tr class=\"row-1\">\n\t<th class=\"column-1\">DATES<\/th><th class=\"column-2\">PROGRAM<\/th><th class=\"column-3\">EVENT<\/th><th class=\"column-4\">LOCATION<\/th>\n<\/tr>\n<\/thead>\n<tbody class=\"row-striping row-hover\">\n<tr class=\"row-2\">\n\t<td class=\"column-1\">January 13-20<\/td><td class=\"column-2\">Women's National Team<\/td><td class=\"column-3\"><a href=\"https:\/\/fieldhockey.ca\/event\/fih-womens-olympic-qualifier\/\">FIH Olympic Qualifier<\/a><\/td><td class=\"column-4\">Valencia, Spain<\/td>\n<\/tr>\n<tr class=\"row-3\">\n\t<td class=\"column-1\">January 15-18<\/td><td class=\"column-2\">Men's National Team<\/td><td class=\"column-3\"><a href=\"https:\/\/fieldhockey.ca\/event\/fih-mens-olympic-qualifier\/\">FIH Olympic Qualifier<\/a><\/td><td class=\"column-4\">Oman<\/td>\n<\/tr>\n<tr class=\"row-4\">\n\t<td class=\"column-1\">February 2-4<\/td><td class=\"column-2\">Men's Masters Indoor<\/td><td class=\"column-3\">Pakistan Test Match Series<\/td><td class=\"column-4\">Toronto, Ontario<\/td>\n<\/tr>\n<tr class=\"row-5\">\n\t<td class=\"column-1\">February 25-March 4<\/td><td class=\"column-2\">U18 Indoor National Team<\/td><td class=\"column-3\"><a href=\"https:\/\/fieldhockey.ca\/program\/u18-indoor-womens-youth-national-team\/\">USA Indoor Test Series<\/a><\/td><td class=\"column-4\">Philadelphia, USA<\/td>\n<\/tr>\n<tr class=\"row-6\">\n\t<td class=\"column-1\">March 18-22<\/td><td class=\"column-2\">Women's Indoor National Team<\/td><td class=\"column-3\"><a href=\"https:\/\/fieldhockey.ca\/event\/2024-womens-indoor-pan-american-cup\/\">Indoor Pan Am Cup<\/a><\/td><td class=\"column-4\">Calgary, Canada<\/td>\n<\/tr>\n<tr class=\"row-7\">\n\t<td class=\"column-1\">March 18-22<\/td><td class=\"column-2\">Men's Indoor National Team<\/td><td class=\"column-3\"><a href=\"https:\/\/fieldhockey.ca\/event\/2024-mens-indoor-pan-american-cup\/\">Indoor Pan Am Cup<\/a><\/td><td class=\"column-4\">Calgary, Canada<\/td>\n<\/tr>\n<tr class=\"row-8\">\n\t<td class=\"column-1\">March 21-April 1<\/td><td class=\"column-2\">U18 Women's National Team<\/td><td class=\"column-3\"><a href=\"https:\/\/fieldhockey.ca\/tour-reflections-u17-and-u18-womens-european-tours\/\">UK Tour<\/a><\/td><td class=\"column-4\">Scotland\/Wales<\/td>\n<\/tr>\n<tr class=\"row-9\">\n\t<td class=\"column-1\">March 22-April 4<\/td><td class=\"column-2\">U17 Women's National Team<\/td><td class=\"column-3\"><a href=\"https:\/\/fieldhockey.ca\/tour-reflections-u17-and-u18-womens-european-tours\/\">Netherlands Tour<\/a><\/td><td class=\"column-4\">Netherlands<\/td>\n<\/tr>\n<tr class=\"row-10\">\n\t<td class=\"column-1\">March 28-April 1<\/td><td class=\"column-2\">Masters O35-O65<\/td><td class=\"column-3\"><a href=\"https:\/\/fieldhockey.ca\/indoor-masters-rosters-wmh-indoor-world-cup\/\">Masters Indoor World Cup<\/a><\/td><td class=\"column-4\">Nottingham, UK<\/td>\n<\/tr>\n<tr class=\"row-11\">\n\t<td class=\"column-1\">May 4-11<\/td><td class=\"column-2\">Men's National Team<\/td><td class=\"column-3\"><a href=\"https:\/\/fieldhockey.ca\/event\/2024-sultan-azlan-shah-cup\/\">Sultan Azlan Shah Cup<\/a><\/td><td class=\"column-4\">Ipoh, Malaysia<\/td>\n<\/tr>\n<tr class=\"row-12\">\n\t<td class=\"column-1\">May 31-June 9<\/td><td class=\"column-2\">Men's National Team<\/td><td class=\"column-3\"><a href=\"https:\/\/fieldhockey.ca\/event\/2024-nations-cup-gniezno\/\">FIH Nations Cup<\/a><\/td><td class=\"column-4\">Gniezno, Poland<\/td>\n<\/tr>\n<tr class=\"row-13\">\n\t<td class=\"column-1\">June 3-9<\/td><td class=\"column-2\">Women's National Team<\/td><td class=\"column-3\"><a href=\"https:\/\/fieldhockey.ca\/event\/2024-nations-cup-terrassa\/\">FIH Nations Cup<\/a><\/td><td class=\"column-4\">Terrassa, Spain<\/td>\n<\/tr>\n<tr class=\"row-14\">\n\t<td class=\"column-1\">July 3-12<\/td><td class=\"column-2\">Junior Women's National Team<\/td><td class=\"column-3\"><a href=\"https:\/\/fieldhockey.ca\/event\/2024-junior-womens-pan-american-championship\/\">Junior Pan Am Championships<\/a><\/td><td class=\"column-4\">Surrey, Canada<\/td>\n<\/tr>\n<tr class=\"row-15\">\n\t<td class=\"column-1\">July 3-12<\/td><td class=\"column-2\">Junior Men's National Team<\/td><td class=\"column-3\"><a href=\"https:\/\/fieldhockey.ca\/event\/2024-junior-mens-pan-american-championhip\/\">Junior Pan Am Championships<\/a><\/td><td class=\"column-4\">Surrey, Canada<\/td>\n<\/tr>\n<tr class=\"row-16\">\n\t<td class=\"column-1\">July 23-28<\/td><td class=\"column-2\">U18 Provincial Teams<\/td><td class=\"column-3\"><a href=\"https:\/\/fieldhockey.ca\/event\/2024-u18-nationals\/\">U18 Nationals<\/a><\/td><td class=\"column-4\">Surrey, Canada<\/td>\n<\/tr>\n<tr class=\"row-17\">\n\t<td class=\"column-1\">August 7-11<\/td><td class=\"column-2\">U16 Provincial Teams<\/td><td class=\"column-3\"><a href=\"https:\/\/fieldhockey.ca\/event\/2024-u16-nationals\/\">U16 Nationals<\/a><\/td><td class=\"column-4\">Calgary, Canada<\/td>\n<\/tr>\n<tr class=\"row-18\">\n\t<td class=\"column-1\">October 15-23<\/td><td class=\"column-2\">U23 Women's National Team<\/td><td class=\"column-3\"><a href=\"https:\/\/fieldhockey.ca\/womens-development-team-travels-to-japan-for-test-series\/\">Japan Tour<\/a><\/td><td class=\"column-4\">Aikawa City, Japan<\/td>\n<\/tr>\n<tr class=\"row-19\">\n\t<td class=\"column-1\">October 31-November 3<\/td><td class=\"column-2\">FHC USports<\/td><td class=\"column-3\"><a href=\"https:\/\/fieldhockey.ca\/field-hockey-canada-university-national-championships\/\">National Championship<\/a><\/td><td class=\"column-4\">Ontario,Canada<\/td>\n<\/tr>\n<tr class=\"row-20\">\n\t<td class=\"column-1\">October 29-November 9<\/td><td class=\"column-2\">U17 Men's National Program<\/td><td class=\"column-3\"><a href=\"https:\/\/fieldhockey.ca\/u17-mens-team-travels-to-malaysia-for-mirnawan-cup\/\">Mirnawan Cup<\/a><\/td><td class=\"column-4\">Kuala Lumpur, Malaysia<\/td>\n<\/tr>\n<tr class=\"row-21\">\n\t<td class=\"column-1\">November 7-16<\/td><td class=\"column-2\">Masters O45-O70, O45-O60<\/td><td class=\"column-3\"><a href=\"https:\/\/fieldhockey.ca\/follow-the-wmh-masters-world-cup\/\">WMH Masters World Cup<\/a><\/td><td class=\"column-4\">Auckland, New Zealand<\/td>\n<\/tr>\n<\/tbody>\n<\/table>\n<!-- #tablepress-240 from cache -->\n","protected":false},"excerpt":{"rendered":"<p>2024 en un coup d&rsquo;\u0153il<\/p>\n","protected":false},"author":1,"featured_media":45943,"parent":0,"menu_order":0,"comment_status":"closed","ping_status":"closed","template":"","meta":{"footnotes":""},"class_list":["post-50048","page","type-page","status-publish","has-post-thumbnail","hentry"],"yoast_head":"<!-- This site is optimized with the Yoast SEO plugin v26.8 - https:\/\/yoast.com\/product\/yoast-seo-wordpress\/ -->\n<title>Calendrier des \u00e9v\u00e9nements 2024 - Field Hockey Canada<\/title>\n<meta name=\"robots\" content=\"index, follow, max-snippet:-1, max-image-preview:large, max-video-preview:-1\" \/>\n<link rel=\"canonical\" href=\"https:\/\/fieldhockey.ca\/fr\/calendrier-des-evenements-2024\/\" \/>\n<meta property=\"og:locale\" content=\"fr_CA\" \/>\n<meta property=\"og:type\" content=\"article\" \/>\n<meta property=\"og:title\" content=\"Calendrier des \u00e9v\u00e9nements 2024 - Field Hockey Canada\" \/>\n<meta property=\"og:description\" content=\"2024 en un coup d&rsquo;\u0153il\" \/>\n<meta property=\"og:url\" content=\"https:\/\/fieldhockey.ca\/fr\/calendrier-des-evenements-2024\/\" \/>\n<meta property=\"og:site_name\" content=\"Field Hockey Canada\" \/>\n<meta property=\"article:modified_time\" content=\"2024-12-09T23:39:28+00:00\" \/>\n<meta property=\"og:image\" content=\"https:\/\/fieldhockey.ca\/wp-content\/uploads\/2023\/12\/2023_1508_18191_001_c4_19-scaled.jpg\" \/>\n\t<meta property=\"og:image:width\" content=\"1\" \/>\n\t<meta property=\"og:image:height\" content=\"1\" \/>\n\t<meta property=\"og:image:type\" content=\"image\/jpeg\" \/>\n<meta name=\"twitter:card\" content=\"summary_large_image\" \/>\n<meta name=\"twitter:label1\" content=\"Estimation du temps de lecture\" \/>\n\t<meta name=\"twitter:data1\" content=\"1 minute\" \/>\n<script type=\"application\/ld+json\" class=\"yoast-schema-graph\">{\"@context\":\"https:\/\/schema.org\",\"@graph\":[{\"@type\":\"WebPage\",\"@id\":\"https:\/\/fieldhockey.ca\/fr\/calendrier-des-evenements-2024\/\",\"url\":\"https:\/\/fieldhockey.ca\/fr\/calendrier-des-evenements-2024\/\",\"name\":\"Calendrier des \u00e9v\u00e9nements 2024 - Field Hockey Canada\",\"isPartOf\":{\"@id\":\"https:\/\/fieldhockey.ca\/#website\"},\"primaryImageOfPage\":{\"@id\":\"https:\/\/fieldhockey.ca\/fr\/calendrier-des-evenements-2024\/#primaryimage\"},\"image\":{\"@id\":\"https:\/\/fieldhockey.ca\/fr\/calendrier-des-evenements-2024\/#primaryimage\"},\"thumbnailUrl\":\"https:\/\/fieldhockey.ca\/wp-content\/uploads\/2023\/12\/2023_1508_18191_001_c4_19-scaled.jpg\",\"datePublished\":\"2024-12-09T23:39:19+00:00\",\"dateModified\":\"2024-12-09T23:39:28+00:00\",\"breadcrumb\":{\"@id\":\"https:\/\/fieldhockey.ca\/fr\/calendrier-des-evenements-2024\/#breadcrumb\"},\"inLanguage\":\"fr-CA\",\"potentialAction\":[{\"@type\":\"ReadAction\",\"target\":[\"https:\/\/fieldhockey.ca\/fr\/calendrier-des-evenements-2024\/\"]}]},{\"@type\":\"ImageObject\",\"inLanguage\":\"fr-CA\",\"@id\":\"https:\/\/fieldhockey.ca\/fr\/calendrier-des-evenements-2024\/#primaryimage\",\"url\":\"https:\/\/fieldhockey.ca\/wp-content\/uploads\/2023\/12\/2023_1508_18191_001_c4_19-scaled.jpg\",\"contentUrl\":\"https:\/\/fieldhockey.ca\/wp-content\/uploads\/2023\/12\/2023_1508_18191_001_c4_19-scaled.jpg\",\"caption\":\"SANTIAGO - 2023 FIH Junior World Cup (W) Picture: Imogen Govan WORLDSPORTPICS COPYRIGHT FRANK UIJLENBROEK\"},{\"@type\":\"BreadcrumbList\",\"@id\":\"https:\/\/fieldhockey.ca\/fr\/calendrier-des-evenements-2024\/#breadcrumb\",\"itemListElement\":[{\"@type\":\"ListItem\",\"position\":1,\"name\":\"Home\",\"item\":\"https:\/\/fieldhockey.ca\/fr\/\"},{\"@type\":\"ListItem\",\"position\":2,\"name\":\"Calendrier des \u00e9v\u00e9nements 2024\"}]},{\"@type\":\"WebSite\",\"@id\":\"https:\/\/fieldhockey.ca\/#website\",\"url\":\"https:\/\/fieldhockey.ca\/\",\"name\":\"Field Hockey Canada\",\"description\":\"Canada\u2019s governing body for field hockey\",\"potentialAction\":[{\"@type\":\"SearchAction\",\"target\":{\"@type\":\"EntryPoint\",\"urlTemplate\":\"https:\/\/fieldhockey.ca\/?s={search_term_string}\"},\"query-input\":{\"@type\":\"PropertyValueSpecification\",\"valueRequired\":true,\"valueName\":\"search_term_string\"}}],\"inLanguage\":\"fr-CA\"}]}<\/script>\n<!-- \/ Yoast SEO plugin. -->","yoast_head_json":{"title":"Calendrier des \u00e9v\u00e9nements 2024 - Field Hockey Canada","robots":{"index":"index","follow":"follow","max-snippet":"max-snippet:-1","max-image-preview":"max-image-preview:large","max-video-preview":"max-video-preview:-1"},"canonical":"https:\/\/fieldhockey.ca\/fr\/calendrier-des-evenements-2024\/","og_locale":"fr_CA","og_type":"article","og_title":"Calendrier des \u00e9v\u00e9nements 2024 - Field Hockey Canada","og_description":"2024 en un coup d&rsquo;\u0153il","og_url":"https:\/\/fieldhockey.ca\/fr\/calendrier-des-evenements-2024\/","og_site_name":"Field Hockey Canada","article_modified_time":"2024-12-09T23:39:28+00:00","og_image":[{"url":"https:\/\/fieldhockey.ca\/wp-content\/uploads\/2023\/12\/2023_1508_18191_001_c4_19-scaled.jpg","width":1,"height":1,"type":"image\/jpeg"}],"twitter_card":"summary_large_image","twitter_misc":{"Estimation du temps de lecture":"1 minute"},"schema":{"@context":"https:\/\/schema.org","@graph":[{"@type":"WebPage","@id":"https:\/\/fieldhockey.ca\/fr\/calendrier-des-evenements-2024\/","url":"https:\/\/fieldhockey.ca\/fr\/calendrier-des-evenements-2024\/","name":"Calendrier des \u00e9v\u00e9nements 2024 - Field Hockey Canada","isPartOf":{"@id":"https:\/\/fieldhockey.ca\/#website"},"primaryImageOfPage":{"@id":"https:\/\/fieldhockey.ca\/fr\/calendrier-des-evenements-2024\/#primaryimage"},"image":{"@id":"https:\/\/fieldhockey.ca\/fr\/calendrier-des-evenements-2024\/#primaryimage"},"thumbnailUrl":"https:\/\/fieldhockey.ca\/wp-content\/uploads\/2023\/12\/2023_1508_18191_001_c4_19-scaled.jpg","datePublished":"2024-12-09T23:39:19+00:00","dateModified":"2024-12-09T23:39:28+00:00","breadcrumb":{"@id":"https:\/\/fieldhockey.ca\/fr\/calendrier-des-evenements-2024\/#breadcrumb"},"inLanguage":"fr-CA","potentialAction":[{"@type":"ReadAction","target":["https:\/\/fieldhockey.ca\/fr\/calendrier-des-evenements-2024\/"]}]},{"@type":"ImageObject","inLanguage":"fr-CA","@id":"https:\/\/fieldhockey.ca\/fr\/calendrier-des-evenements-2024\/#primaryimage","url":"https:\/\/fieldhockey.ca\/wp-content\/uploads\/2023\/12\/2023_1508_18191_001_c4_19-scaled.jpg","contentUrl":"https:\/\/fieldhockey.ca\/wp-content\/uploads\/2023\/12\/2023_1508_18191_001_c4_19-scaled.jpg","caption":"SANTIAGO - 2023 FIH Junior World Cup (W) Picture: Imogen Govan WORLDSPORTPICS COPYRIGHT FRANK UIJLENBROEK"},{"@type":"BreadcrumbList","@id":"https:\/\/fieldhockey.ca\/fr\/calendrier-des-evenements-2024\/#breadcrumb","itemListElement":[{"@type":"ListItem","position":1,"name":"Home","item":"https:\/\/fieldhockey.ca\/fr\/"},{"@type":"ListItem","position":2,"name":"Calendrier des \u00e9v\u00e9nements 2024"}]},{"@type":"WebSite","@id":"https:\/\/fieldhockey.ca\/#website","url":"https:\/\/fieldhockey.ca\/","name":"Field Hockey Canada","description":"Canada\u2019s governing body for field hockey","potentialAction":[{"@type":"SearchAction","target":{"@type":"EntryPoint","urlTemplate":"https:\/\/fieldhockey.ca\/?s={search_term_string}"},"query-input":{"@type":"PropertyValueSpecification","valueRequired":true,"valueName":"search_term_string"}}],"inLanguage":"fr-CA"}]}},"_links":{"self":[{"href":"https:\/\/fieldhockey.ca\/fr\/wp-json\/wp\/v2\/pages\/50048","targetHints":{"allow":["GET"]}}],"collection":[{"href":"https:\/\/fieldhockey.ca\/fr\/wp-json\/wp\/v2\/pages"}],"about":[{"href":"https:\/\/fieldhockey.ca\/fr\/wp-json\/wp\/v2\/types\/page"}],"author":[{"embeddable":true,"href":"https:\/\/fieldhockey.ca\/fr\/wp-json\/wp\/v2\/users\/1"}],"replies":[{"embeddable":true,"href":"https:\/\/fieldhockey.ca\/fr\/wp-json\/wp\/v2\/comments?post=50048"}],"version-history":[{"count":1,"href":"https:\/\/fieldhockey.ca\/fr\/wp-json\/wp\/v2\/pages\/50048\/revisions"}],"predecessor-version":[{"id":50049,"href":"https:\/\/fieldhockey.ca\/fr\/wp-json\/wp\/v2\/pages\/50048\/revisions\/50049"}],"wp:featuredmedia":[{"embeddable":true,"href":"https:\/\/fieldhockey.ca\/fr\/wp-json\/wp\/v2\/media\/45943"}],"wp:attachment":[{"href":"https:\/\/fieldhockey.ca\/fr\/wp-json\/wp\/v2\/media?parent=50048"}],"curies":[{"name":"wp","href":"https:\/\/api.w.org\/{rel}","templated":true}]}}