{"id":50514,"date":"2024-12-20T11:03:30","date_gmt":"2024-12-20T19:03:30","guid":{"rendered":"https:\/\/fieldhockey.ca\/?page_id=50514"},"modified":"2024-12-20T11:03:30","modified_gmt":"2024-12-20T19:03:30","slug":"programme-de-hockey-sur-gazon-canada-stick-together","status":"publish","type":"page","link":"https:\/\/fieldhockey.ca\/fr\/programme-de-hockey-sur-gazon-canada-stick-together\/","title":{"rendered":"Programme de Hockey sur Gazon Canada: Stick Together"},"content":{"rendered":"<div>\n<p>Du niveau local \u00e0 la haute performance, Hockey sur Gazon Canada travaille \u00e0 d\u00e9velopper et renforcer le hockey sur gazon \u00e0 travers le pays. Environ 18 000 joueurs de hockey sur gazon \u00e0 travers le pays se consacrent \u00e0 ce sport \u00e0 tous les niveaux, du hockey communautaire \u00e0 la haute performance.<\/p>\n<p><strong>Nous Restons Ensemble<\/strong><\/p>\n<p>Restons Ensemble est un projet financ\u00e9 par l&rsquo;Initiative pour le sport communautaire pour tous du gouvernement du Canada (CSAI). Son objectif est de supprimer les barri\u00e8res et d&rsquo;augmenter les taux de participation des groupes mal desservis, tels que d\u00e9finis par le gouvernement du Canada : peuples autochtones, Noirs, 2SLGBTQQIA+, faibles revenus, nouveaux arrivants, personnes racialis\u00e9es ou personnes en situation de handicap.<\/p>\n<p>Le soutien continu du gouvernement du Canada au travail de FHC dans ce domaine permet aux communaut\u00e9s de hockey sur gazon \u00e0 travers le Canada de rester ensemble et de poursuivre le travail commenc\u00e9 l&rsquo;ann\u00e9e derni\u00e8re pour offrir du sport aux groupes mal desservis.<\/p>\n<p>Hockey sur Gazon Canada dirige la gouvernance et la mise en \u0153uvre de Restons Ensemble. En plus du d\u00e9veloppement de l&rsquo;outil de l&rsquo;h\u00e9ritage et de la direction de la mise en \u0153uvre directe dans les communaut\u00e9s cibl\u00e9es \u00e0 travers le Canada, Hockey sur Gazon Canada ouvre les candidatures pour des projets locaux qui r\u00e9pondent aux crit\u00e8res, pour postuler et faire partie de ce projet. Si votre club, \u00e9cole ou communaut\u00e9 de hockey dessert des communaut\u00e9s mal desservies et r\u00e9pond aux crit\u00e8res, Hockey sur Gazon Canada vous encourage \u00e0 postuler. Un panel ind\u00e9pendant dirigera les allocations de financement et des exigences strictes en mati\u00e8re de rapports sont en place.<\/p>\n<p>Candidatures 2024<\/p>\n<p>Si vous souhaitez faire partie de Restons Ensemble et aider \u00e0 apporter le hockey et le sport aux groupes mal desservis de votre r\u00e9gion, veuillez remplir le formulaire ci-dessous pour demander un financement.<\/p>\n<p><strong>Qui Peut Postuler<\/strong><\/p>\n<p>Pour \u00eatre \u00e9ligible, vous devez \u00eatre une organisation communautaire ciblant un ou plusieurs des groupes mal desservis suivants (tels que d\u00e9finis par le gouvernement du Canada) :<\/p>\n<ul>\n<li>Peuples autochtones<\/li>\n<li>Noirs<\/li>\n<li>2SLGBTQQIA+<\/li>\n<li>Faibles revenus<\/li>\n<li>Nouveaux arrivants<\/li>\n<li>Personnes racialis\u00e9es<\/li>\n<li>Personnes en situation de handicap<\/li>\n<\/ul>\n<p>Postulez d\u00e8s aujourd&rsquo;hui en utilisant le formulaire de candidature en ligne ci-dessous. Vous devrez soumettre des informations sur votre projet, y compris le budget et les plans de sensibilisation communautaire. Cliquez pour plus de d\u00e9tails.<\/p>\n<p>\u00c9ligibilit\u00e9 au Programme<\/p>\n<p>Pour acc\u00e9der \u00e0 ce fonds, votre organisation doit soit :<\/p>\n<ul>\n<li>Avoir un projet existant ciblant les groupes m\u00e9ritant l&rsquo;\u00e9quit\u00e9 qui a besoin de soutien ou ;<\/li>\n<li>Soumettre une proposition de programme pour un nouveau projet qui cible les groupes mal desservis.<\/li>\n<\/ul>\n<\/div>\n<hr \/>\n<h2><strong>Projets Communautaires 2023<\/strong><\/h2>\n<p><strong>PROGRAMME DES \u00c9COLES DES VANCOUVER HAWKS PROMOUVANT LE SPORT COMMUNAUTAIRE POUR TOUS DANS LES \u00c9COLES PRIMAIRES<\/strong><\/p>\n\n\t\t<style type=\"text\/css\">\n\t\t\t#gallery-1 {\n\t\t\t\tmargin: auto;\n\t\t\t}\n\t\t\t#gallery-1 .gallery-item {\n\t\t\t\tfloat: left;\n\t\t\t\tmargin-top: 10px;\n\t\t\t\ttext-align: center;\n\t\t\t\twidth: 33%;\n\t\t\t}\n\t\t\t#gallery-1 img {\n\t\t\t\tborder: 2px solid #cfcfcf;\n\t\t\t}\n\t\t\t#gallery-1 .gallery-caption {\n\t\t\t\tmargin-left: 0;\n\t\t\t}\n\t\t\t\/* see gallery_shortcode() in wp-includes\/media.php *\/\n\t\t<\/style>\n\t\t<div id='gallery-1' class='gallery galleryid-50514 gallery-columns-3 gallery-size-medium'><dl class='gallery-item'>\n\t\t\t<dt class='gallery-icon portrait'>\n\t\t\t\t<a href='https:\/\/fieldhockey.ca\/fr\/field-hockey-schools-program-running-successfully-in-vancouver\/img_9033\/'><img loading=\"lazy\" decoding=\"async\" width=\"225\" height=\"300\" src=\"https:\/\/fieldhockey.ca\/wp-content\/uploads\/2023\/03\/IMG_9033-225x300.jpg\" class=\"attachment-medium size-medium\" alt=\"\" srcset=\"https:\/\/fieldhockey.ca\/wp-content\/uploads\/2023\/03\/IMG_9033-225x300.jpg 225w, https:\/\/fieldhockey.ca\/wp-content\/uploads\/2023\/03\/IMG_9033-768x1024.jpg 768w, https:\/\/fieldhockey.ca\/wp-content\/uploads\/2023\/03\/IMG_9033-1152x1536.jpg 1152w, https:\/\/fieldhockey.ca\/wp-content\/uploads\/2023\/03\/IMG_9033-1536x2048.jpg 1536w, https:\/\/fieldhockey.ca\/wp-content\/uploads\/2023\/03\/IMG_9033-scaled.jpg 1920w\" sizes=\"auto, (max-width: 225px) 100vw, 225px\" \/><\/a>\n\t\t\t<\/dt><\/dl><dl class='gallery-item'>\n\t\t\t<dt class='gallery-icon portrait'>\n\t\t\t\t<a href='https:\/\/fieldhockey.ca\/fr\/field-hockey-schools-program-running-successfully-in-vancouver\/img_9028\/'><img loading=\"lazy\" decoding=\"async\" width=\"225\" height=\"300\" src=\"https:\/\/fieldhockey.ca\/wp-content\/uploads\/2023\/03\/IMG_9028-225x300.jpg\" class=\"attachment-medium size-medium\" alt=\"\" srcset=\"https:\/\/fieldhockey.ca\/wp-content\/uploads\/2023\/03\/IMG_9028-225x300.jpg 225w, https:\/\/fieldhockey.ca\/wp-content\/uploads\/2023\/03\/IMG_9028-768x1024.jpg 768w, https:\/\/fieldhockey.ca\/wp-content\/uploads\/2023\/03\/IMG_9028-1152x1536.jpg 1152w, https:\/\/fieldhockey.ca\/wp-content\/uploads\/2023\/03\/IMG_9028-1536x2048.jpg 1536w, https:\/\/fieldhockey.ca\/wp-content\/uploads\/2023\/03\/IMG_9028-scaled.jpg 1920w\" sizes=\"auto, (max-width: 225px) 100vw, 225px\" \/><\/a>\n\t\t\t<\/dt><\/dl><dl class='gallery-item'>\n\t\t\t<dt class='gallery-icon portrait'>\n\t\t\t\t<a href='https:\/\/fieldhockey.ca\/fr\/field-hockey-schools-program-running-successfully-in-vancouver\/img_9018\/'><img loading=\"lazy\" decoding=\"async\" width=\"225\" height=\"300\" src=\"https:\/\/fieldhockey.ca\/wp-content\/uploads\/2023\/03\/IMG_9018-225x300.jpg\" class=\"attachment-medium size-medium\" alt=\"\" srcset=\"https:\/\/fieldhockey.ca\/wp-content\/uploads\/2023\/03\/IMG_9018-225x300.jpg 225w, https:\/\/fieldhockey.ca\/wp-content\/uploads\/2023\/03\/IMG_9018-768x1024.jpg 768w, https:\/\/fieldhockey.ca\/wp-content\/uploads\/2023\/03\/IMG_9018-1152x1536.jpg 1152w, https:\/\/fieldhockey.ca\/wp-content\/uploads\/2023\/03\/IMG_9018-1536x2048.jpg 1536w, https:\/\/fieldhockey.ca\/wp-content\/uploads\/2023\/03\/IMG_9018-scaled.jpg 1920w\" sizes=\"auto, (max-width: 225px) 100vw, 225px\" \/><\/a>\n\t\t\t<\/dt><\/dl><br style=\"clear: both\" \/>\n\t\t<\/div>\n\n<p>Les Vancouver Hawks ont soutenu les communaut\u00e9s mal desservies de l&rsquo;Eastside de Vancouver en leur donnant acc\u00e8s au hockey sur gazon pendant les heures scolaires. Les entra\u00eeneurs apportaient tout l&rsquo;\u00e9quipement et un plan de le\u00e7on et travaillaient avec chaque classe d&rsquo;une \u00e9cole primaire pendant les blocs d&rsquo;\u00e9ducation physique de la semaine. L&rsquo;instruction allait de la litt\u00e9ratie physique standard pour les groupes plus jeunes au jeu et aux comp\u00e9tences techniques plus avanc\u00e9es pour les groupes plus \u00e2g\u00e9s. Le programme des \u00e9coles des Hawks a \u00e9t\u00e9 mis en \u0153uvre avec succ\u00e8s dans 14 \u00e9coles de la r\u00e9gion m\u00e9tropolitaine de Vancouver et a initi\u00e9 environ 6000 \u00e9l\u00e8ves \u00e2g\u00e9s de cinq \u00e0 douze ans au hockey sur gazon.<\/p>\n<p><span data-contrast=\"auto\"><strong>LES NEPEAN NIGHTHAWKS ORGANISENT UN PROGRAMME DE HOCKEY SANS BARRI\u00c8RES POUR LES JEUNES AUTOCHTONES<\/strong><\/span><\/p>\n\n\t\t<style type=\"text\/css\">\n\t\t\t#gallery-2 {\n\t\t\t\tmargin: auto;\n\t\t\t}\n\t\t\t#gallery-2 .gallery-item {\n\t\t\t\tfloat: left;\n\t\t\t\tmargin-top: 10px;\n\t\t\t\ttext-align: center;\n\t\t\t\twidth: 33%;\n\t\t\t}\n\t\t\t#gallery-2 img {\n\t\t\t\tborder: 2px solid #cfcfcf;\n\t\t\t}\n\t\t\t#gallery-2 .gallery-caption {\n\t\t\t\tmargin-left: 0;\n\t\t\t}\n\t\t\t\/* see gallery_shortcode() in wp-includes\/media.php *\/\n\t\t<\/style>\n\t\t<div id='gallery-2' class='gallery galleryid-50514 gallery-columns-3 gallery-size-medium'><dl class='gallery-item'>\n\t\t\t<dt class='gallery-icon landscape'>\n\t\t\t\t<a href='https:\/\/fieldhockey.ca\/fr\/img_3139-2\/'><img loading=\"lazy\" decoding=\"async\" width=\"300\" height=\"225\" src=\"https:\/\/fieldhockey.ca\/wp-content\/uploads\/2023\/03\/IMG_3139-300x225.jpg\" class=\"attachment-medium size-medium\" alt=\"\" srcset=\"https:\/\/fieldhockey.ca\/wp-content\/uploads\/2023\/03\/IMG_3139-300x225.jpg 300w, https:\/\/fieldhockey.ca\/wp-content\/uploads\/2023\/03\/IMG_3139-1024x768.jpg 1024w, https:\/\/fieldhockey.ca\/wp-content\/uploads\/2023\/03\/IMG_3139-768x576.jpg 768w, https:\/\/fieldhockey.ca\/wp-content\/uploads\/2023\/03\/IMG_3139-1536x1152.jpg 1536w, https:\/\/fieldhockey.ca\/wp-content\/uploads\/2023\/03\/IMG_3139.jpg 2048w\" sizes=\"auto, (max-width: 300px) 100vw, 300px\" \/><\/a>\n\t\t\t<\/dt><\/dl><dl class='gallery-item'>\n\t\t\t<dt class='gallery-icon landscape'>\n\t\t\t\t<a href='https:\/\/fieldhockey.ca\/fr\/img_3142-2\/'><img loading=\"lazy\" decoding=\"async\" width=\"300\" height=\"225\" src=\"https:\/\/fieldhockey.ca\/wp-content\/uploads\/2023\/03\/IMG_3142-300x225.jpg\" class=\"attachment-medium size-medium\" alt=\"\" srcset=\"https:\/\/fieldhockey.ca\/wp-content\/uploads\/2023\/03\/IMG_3142-300x225.jpg 300w, https:\/\/fieldhockey.ca\/wp-content\/uploads\/2023\/03\/IMG_3142-1024x768.jpg 1024w, https:\/\/fieldhockey.ca\/wp-content\/uploads\/2023\/03\/IMG_3142-768x576.jpg 768w, https:\/\/fieldhockey.ca\/wp-content\/uploads\/2023\/03\/IMG_3142-1536x1152.jpg 1536w, https:\/\/fieldhockey.ca\/wp-content\/uploads\/2023\/03\/IMG_3142.jpg 2048w\" sizes=\"auto, (max-width: 300px) 100vw, 300px\" \/><\/a>\n\t\t\t<\/dt><\/dl><dl class='gallery-item'>\n\t\t\t<dt class='gallery-icon landscape'>\n\t\t\t\t<a href='https:\/\/fieldhockey.ca\/fr\/stick-together-3-2\/'><img loading=\"lazy\" decoding=\"async\" width=\"300\" height=\"225\" src=\"https:\/\/fieldhockey.ca\/wp-content\/uploads\/2023\/03\/stick-together-3-300x225.jpg\" class=\"attachment-medium size-medium\" alt=\"\" srcset=\"https:\/\/fieldhockey.ca\/wp-content\/uploads\/2023\/03\/stick-together-3-300x225.jpg 300w, https:\/\/fieldhockey.ca\/wp-content\/uploads\/2023\/03\/stick-together-3-1024x768.jpg 1024w, https:\/\/fieldhockey.ca\/wp-content\/uploads\/2023\/03\/stick-together-3-768x576.jpg 768w, https:\/\/fieldhockey.ca\/wp-content\/uploads\/2023\/03\/stick-together-3-1536x1152.jpg 1536w, https:\/\/fieldhockey.ca\/wp-content\/uploads\/2023\/03\/stick-together-3.jpg 1600w\" sizes=\"auto, (max-width: 300px) 100vw, 300px\" \/><\/a>\n\t\t\t<\/dt><\/dl><br style=\"clear: both\" \/><dl class='gallery-item'>\n\t\t\t<dt class='gallery-icon landscape'>\n\t\t\t\t<a href='https:\/\/fieldhockey.ca\/fr\/programme-de-hockey-sur-gazon-canada-stick-together\/image012-2\/'><img loading=\"lazy\" decoding=\"async\" width=\"300\" height=\"210\" src=\"https:\/\/fieldhockey.ca\/wp-content\/uploads\/2024\/06\/image012-300x210.png\" class=\"attachment-medium size-medium\" alt=\"\" srcset=\"https:\/\/fieldhockey.ca\/wp-content\/uploads\/2024\/06\/image012-300x210.png 300w, https:\/\/fieldhockey.ca\/wp-content\/uploads\/2024\/06\/image012-1024x717.png 1024w, https:\/\/fieldhockey.ca\/wp-content\/uploads\/2024\/06\/image012-768x538.png 768w, https:\/\/fieldhockey.ca\/wp-content\/uploads\/2024\/06\/image012.png 1241w\" sizes=\"auto, (max-width: 300px) 100vw, 300px\" \/><\/a>\n\t\t\t<\/dt><\/dl><dl class='gallery-item'>\n\t\t\t<dt class='gallery-icon landscape'>\n\t\t\t\t<a href='https:\/\/fieldhockey.ca\/fr\/programme-de-hockey-sur-gazon-canada-stick-together\/image017-2\/'><img loading=\"lazy\" decoding=\"async\" width=\"300\" height=\"287\" src=\"https:\/\/fieldhockey.ca\/wp-content\/uploads\/2024\/06\/image017-300x287.png\" class=\"attachment-medium size-medium\" alt=\"\" srcset=\"https:\/\/fieldhockey.ca\/wp-content\/uploads\/2024\/06\/image017-300x287.png 300w, https:\/\/fieldhockey.ca\/wp-content\/uploads\/2024\/06\/image017-768x735.png 768w, https:\/\/fieldhockey.ca\/wp-content\/uploads\/2024\/06\/image017.png 798w\" sizes=\"auto, (max-width: 300px) 100vw, 300px\" \/><\/a>\n\t\t\t<\/dt><\/dl><dl class='gallery-item'>\n\t\t\t<dt class='gallery-icon landscape'>\n\t\t\t\t<a href='https:\/\/fieldhockey.ca\/fr\/programme-de-hockey-sur-gazon-canada-stick-together\/image015-2\/'><img loading=\"lazy\" decoding=\"async\" width=\"300\" height=\"141\" src=\"https:\/\/fieldhockey.ca\/wp-content\/uploads\/2024\/06\/image015-300x141.png\" class=\"attachment-medium size-medium\" alt=\"\" srcset=\"https:\/\/fieldhockey.ca\/wp-content\/uploads\/2024\/06\/image015-300x141.png 300w, https:\/\/fieldhockey.ca\/wp-content\/uploads\/2024\/06\/image015-1024x481.png 1024w, https:\/\/fieldhockey.ca\/wp-content\/uploads\/2024\/06\/image015-768x360.png 768w, https:\/\/fieldhockey.ca\/wp-content\/uploads\/2024\/06\/image015.png 1138w\" sizes=\"auto, (max-width: 300px) 100vw, 300px\" \/><\/a>\n\t\t\t<\/dt><\/dl><br style=\"clear: both\" \/>\n\t\t<\/div>\n\n<p>Le programme Stick Together des Nepean Nighthawks a d\u00e9but\u00e9 en janvier et a offert des programmes de hockey en salle pour d\u00e9butants gratuits le samedi aux jeunes autochtones. Les inscrits ont rejoint les ateliers pour d\u00e9butants existants chaque samedi pour des cours de hockey, culminant avec un tournoi en mars. Le programme comprenait une inscription facile, un transport gratuit et de l&rsquo;\u00e9quipement pour les sessions. Selon la coordinatrice du programme, l&rsquo;objectif \u00e9tait de r\u00e9duire les barri\u00e8res autant que possible. Et avec cela, elle pense qu&rsquo;ils ont atteint une communaut\u00e9 ayant besoin d&rsquo;acc\u00e8s au sport.<\/p>\n<hr \/>\n<p><a href=\"https:\/\/fieldhockey.ca\/wp-content\/uploads\/2024\/01\/MicrosoftTeams-image.png\"><img loading=\"lazy\" decoding=\"async\" class=\"aligncenter size-full wp-image-45992\" src=\"https:\/\/fieldhockey.ca\/wp-content\/uploads\/2024\/01\/MicrosoftTeams-image.png\" alt=\"\" width=\"2550\" height=\"2700\" srcset=\"https:\/\/fieldhockey.ca\/wp-content\/uploads\/2024\/01\/MicrosoftTeams-image.png 2550w, https:\/\/fieldhockey.ca\/wp-content\/uploads\/2024\/01\/MicrosoftTeams-image-283x300.png 283w, https:\/\/fieldhockey.ca\/wp-content\/uploads\/2024\/01\/MicrosoftTeams-image-967x1024.png 967w, https:\/\/fieldhockey.ca\/wp-content\/uploads\/2024\/01\/MicrosoftTeams-image-768x813.png 768w, https:\/\/fieldhockey.ca\/wp-content\/uploads\/2024\/01\/MicrosoftTeams-image-1451x1536.png 1451w, https:\/\/fieldhockey.ca\/wp-content\/uploads\/2024\/01\/MicrosoftTeams-image-1934x2048.png 1934w\" sizes=\"auto, (max-width: 2550px) 100vw, 2550px\" \/><\/a><\/p>\n","protected":false},"excerpt":{"rendered":"<p>Du niveau local \u00e0 la haute performance, Hockey sur Gazon Canada travaille \u00e0 d\u00e9velopper et renforcer le hockey sur gazon \u00e0 travers le pays. Environ 18 000 joueurs de hockey sur gazon \u00e0 travers le pays se consacrent \u00e0 ce sport \u00e0 tous les niveaux, du hockey communautaire \u00e0 la haute performance. Nous Restons Ensemble [&hellip;]<\/p>\n","protected":false},"author":1,"featured_media":43238,"parent":0,"menu_order":0,"comment_status":"closed","ping_status":"closed","template":"","meta":{"footnotes":""},"class_list":["post-50514","page","type-page","status-publish","has-post-thumbnail","hentry"],"yoast_head":"<!-- This site is optimized with the Yoast SEO plugin v26.8 - https:\/\/yoast.com\/product\/yoast-seo-wordpress\/ -->\n<title>Programme de Hockey sur Gazon Canada: Stick Together - Field Hockey Canada<\/title>\n<meta name=\"robots\" content=\"index, follow, max-snippet:-1, max-image-preview:large, max-video-preview:-1\" \/>\n<link rel=\"canonical\" href=\"https:\/\/fieldhockey.ca\/fr\/programme-de-hockey-sur-gazon-canada-stick-together\/\" \/>\n<meta property=\"og:locale\" content=\"fr_CA\" \/>\n<meta property=\"og:type\" content=\"article\" \/>\n<meta property=\"og:title\" content=\"Programme de Hockey sur Gazon Canada: Stick Together - Field Hockey Canada\" \/>\n<meta property=\"og:description\" content=\"Du niveau local \u00e0 la haute performance, Hockey sur Gazon Canada travaille \u00e0 d\u00e9velopper et renforcer le hockey sur gazon \u00e0 travers le pays. Environ 18 000 joueurs de hockey sur gazon \u00e0 travers le pays se consacrent \u00e0 ce sport \u00e0 tous les niveaux, du hockey communautaire \u00e0 la haute performance. Nous Restons Ensemble [&hellip;]\" \/>\n<meta property=\"og:url\" content=\"https:\/\/fieldhockey.ca\/fr\/programme-de-hockey-sur-gazon-canada-stick-together\/\" \/>\n<meta property=\"og:site_name\" content=\"Field Hockey Canada\" \/>\n<meta property=\"og:image\" content=\"https:\/\/fieldhockey.ca\/wp-content\/uploads\/2023\/03\/stick-together-3.jpg\" \/>\n\t<meta property=\"og:image:width\" content=\"1600\" \/>\n\t<meta property=\"og:image:height\" content=\"1200\" \/>\n\t<meta property=\"og:image:type\" content=\"image\/jpeg\" \/>\n<meta name=\"twitter:card\" content=\"summary_large_image\" \/>\n<meta name=\"twitter:label1\" content=\"Estimation du temps de lecture\" \/>\n\t<meta name=\"twitter:data1\" content=\"4 minutes\" \/>\n<script type=\"application\/ld+json\" class=\"yoast-schema-graph\">{\"@context\":\"https:\/\/schema.org\",\"@graph\":[{\"@type\":\"WebPage\",\"@id\":\"https:\/\/fieldhockey.ca\/fr\/programme-de-hockey-sur-gazon-canada-stick-together\/\",\"url\":\"https:\/\/fieldhockey.ca\/fr\/programme-de-hockey-sur-gazon-canada-stick-together\/\",\"name\":\"Programme de Hockey sur Gazon Canada: Stick Together - Field Hockey Canada\",\"isPartOf\":{\"@id\":\"https:\/\/fieldhockey.ca\/#website\"},\"primaryImageOfPage\":{\"@id\":\"https:\/\/fieldhockey.ca\/fr\/programme-de-hockey-sur-gazon-canada-stick-together\/#primaryimage\"},\"image\":{\"@id\":\"https:\/\/fieldhockey.ca\/fr\/programme-de-hockey-sur-gazon-canada-stick-together\/#primaryimage\"},\"thumbnailUrl\":\"https:\/\/fieldhockey.ca\/wp-content\/uploads\/2023\/03\/stick-together-3.jpg\",\"datePublished\":\"2024-12-20T19:03:30+00:00\",\"breadcrumb\":{\"@id\":\"https:\/\/fieldhockey.ca\/fr\/programme-de-hockey-sur-gazon-canada-stick-together\/#breadcrumb\"},\"inLanguage\":\"fr-CA\",\"potentialAction\":[{\"@type\":\"ReadAction\",\"target\":[\"https:\/\/fieldhockey.ca\/fr\/programme-de-hockey-sur-gazon-canada-stick-together\/\"]}]},{\"@type\":\"ImageObject\",\"inLanguage\":\"fr-CA\",\"@id\":\"https:\/\/fieldhockey.ca\/fr\/programme-de-hockey-sur-gazon-canada-stick-together\/#primaryimage\",\"url\":\"https:\/\/fieldhockey.ca\/wp-content\/uploads\/2023\/03\/stick-together-3.jpg\",\"contentUrl\":\"https:\/\/fieldhockey.ca\/wp-content\/uploads\/2023\/03\/stick-together-3.jpg\",\"width\":1600,\"height\":1200},{\"@type\":\"BreadcrumbList\",\"@id\":\"https:\/\/fieldhockey.ca\/fr\/programme-de-hockey-sur-gazon-canada-stick-together\/#breadcrumb\",\"itemListElement\":[{\"@type\":\"ListItem\",\"position\":1,\"name\":\"Home\",\"item\":\"https:\/\/fieldhockey.ca\/fr\/\"},{\"@type\":\"ListItem\",\"position\":2,\"name\":\"Programme de Hockey sur Gazon Canada: Stick Together\"}]},{\"@type\":\"WebSite\",\"@id\":\"https:\/\/fieldhockey.ca\/#website\",\"url\":\"https:\/\/fieldhockey.ca\/\",\"name\":\"Field Hockey Canada\",\"description\":\"Canada\u2019s governing body for field hockey\",\"potentialAction\":[{\"@type\":\"SearchAction\",\"target\":{\"@type\":\"EntryPoint\",\"urlTemplate\":\"https:\/\/fieldhockey.ca\/?s={search_term_string}\"},\"query-input\":{\"@type\":\"PropertyValueSpecification\",\"valueRequired\":true,\"valueName\":\"search_term_string\"}}],\"inLanguage\":\"fr-CA\"}]}<\/script>\n<!-- \/ Yoast SEO plugin. -->","yoast_head_json":{"title":"Programme de Hockey sur Gazon Canada: Stick Together - Field Hockey Canada","robots":{"index":"index","follow":"follow","max-snippet":"max-snippet:-1","max-image-preview":"max-image-preview:large","max-video-preview":"max-video-preview:-1"},"canonical":"https:\/\/fieldhockey.ca\/fr\/programme-de-hockey-sur-gazon-canada-stick-together\/","og_locale":"fr_CA","og_type":"article","og_title":"Programme de Hockey sur Gazon Canada: Stick Together - Field Hockey Canada","og_description":"Du niveau local \u00e0 la haute performance, Hockey sur Gazon Canada travaille \u00e0 d\u00e9velopper et renforcer le hockey sur gazon \u00e0 travers le pays. Environ 18 000 joueurs de hockey sur gazon \u00e0 travers le pays se consacrent \u00e0 ce sport \u00e0 tous les niveaux, du hockey communautaire \u00e0 la haute performance. Nous Restons Ensemble [&hellip;]","og_url":"https:\/\/fieldhockey.ca\/fr\/programme-de-hockey-sur-gazon-canada-stick-together\/","og_site_name":"Field Hockey Canada","og_image":[{"width":1600,"height":1200,"url":"https:\/\/fieldhockey.ca\/wp-content\/uploads\/2023\/03\/stick-together-3.jpg","type":"image\/jpeg"}],"twitter_card":"summary_large_image","twitter_misc":{"Estimation du temps de lecture":"4 minutes"},"schema":{"@context":"https:\/\/schema.org","@graph":[{"@type":"WebPage","@id":"https:\/\/fieldhockey.ca\/fr\/programme-de-hockey-sur-gazon-canada-stick-together\/","url":"https:\/\/fieldhockey.ca\/fr\/programme-de-hockey-sur-gazon-canada-stick-together\/","name":"Programme de Hockey sur Gazon Canada: Stick Together - Field Hockey Canada","isPartOf":{"@id":"https:\/\/fieldhockey.ca\/#website"},"primaryImageOfPage":{"@id":"https:\/\/fieldhockey.ca\/fr\/programme-de-hockey-sur-gazon-canada-stick-together\/#primaryimage"},"image":{"@id":"https:\/\/fieldhockey.ca\/fr\/programme-de-hockey-sur-gazon-canada-stick-together\/#primaryimage"},"thumbnailUrl":"https:\/\/fieldhockey.ca\/wp-content\/uploads\/2023\/03\/stick-together-3.jpg","datePublished":"2024-12-20T19:03:30+00:00","breadcrumb":{"@id":"https:\/\/fieldhockey.ca\/fr\/programme-de-hockey-sur-gazon-canada-stick-together\/#breadcrumb"},"inLanguage":"fr-CA","potentialAction":[{"@type":"ReadAction","target":["https:\/\/fieldhockey.ca\/fr\/programme-de-hockey-sur-gazon-canada-stick-together\/"]}]},{"@type":"ImageObject","inLanguage":"fr-CA","@id":"https:\/\/fieldhockey.ca\/fr\/programme-de-hockey-sur-gazon-canada-stick-together\/#primaryimage","url":"https:\/\/fieldhockey.ca\/wp-content\/uploads\/2023\/03\/stick-together-3.jpg","contentUrl":"https:\/\/fieldhockey.ca\/wp-content\/uploads\/2023\/03\/stick-together-3.jpg","width":1600,"height":1200},{"@type":"BreadcrumbList","@id":"https:\/\/fieldhockey.ca\/fr\/programme-de-hockey-sur-gazon-canada-stick-together\/#breadcrumb","itemListElement":[{"@type":"ListItem","position":1,"name":"Home","item":"https:\/\/fieldhockey.ca\/fr\/"},{"@type":"ListItem","position":2,"name":"Programme de Hockey sur Gazon Canada: Stick Together"}]},{"@type":"WebSite","@id":"https:\/\/fieldhockey.ca\/#website","url":"https:\/\/fieldhockey.ca\/","name":"Field Hockey Canada","description":"Canada\u2019s governing body for field hockey","potentialAction":[{"@type":"SearchAction","target":{"@type":"EntryPoint","urlTemplate":"https:\/\/fieldhockey.ca\/?s={search_term_string}"},"query-input":{"@type":"PropertyValueSpecification","valueRequired":true,"valueName":"search_term_string"}}],"inLanguage":"fr-CA"}]}},"_links":{"self":[{"href":"https:\/\/fieldhockey.ca\/fr\/wp-json\/wp\/v2\/pages\/50514","targetHints":{"allow":["GET"]}}],"collection":[{"href":"https:\/\/fieldhockey.ca\/fr\/wp-json\/wp\/v2\/pages"}],"about":[{"href":"https:\/\/fieldhockey.ca\/fr\/wp-json\/wp\/v2\/types\/page"}],"author":[{"embeddable":true,"href":"https:\/\/fieldhockey.ca\/fr\/wp-json\/wp\/v2\/users\/1"}],"replies":[{"embeddable":true,"href":"https:\/\/fieldhockey.ca\/fr\/wp-json\/wp\/v2\/comments?post=50514"}],"version-history":[{"count":1,"href":"https:\/\/fieldhockey.ca\/fr\/wp-json\/wp\/v2\/pages\/50514\/revisions"}],"predecessor-version":[{"id":50515,"href":"https:\/\/fieldhockey.ca\/fr\/wp-json\/wp\/v2\/pages\/50514\/revisions\/50515"}],"wp:featuredmedia":[{"embeddable":true,"href":"https:\/\/fieldhockey.ca\/fr\/wp-json\/wp\/v2\/media\/43238"}],"wp:attachment":[{"href":"https:\/\/fieldhockey.ca\/fr\/wp-json\/wp\/v2\/media?parent=50514"}],"curies":[{"name":"wp","href":"https:\/\/api.w.org\/{rel}","templated":true}]}}