{"id":50518,"date":"2024-12-20T11:11:37","date_gmt":"2024-12-20T19:11:37","guid":{"rendered":"https:\/\/fieldhockey.ca\/?page_id=50518"},"modified":"2024-12-20T11:13:21","modified_gmt":"2024-12-20T19:13:21","slug":"points-forts-du-programme-stick-together","status":"publish","type":"page","link":"https:\/\/fieldhockey.ca\/fr\/points-forts-du-programme-stick-together\/","title":{"rendered":"Points forts du programme: Stick Together"},"content":{"rendered":"<p>Du niveau local \u00e0 la haute performance, Hockey sur Gazon Canada travaille \u00e0 d\u00e9velopper et renforcer le hockey sur gazon \u00e0 travers le pays. Environ 18 000 joueurs de hockey sur gazon \u00e0 travers le pays se consacrent \u00e0 ce sport \u00e0 tous les niveaux, du hockey communautaire \u00e0 la haute performance.<\/p>\n<p><strong>Nous Restons Ensemble<\/strong><\/p>\n<p>Restons Ensemble est un projet financ\u00e9 par l&rsquo;Initiative pour le sport communautaire pour tous du gouvernement du Canada (CSAI). Son objectif est de supprimer les barri\u00e8res et d&rsquo;augmenter les taux de participation des groupes mal desservis, tels que d\u00e9finis par le gouvernement du Canada : peuples autochtones, Noirs, 2SLGBTQQIA+, faibles revenus, nouveaux arrivants, personnes racialis\u00e9es ou personnes en situation de handicap.<\/p>\n<p>Le soutien continu du gouvernement du Canada au travail de FHC dans ce domaine permet aux communaut\u00e9s de hockey sur gazon \u00e0 travers le Canada de rester ensemble et de poursuivre le travail commenc\u00e9 l&rsquo;ann\u00e9e derni\u00e8re pour offrir du sport aux groupes mal desservis. La PDG Susan Ahrens a d\u00e9clar\u00e9 qu&rsquo;apr\u00e8s l&rsquo;excellent travail communautaire de l&rsquo;ann\u00e9e derni\u00e8re, Hockey sur Gazon Canada est heureux de pouvoir d\u00e9velopper ce programme gr\u00e2ce au soutien continu.<\/p>\n<hr \/>\n<h2><strong>Fil d&rsquo;actualit\u00e9s<\/strong><\/h2>\n<blockquote class=\"twitter-tweet\">\n<p dir=\"ltr\" lang=\"fr\">Stick Together sessions are making a difference in Ottawa and East Vancouver. Access to sport is important! <a href=\"https:\/\/twitter.com\/hashtag\/CSAI?src=hash&amp;ref_src=twsrc%5Etfw\">#CSAI<\/a> <a href=\"https:\/\/twitter.com\/hashtag\/CommunitySport?src=hash&amp;ref_src=twsrc%5Etfw\">#CommunitySport<\/a> <a href=\"https:\/\/twitter.com\/hashtag\/StickTogether?src=hash&amp;ref_src=twsrc%5Etfw\">#StickTogether<\/a><br \/>\n&#8212;-<br \/>\nLes s\u00e9ances Stick Together font la diff\u00e9rence \u00e0 Ottawa et \u00e0 East Vancouver. L&rsquo;acc\u00e8s au sport est important ! <a href=\"https:\/\/t.co\/yGnZy6mVNF\">pic.twitter.com\/yGnZy6mVNF<\/a><\/p>\n<p>\u2014 Field Hockey Canada (@FieldHockeyCan) <a href=\"https:\/\/twitter.com\/FieldHockeyCan\/status\/1783219864603353297?ref_src=twsrc%5Etfw\">April 24, 2024<\/a><\/p><\/blockquote>\n<p><script async src=\"https:\/\/platform.twitter.com\/widgets.js\" charset=\"utf-8\"><\/script><\/p>\n<blockquote class=\"twitter-tweet\">\n<p dir=\"ltr\" lang=\"en\">The CSAI Field Hockey Canada Stick Together program brings sport to underserved communities across Canada, including Surrey, Calgary, and Vancouver, among many other communities.<\/p>\n<p>See more community highlights:<a href=\"https:\/\/t.co\/aJLDnudFlE\">https:\/\/t.co\/aJLDnudFlE<\/a><a href=\"https:\/\/twitter.com\/hashtag\/CSAI?src=hash&amp;ref_src=twsrc%5Etfw\">#CSAI<\/a> <a href=\"https:\/\/twitter.com\/hashtag\/CommunitySport?src=hash&amp;ref_src=twsrc%5Etfw\">#CommunitySport<\/a> <a href=\"https:\/\/twitter.com\/hashtag\/StickTogether?src=hash&amp;ref_src=twsrc%5Etfw\">#StickTogether<\/a> <a href=\"https:\/\/t.co\/nZq4BLkmUI\">pic.twitter.com\/nZq4BLkmUI<\/a><\/p>\n<p>\u2014 Field Hockey Canada (@FieldHockeyCan) <a href=\"https:\/\/twitter.com\/FieldHockeyCan\/status\/1778862940470620666?ref_src=twsrc%5Etfw\">April 12, 2024<\/a><\/p><\/blockquote>\n<p><script async src=\"https:\/\/platform.twitter.com\/widgets.js\" charset=\"utf-8\"><\/script><\/p>\n<blockquote class=\"instagram-media\" style=\"background: #FFF; border: 0; border-radius: 3px; box-shadow: 0 0 1px 0 rgba(0,0,0,0.5),0 1px 10px 0 rgba(0,0,0,0.15); margin: 1px; max-width: 540px; min-width: 326px; padding: 0; width: calc(100% - 2px);\" data-instgrm-captioned=\"\" data-instgrm-permalink=\"https:\/\/www.instagram.com\/p\/C15an5hP5fC\/?utm_source=ig_embed&amp;utm_campaign=loading\" data-instgrm-version=\"14\">\n<div style=\"padding: 16px;\">\n<p>&nbsp;<\/p>\n<div style=\"display: flex; flex-direction: row; align-items: center;\">\n<div style=\"background-color: #f4f4f4; border-radius: 50%; flex-grow: 0; height: 40px; margin-right: 14px; width: 40px;\"><\/div>\n<div style=\"display: flex; flex-direction: column; flex-grow: 1; justify-content: center;\">\n<div style=\"background-color: #f4f4f4; border-radius: 4px; flex-grow: 0; height: 14px; margin-bottom: 6px; width: 100px;\"><\/div>\n<div style=\"background-color: #f4f4f4; border-radius: 4px; flex-grow: 0; height: 14px; width: 60px;\"><\/div>\n<\/div>\n<\/div>\n<div style=\"padding: 19% 0;\"><\/div>\n<div style=\"display: block; height: 50px; margin: 0 auto 12px; width: 50px;\"><\/div>\n<div style=\"padding-top: 8px;\">\n<div style=\"color: #3897f0; font-family: Arial,sans-serif; font-size: 14px; font-style: normal; font-weight: 550; line-height: 18px;\">View this post on Instagram<\/div>\n<\/div>\n<div style=\"padding: 12.5% 0;\"><\/div>\n<div style=\"display: flex; flex-direction: row; margin-bottom: 14px; align-items: center;\">\n<div>\n<div style=\"background-color: #f4f4f4; border-radius: 50%; height: 12.5px; width: 12.5px; transform: translateX(0px) translateY(7px);\"><\/div>\n<div style=\"background-color: #f4f4f4; height: 12.5px; transform: rotate(-45deg) translateX(3px) translateY(1px); width: 12.5px; flex-grow: 0; margin-right: 14px; margin-left: 2px;\"><\/div>\n<div style=\"background-color: #f4f4f4; border-radius: 50%; height: 12.5px; width: 12.5px; transform: translateX(9px) translateY(-18px);\"><\/div>\n<\/div>\n<div style=\"margin-left: 8px;\">\n<div style=\"background-color: #f4f4f4; border-radius: 50%; flex-grow: 0; height: 20px; width: 20px;\"><\/div>\n<div style=\"width: 0; height: 0; border-top: 2px solid transparent; border-left: 6px solid #f4f4f4; border-bottom: 2px solid transparent; transform: translateX(16px) translateY(-4px) rotate(30deg);\"><\/div>\n<\/div>\n<div style=\"margin-left: auto;\">\n<div style=\"width: 0px; border-top: 8px solid #F4F4F4; border-right: 8px solid transparent; transform: translateY(16px);\"><\/div>\n<div style=\"background-color: #f4f4f4; flex-grow: 0; height: 12px; width: 16px; transform: translateY(-4px);\"><\/div>\n<div style=\"width: 0; height: 0; border-top: 8px solid #F4F4F4; border-left: 8px solid transparent; transform: translateY(-4px) translateX(8px);\"><\/div>\n<\/div>\n<\/div>\n<div style=\"display: flex; flex-direction: column; flex-grow: 1; justify-content: center; margin-bottom: 24px;\">\n<div style=\"background-color: #f4f4f4; border-radius: 4px; flex-grow: 0; height: 14px; margin-bottom: 6px; width: 224px;\"><\/div>\n<div style=\"background-color: #f4f4f4; border-radius: 4px; flex-grow: 0; height: 14px; width: 144px;\"><\/div>\n<\/div>\n<p>&nbsp;<\/p>\n<p style=\"color: #c9c8cd; font-family: Arial,sans-serif; font-size: 14px; line-height: 17px; margin-bottom: 0; margin-top: 8px; overflow: hidden; padding: 8px 0 7px; text-align: center; text-overflow: ellipsis; white-space: nowrap;\"><a style=\"color: #c9c8cd; font-family: Arial,sans-serif; font-size: 14px; font-style: normal; font-weight: normal; line-height: 17px; text-decoration: none;\" href=\"https:\/\/www.instagram.com\/p\/C15an5hP5fC\/?utm_source=ig_embed&amp;utm_campaign=loading\" target=\"_blank\" rel=\"noopener\">A post shared by Field Hockey Canada (@fieldhockeycan)<\/a><\/p>\n<\/div>\n<\/blockquote>\n<p><script async src=\"\/\/www.instagram.com\/embed.js\"><\/script><\/p>\n<hr \/>\n<h2><strong>PROJETS COMMUNAUTAIRES 2023<\/strong><\/h2>\n<p><strong>PROGRAMME DES \u00c9COLES DES VANCOUVER HAWKS PROMOUVANT LE SPORT COMMUNAUTAIRE POUR TOUS DANS LES \u00c9COLES PRIMAIRES<\/strong><\/p>\n<p>Les entra\u00eeneurs des Vancouver Hawks apportaient tout l&rsquo;\u00e9quipement et un plan de le\u00e7on et travaillaient avec chaque classe d&rsquo;une \u00e9cole primaire pendant les blocs d&rsquo;\u00e9ducation physique de la semaine. L&rsquo;instruction allait de la litt\u00e9ratie physique standard pour les groupes plus jeunes au jeu et aux comp\u00e9tences techniques plus avanc\u00e9es pour les groupes plus \u00e2g\u00e9s. Le programme des \u00e9coles des Hawks a \u00e9t\u00e9 mis en \u0153uvre avec succ\u00e8s dans 14 \u00e9coles de la r\u00e9gion m\u00e9tropolitaine de Vancouver et a initi\u00e9 environ 6000 \u00e9l\u00e8ves \u00e2g\u00e9s de cinq \u00e0 douze ans au hockey sur gazon.<\/p>\n<p><strong>LES NEPEAN NIGHTHAWKS ORGANISENT UN PROGRAMME DE HOCKEY SANS BARRI\u00c8RES POUR LES JEUNES AUTOCHTONES<\/strong><\/p>\n<p>Le programme Stick Together a d\u00e9but\u00e9 en janvier et a offert des programmes de hockey en salle pour d\u00e9butants gratuits le samedi aux jeunes autochtones. Les inscrits ont rejoint les ateliers pour d\u00e9butants existants chaque samedi pour des cours de hockey, culminant avec un tournoi en mars. Le programme comprenait une inscription facile, un transport gratuit et de l&rsquo;\u00e9quipement pour les sessions. Selon Chopra, coordinatrice du programme, l&rsquo;objectif \u00e9tait de r\u00e9duire les barri\u00e8res autant que possible. Et avec cela, elle pense qu&rsquo;ils ont atteint une communaut\u00e9 ayant besoin d&rsquo;acc\u00e8s au sport.<\/p>\n","protected":false},"excerpt":{"rendered":"<p>Du niveau local \u00e0 la haute performance, Hockey sur Gazon Canada travaille \u00e0 d\u00e9velopper et renforcer le hockey sur gazon \u00e0 travers le pays. Environ 18 000 joueurs de hockey sur gazon \u00e0 travers le pays se consacrent \u00e0 ce sport \u00e0 tous les niveaux, du hockey communautaire \u00e0 la haute performance. Nous Restons Ensemble [&hellip;]<\/p>\n","protected":false},"author":1,"featured_media":43589,"parent":0,"menu_order":0,"comment_status":"closed","ping_status":"closed","template":"","meta":{"footnotes":""},"class_list":["post-50518","page","type-page","status-publish","has-post-thumbnail","hentry"],"yoast_head":"<!-- This site is optimized with the Yoast SEO plugin v26.8 - https:\/\/yoast.com\/product\/yoast-seo-wordpress\/ -->\n<title>Points forts du programme: Stick Together - Field Hockey Canada<\/title>\n<meta name=\"robots\" content=\"index, follow, max-snippet:-1, max-image-preview:large, max-video-preview:-1\" \/>\n<link rel=\"canonical\" href=\"https:\/\/fieldhockey.ca\/fr\/points-forts-du-programme-stick-together\/\" \/>\n<meta property=\"og:locale\" content=\"fr_CA\" \/>\n<meta property=\"og:type\" content=\"article\" \/>\n<meta property=\"og:title\" content=\"Points forts du programme: Stick Together - Field Hockey Canada\" \/>\n<meta property=\"og:description\" content=\"Du niveau local \u00e0 la haute performance, Hockey sur Gazon Canada travaille \u00e0 d\u00e9velopper et renforcer le hockey sur gazon \u00e0 travers le pays. Environ 18 000 joueurs de hockey sur gazon \u00e0 travers le pays se consacrent \u00e0 ce sport \u00e0 tous les niveaux, du hockey communautaire \u00e0 la haute performance. Nous Restons Ensemble [&hellip;]\" \/>\n<meta property=\"og:url\" content=\"https:\/\/fieldhockey.ca\/fr\/points-forts-du-programme-stick-together\/\" \/>\n<meta property=\"og:site_name\" content=\"Field Hockey Canada\" \/>\n<meta property=\"article:modified_time\" content=\"2024-12-20T19:13:21+00:00\" \/>\n<meta property=\"og:image\" content=\"https:\/\/fieldhockey.ca\/wp-content\/uploads\/2023\/05\/image001-4-1024x583.png\" \/>\n\t<meta property=\"og:image:width\" content=\"1024\" \/>\n\t<meta property=\"og:image:height\" content=\"583\" \/>\n\t<meta property=\"og:image:type\" content=\"image\/png\" \/>\n<meta name=\"twitter:card\" content=\"summary_large_image\" \/>\n<meta name=\"twitter:label1\" content=\"Estimation du temps de lecture\" \/>\n\t<meta name=\"twitter:data1\" content=\"2 minutes\" \/>\n<script type=\"application\/ld+json\" class=\"yoast-schema-graph\">{\"@context\":\"https:\/\/schema.org\",\"@graph\":[{\"@type\":\"WebPage\",\"@id\":\"https:\/\/fieldhockey.ca\/fr\/points-forts-du-programme-stick-together\/\",\"url\":\"https:\/\/fieldhockey.ca\/fr\/points-forts-du-programme-stick-together\/\",\"name\":\"Points forts du programme: Stick Together - Field Hockey Canada\",\"isPartOf\":{\"@id\":\"https:\/\/fieldhockey.ca\/#website\"},\"primaryImageOfPage\":{\"@id\":\"https:\/\/fieldhockey.ca\/fr\/points-forts-du-programme-stick-together\/#primaryimage\"},\"image\":{\"@id\":\"https:\/\/fieldhockey.ca\/fr\/points-forts-du-programme-stick-together\/#primaryimage\"},\"thumbnailUrl\":\"https:\/\/fieldhockey.ca\/wp-content\/uploads\/2023\/05\/image001-4.png\",\"datePublished\":\"2024-12-20T19:11:37+00:00\",\"dateModified\":\"2024-12-20T19:13:21+00:00\",\"breadcrumb\":{\"@id\":\"https:\/\/fieldhockey.ca\/fr\/points-forts-du-programme-stick-together\/#breadcrumb\"},\"inLanguage\":\"fr-CA\",\"potentialAction\":[{\"@type\":\"ReadAction\",\"target\":[\"https:\/\/fieldhockey.ca\/fr\/points-forts-du-programme-stick-together\/\"]}]},{\"@type\":\"ImageObject\",\"inLanguage\":\"fr-CA\",\"@id\":\"https:\/\/fieldhockey.ca\/fr\/points-forts-du-programme-stick-together\/#primaryimage\",\"url\":\"https:\/\/fieldhockey.ca\/wp-content\/uploads\/2023\/05\/image001-4.png\",\"contentUrl\":\"https:\/\/fieldhockey.ca\/wp-content\/uploads\/2023\/05\/image001-4.png\",\"width\":1286,\"height\":732},{\"@type\":\"BreadcrumbList\",\"@id\":\"https:\/\/fieldhockey.ca\/fr\/points-forts-du-programme-stick-together\/#breadcrumb\",\"itemListElement\":[{\"@type\":\"ListItem\",\"position\":1,\"name\":\"Home\",\"item\":\"https:\/\/fieldhockey.ca\/fr\/\"},{\"@type\":\"ListItem\",\"position\":2,\"name\":\"Points forts du programme: Stick Together\"}]},{\"@type\":\"WebSite\",\"@id\":\"https:\/\/fieldhockey.ca\/#website\",\"url\":\"https:\/\/fieldhockey.ca\/\",\"name\":\"Field Hockey Canada\",\"description\":\"Canada\u2019s governing body for field hockey\",\"potentialAction\":[{\"@type\":\"SearchAction\",\"target\":{\"@type\":\"EntryPoint\",\"urlTemplate\":\"https:\/\/fieldhockey.ca\/?s={search_term_string}\"},\"query-input\":{\"@type\":\"PropertyValueSpecification\",\"valueRequired\":true,\"valueName\":\"search_term_string\"}}],\"inLanguage\":\"fr-CA\"}]}<\/script>\n<!-- \/ Yoast SEO plugin. -->","yoast_head_json":{"title":"Points forts du programme: Stick Together - Field Hockey Canada","robots":{"index":"index","follow":"follow","max-snippet":"max-snippet:-1","max-image-preview":"max-image-preview:large","max-video-preview":"max-video-preview:-1"},"canonical":"https:\/\/fieldhockey.ca\/fr\/points-forts-du-programme-stick-together\/","og_locale":"fr_CA","og_type":"article","og_title":"Points forts du programme: Stick Together - Field Hockey Canada","og_description":"Du niveau local \u00e0 la haute performance, Hockey sur Gazon Canada travaille \u00e0 d\u00e9velopper et renforcer le hockey sur gazon \u00e0 travers le pays. Environ 18 000 joueurs de hockey sur gazon \u00e0 travers le pays se consacrent \u00e0 ce sport \u00e0 tous les niveaux, du hockey communautaire \u00e0 la haute performance. Nous Restons Ensemble [&hellip;]","og_url":"https:\/\/fieldhockey.ca\/fr\/points-forts-du-programme-stick-together\/","og_site_name":"Field Hockey Canada","article_modified_time":"2024-12-20T19:13:21+00:00","og_image":[{"width":1024,"height":583,"url":"https:\/\/fieldhockey.ca\/wp-content\/uploads\/2023\/05\/image001-4-1024x583.png","type":"image\/png"}],"twitter_card":"summary_large_image","twitter_misc":{"Estimation du temps de lecture":"2 minutes"},"schema":{"@context":"https:\/\/schema.org","@graph":[{"@type":"WebPage","@id":"https:\/\/fieldhockey.ca\/fr\/points-forts-du-programme-stick-together\/","url":"https:\/\/fieldhockey.ca\/fr\/points-forts-du-programme-stick-together\/","name":"Points forts du programme: Stick Together - Field Hockey Canada","isPartOf":{"@id":"https:\/\/fieldhockey.ca\/#website"},"primaryImageOfPage":{"@id":"https:\/\/fieldhockey.ca\/fr\/points-forts-du-programme-stick-together\/#primaryimage"},"image":{"@id":"https:\/\/fieldhockey.ca\/fr\/points-forts-du-programme-stick-together\/#primaryimage"},"thumbnailUrl":"https:\/\/fieldhockey.ca\/wp-content\/uploads\/2023\/05\/image001-4.png","datePublished":"2024-12-20T19:11:37+00:00","dateModified":"2024-12-20T19:13:21+00:00","breadcrumb":{"@id":"https:\/\/fieldhockey.ca\/fr\/points-forts-du-programme-stick-together\/#breadcrumb"},"inLanguage":"fr-CA","potentialAction":[{"@type":"ReadAction","target":["https:\/\/fieldhockey.ca\/fr\/points-forts-du-programme-stick-together\/"]}]},{"@type":"ImageObject","inLanguage":"fr-CA","@id":"https:\/\/fieldhockey.ca\/fr\/points-forts-du-programme-stick-together\/#primaryimage","url":"https:\/\/fieldhockey.ca\/wp-content\/uploads\/2023\/05\/image001-4.png","contentUrl":"https:\/\/fieldhockey.ca\/wp-content\/uploads\/2023\/05\/image001-4.png","width":1286,"height":732},{"@type":"BreadcrumbList","@id":"https:\/\/fieldhockey.ca\/fr\/points-forts-du-programme-stick-together\/#breadcrumb","itemListElement":[{"@type":"ListItem","position":1,"name":"Home","item":"https:\/\/fieldhockey.ca\/fr\/"},{"@type":"ListItem","position":2,"name":"Points forts du programme: Stick Together"}]},{"@type":"WebSite","@id":"https:\/\/fieldhockey.ca\/#website","url":"https:\/\/fieldhockey.ca\/","name":"Field Hockey Canada","description":"Canada\u2019s governing body for field hockey","potentialAction":[{"@type":"SearchAction","target":{"@type":"EntryPoint","urlTemplate":"https:\/\/fieldhockey.ca\/?s={search_term_string}"},"query-input":{"@type":"PropertyValueSpecification","valueRequired":true,"valueName":"search_term_string"}}],"inLanguage":"fr-CA"}]}},"_links":{"self":[{"href":"https:\/\/fieldhockey.ca\/fr\/wp-json\/wp\/v2\/pages\/50518","targetHints":{"allow":["GET"]}}],"collection":[{"href":"https:\/\/fieldhockey.ca\/fr\/wp-json\/wp\/v2\/pages"}],"about":[{"href":"https:\/\/fieldhockey.ca\/fr\/wp-json\/wp\/v2\/types\/page"}],"author":[{"embeddable":true,"href":"https:\/\/fieldhockey.ca\/fr\/wp-json\/wp\/v2\/users\/1"}],"replies":[{"embeddable":true,"href":"https:\/\/fieldhockey.ca\/fr\/wp-json\/wp\/v2\/comments?post=50518"}],"version-history":[{"count":1,"href":"https:\/\/fieldhockey.ca\/fr\/wp-json\/wp\/v2\/pages\/50518\/revisions"}],"predecessor-version":[{"id":50519,"href":"https:\/\/fieldhockey.ca\/fr\/wp-json\/wp\/v2\/pages\/50518\/revisions\/50519"}],"wp:featuredmedia":[{"embeddable":true,"href":"https:\/\/fieldhockey.ca\/fr\/wp-json\/wp\/v2\/media\/43589"}],"wp:attachment":[{"href":"https:\/\/fieldhockey.ca\/fr\/wp-json\/wp\/v2\/media?parent=50518"}],"curies":[{"name":"wp","href":"https:\/\/api.w.org\/{rel}","templated":true}]}}