{"id":50535,"date":"2025-01-06T15:59:30","date_gmt":"2025-01-06T23:59:30","guid":{"rendered":"https:\/\/fieldhockey.ca\/?page_id=50535"},"modified":"2025-01-06T15:59:31","modified_gmt":"2025-01-06T23:59:31","slug":"tournees-des-jeunes-2025","status":"publish","type":"page","link":"https:\/\/fieldhockey.ca\/fr\/tournees-des-jeunes-2025\/","title":{"rendered":"Tourn\u00e9es des Jeunes 2025"},"content":{"rendered":"<p>Field Hockey Canada est ravi d&rsquo;envoyer trois \u00e9quipes f\u00e9minines de jeunes en tourn\u00e9e en Europe ce printemps. Les deux premi\u00e8res tourn\u00e9es (U16 Tch\u00e9quie et U18 Pays de Galles) auront lieu du 13 au 21 avril. La tourn\u00e9e U18 France se d\u00e9roulera du 2 au 10 mai. Field Hockey Canada collabore actuellement avec USA Field Hockey pour la s\u00e9rie annuelle Can-Am. L&rsquo;ann\u00e9e derni\u00e8re, le Canada a envoy\u00e9 une \u00e9quipe masculine de jeunes \u00e0 cet \u00e9v\u00e9nement. Les mises \u00e0 jour sur les dates et les divisions seront bient\u00f4t disponibles. Veuillez consulter les listes ci-dessous pour les \u00e9v\u00e9nements. Plus d&rsquo;informations, y compris les matchs pr\u00e9vus, seront publi\u00e9es \u00e0 l&rsquo;approche des tourn\u00e9es.<\/p>\n<h2>U16 &#8211; Hradec Kr\u00e1lov\u00e9, Czechia [April 13-21]<\/h2>\n<p><a href=\"https:\/\/fieldhockey.ca\/wp-content\/uploads\/2025\/01\/Czechia-YouthGraphx-02.png\"><img loading=\"lazy\" decoding=\"async\" class=\"alignleft wp-image-50523 size-full\" src=\"https:\/\/fieldhockey.ca\/wp-content\/uploads\/2025\/01\/Czechia-YouthGraphx-02.png\" alt=\"\" width=\"1200\" height=\"1500\" srcset=\"https:\/\/fieldhockey.ca\/wp-content\/uploads\/2025\/01\/Czechia-YouthGraphx-02.png 1200w, https:\/\/fieldhockey.ca\/wp-content\/uploads\/2025\/01\/Czechia-YouthGraphx-02-240x300.png 240w, https:\/\/fieldhockey.ca\/wp-content\/uploads\/2025\/01\/Czechia-YouthGraphx-02-819x1024.png 819w, https:\/\/fieldhockey.ca\/wp-content\/uploads\/2025\/01\/Czechia-YouthGraphx-02-768x960.png 768w\" sizes=\"auto, (max-width: 1200px) 100vw, 1200px\" \/><\/a><\/p>\n<hr \/>\n<h2>U18 &#8211;\u00a0 Cardiff, Wales [April 13-21]<\/h2>\n<p><a href=\"https:\/\/fieldhockey.ca\/wp-content\/uploads\/2025\/01\/Wales-YouthGraphx-02v2.png\"><img loading=\"lazy\" decoding=\"async\" class=\"alignleft wp-image-50527 size-full\" src=\"https:\/\/fieldhockey.ca\/wp-content\/uploads\/2025\/01\/Wales-YouthGraphx-02v2.png\" alt=\"\" width=\"1200\" height=\"1500\" srcset=\"https:\/\/fieldhockey.ca\/wp-content\/uploads\/2025\/01\/Wales-YouthGraphx-02v2.png 1200w, https:\/\/fieldhockey.ca\/wp-content\/uploads\/2025\/01\/Wales-YouthGraphx-02v2-240x300.png 240w, https:\/\/fieldhockey.ca\/wp-content\/uploads\/2025\/01\/Wales-YouthGraphx-02v2-819x1024.png 819w, https:\/\/fieldhockey.ca\/wp-content\/uploads\/2025\/01\/Wales-YouthGraphx-02v2-768x960.png 768w\" sizes=\"auto, (max-width: 1200px) 100vw, 1200px\" \/><\/a><\/p>\n<hr \/>\n<h2>U18 &#8211; Carquefou, France [May 2-10]<\/h2>\n<p><a href=\"https:\/\/fieldhockey.ca\/wp-content\/uploads\/2025\/01\/France-YouthGraphx-02.png\"><img loading=\"lazy\" decoding=\"async\" class=\"alignleft wp-image-50525 size-full\" src=\"https:\/\/fieldhockey.ca\/wp-content\/uploads\/2025\/01\/France-YouthGraphx-02.png\" alt=\"\" width=\"1200\" height=\"1500\" srcset=\"https:\/\/fieldhockey.ca\/wp-content\/uploads\/2025\/01\/France-YouthGraphx-02.png 1200w, https:\/\/fieldhockey.ca\/wp-content\/uploads\/2025\/01\/France-YouthGraphx-02-240x300.png 240w, https:\/\/fieldhockey.ca\/wp-content\/uploads\/2025\/01\/France-YouthGraphx-02-819x1024.png 819w, https:\/\/fieldhockey.ca\/wp-content\/uploads\/2025\/01\/France-YouthGraphx-02-768x960.png 768w\" sizes=\"auto, (max-width: 1200px) 100vw, 1200px\" \/><\/a><\/p>\n","protected":false},"excerpt":{"rendered":"<p>Field Hockey Canada est ravi d&rsquo;envoyer trois \u00e9quipes f\u00e9minines de jeunes en tourn\u00e9e en Europe ce printemps. Les deux premi\u00e8res tourn\u00e9es (U16 Tch\u00e9quie et U18 Pays de Galles) auront lieu du 13 au 21 avril. La tourn\u00e9e U18 France se d\u00e9roulera du 2 au 10 mai. Field Hockey Canada collabore actuellement avec USA Field Hockey [&hellip;]<\/p>\n","protected":false},"author":1,"featured_media":0,"parent":0,"menu_order":0,"comment_status":"closed","ping_status":"closed","template":"","meta":{"footnotes":""},"class_list":["post-50535","page","type-page","status-publish","hentry"],"yoast_head":"<!-- This site is optimized with the Yoast SEO plugin v26.8 - https:\/\/yoast.com\/product\/yoast-seo-wordpress\/ -->\n<title>Tourn\u00e9es des Jeunes 2025 - Field Hockey Canada<\/title>\n<meta name=\"robots\" content=\"index, follow, max-snippet:-1, max-image-preview:large, max-video-preview:-1\" \/>\n<link rel=\"canonical\" href=\"https:\/\/fieldhockey.ca\/fr\/tournees-des-jeunes-2025\/\" \/>\n<meta property=\"og:locale\" content=\"fr_CA\" \/>\n<meta property=\"og:type\" content=\"article\" \/>\n<meta property=\"og:title\" content=\"Tourn\u00e9es des Jeunes 2025 - Field Hockey Canada\" \/>\n<meta property=\"og:description\" content=\"Field Hockey Canada est ravi d&rsquo;envoyer trois \u00e9quipes f\u00e9minines de jeunes en tourn\u00e9e en Europe ce printemps. Les deux premi\u00e8res tourn\u00e9es (U16 Tch\u00e9quie et U18 Pays de Galles) auront lieu du 13 au 21 avril. La tourn\u00e9e U18 France se d\u00e9roulera du 2 au 10 mai. Field Hockey Canada collabore actuellement avec USA Field Hockey [&hellip;]\" \/>\n<meta property=\"og:url\" content=\"https:\/\/fieldhockey.ca\/fr\/tournees-des-jeunes-2025\/\" \/>\n<meta property=\"og:site_name\" content=\"Field Hockey Canada\" \/>\n<meta property=\"article:modified_time\" content=\"2025-01-06T23:59:31+00:00\" \/>\n<meta property=\"og:image\" content=\"https:\/\/fieldhockey.ca\/wp-content\/uploads\/2025\/01\/Czechia-YouthGraphx-02.png\" \/>\n\t<meta property=\"og:image:width\" content=\"1200\" \/>\n\t<meta property=\"og:image:height\" content=\"1500\" \/>\n\t<meta property=\"og:image:type\" content=\"image\/png\" \/>\n<meta name=\"twitter:card\" content=\"summary_large_image\" \/>\n<meta name=\"twitter:label1\" content=\"Estimation du temps de lecture\" \/>\n\t<meta name=\"twitter:data1\" content=\"2 minutes\" \/>\n<script type=\"application\/ld+json\" class=\"yoast-schema-graph\">{\"@context\":\"https:\/\/schema.org\",\"@graph\":[{\"@type\":\"WebPage\",\"@id\":\"https:\/\/fieldhockey.ca\/fr\/tournees-des-jeunes-2025\/\",\"url\":\"https:\/\/fieldhockey.ca\/fr\/tournees-des-jeunes-2025\/\",\"name\":\"Tourn\u00e9es des Jeunes 2025 - Field Hockey Canada\",\"isPartOf\":{\"@id\":\"https:\/\/fieldhockey.ca\/#website\"},\"primaryImageOfPage\":{\"@id\":\"https:\/\/fieldhockey.ca\/fr\/tournees-des-jeunes-2025\/#primaryimage\"},\"image\":{\"@id\":\"https:\/\/fieldhockey.ca\/fr\/tournees-des-jeunes-2025\/#primaryimage\"},\"thumbnailUrl\":\"https:\/\/fieldhockey.ca\/wp-content\/uploads\/2025\/01\/Czechia-YouthGraphx-02.png\",\"datePublished\":\"2025-01-06T23:59:30+00:00\",\"dateModified\":\"2025-01-06T23:59:31+00:00\",\"breadcrumb\":{\"@id\":\"https:\/\/fieldhockey.ca\/fr\/tournees-des-jeunes-2025\/#breadcrumb\"},\"inLanguage\":\"fr-CA\",\"potentialAction\":[{\"@type\":\"ReadAction\",\"target\":[\"https:\/\/fieldhockey.ca\/fr\/tournees-des-jeunes-2025\/\"]}]},{\"@type\":\"ImageObject\",\"inLanguage\":\"fr-CA\",\"@id\":\"https:\/\/fieldhockey.ca\/fr\/tournees-des-jeunes-2025\/#primaryimage\",\"url\":\"https:\/\/fieldhockey.ca\/wp-content\/uploads\/2025\/01\/Czechia-YouthGraphx-02.png\",\"contentUrl\":\"https:\/\/fieldhockey.ca\/wp-content\/uploads\/2025\/01\/Czechia-YouthGraphx-02.png\"},{\"@type\":\"BreadcrumbList\",\"@id\":\"https:\/\/fieldhockey.ca\/fr\/tournees-des-jeunes-2025\/#breadcrumb\",\"itemListElement\":[{\"@type\":\"ListItem\",\"position\":1,\"name\":\"Home\",\"item\":\"https:\/\/fieldhockey.ca\/fr\/\"},{\"@type\":\"ListItem\",\"position\":2,\"name\":\"Tourn\u00e9es des Jeunes 2025\"}]},{\"@type\":\"WebSite\",\"@id\":\"https:\/\/fieldhockey.ca\/#website\",\"url\":\"https:\/\/fieldhockey.ca\/\",\"name\":\"Field Hockey Canada\",\"description\":\"Canada\u2019s governing body for field hockey\",\"potentialAction\":[{\"@type\":\"SearchAction\",\"target\":{\"@type\":\"EntryPoint\",\"urlTemplate\":\"https:\/\/fieldhockey.ca\/?s={search_term_string}\"},\"query-input\":{\"@type\":\"PropertyValueSpecification\",\"valueRequired\":true,\"valueName\":\"search_term_string\"}}],\"inLanguage\":\"fr-CA\"}]}<\/script>\n<!-- \/ Yoast SEO plugin. -->","yoast_head_json":{"title":"Tourn\u00e9es des Jeunes 2025 - Field Hockey Canada","robots":{"index":"index","follow":"follow","max-snippet":"max-snippet:-1","max-image-preview":"max-image-preview:large","max-video-preview":"max-video-preview:-1"},"canonical":"https:\/\/fieldhockey.ca\/fr\/tournees-des-jeunes-2025\/","og_locale":"fr_CA","og_type":"article","og_title":"Tourn\u00e9es des Jeunes 2025 - Field Hockey Canada","og_description":"Field Hockey Canada est ravi d&rsquo;envoyer trois \u00e9quipes f\u00e9minines de jeunes en tourn\u00e9e en Europe ce printemps. Les deux premi\u00e8res tourn\u00e9es (U16 Tch\u00e9quie et U18 Pays de Galles) auront lieu du 13 au 21 avril. La tourn\u00e9e U18 France se d\u00e9roulera du 2 au 10 mai. Field Hockey Canada collabore actuellement avec USA Field Hockey [&hellip;]","og_url":"https:\/\/fieldhockey.ca\/fr\/tournees-des-jeunes-2025\/","og_site_name":"Field Hockey Canada","article_modified_time":"2025-01-06T23:59:31+00:00","og_image":[{"width":1200,"height":1500,"url":"https:\/\/fieldhockey.ca\/wp-content\/uploads\/2025\/01\/Czechia-YouthGraphx-02.png","type":"image\/png"}],"twitter_card":"summary_large_image","twitter_misc":{"Estimation du temps de lecture":"2 minutes"},"schema":{"@context":"https:\/\/schema.org","@graph":[{"@type":"WebPage","@id":"https:\/\/fieldhockey.ca\/fr\/tournees-des-jeunes-2025\/","url":"https:\/\/fieldhockey.ca\/fr\/tournees-des-jeunes-2025\/","name":"Tourn\u00e9es des Jeunes 2025 - Field Hockey Canada","isPartOf":{"@id":"https:\/\/fieldhockey.ca\/#website"},"primaryImageOfPage":{"@id":"https:\/\/fieldhockey.ca\/fr\/tournees-des-jeunes-2025\/#primaryimage"},"image":{"@id":"https:\/\/fieldhockey.ca\/fr\/tournees-des-jeunes-2025\/#primaryimage"},"thumbnailUrl":"https:\/\/fieldhockey.ca\/wp-content\/uploads\/2025\/01\/Czechia-YouthGraphx-02.png","datePublished":"2025-01-06T23:59:30+00:00","dateModified":"2025-01-06T23:59:31+00:00","breadcrumb":{"@id":"https:\/\/fieldhockey.ca\/fr\/tournees-des-jeunes-2025\/#breadcrumb"},"inLanguage":"fr-CA","potentialAction":[{"@type":"ReadAction","target":["https:\/\/fieldhockey.ca\/fr\/tournees-des-jeunes-2025\/"]}]},{"@type":"ImageObject","inLanguage":"fr-CA","@id":"https:\/\/fieldhockey.ca\/fr\/tournees-des-jeunes-2025\/#primaryimage","url":"https:\/\/fieldhockey.ca\/wp-content\/uploads\/2025\/01\/Czechia-YouthGraphx-02.png","contentUrl":"https:\/\/fieldhockey.ca\/wp-content\/uploads\/2025\/01\/Czechia-YouthGraphx-02.png"},{"@type":"BreadcrumbList","@id":"https:\/\/fieldhockey.ca\/fr\/tournees-des-jeunes-2025\/#breadcrumb","itemListElement":[{"@type":"ListItem","position":1,"name":"Home","item":"https:\/\/fieldhockey.ca\/fr\/"},{"@type":"ListItem","position":2,"name":"Tourn\u00e9es des Jeunes 2025"}]},{"@type":"WebSite","@id":"https:\/\/fieldhockey.ca\/#website","url":"https:\/\/fieldhockey.ca\/","name":"Field Hockey Canada","description":"Canada\u2019s governing body for field hockey","potentialAction":[{"@type":"SearchAction","target":{"@type":"EntryPoint","urlTemplate":"https:\/\/fieldhockey.ca\/?s={search_term_string}"},"query-input":{"@type":"PropertyValueSpecification","valueRequired":true,"valueName":"search_term_string"}}],"inLanguage":"fr-CA"}]}},"_links":{"self":[{"href":"https:\/\/fieldhockey.ca\/fr\/wp-json\/wp\/v2\/pages\/50535","targetHints":{"allow":["GET"]}}],"collection":[{"href":"https:\/\/fieldhockey.ca\/fr\/wp-json\/wp\/v2\/pages"}],"about":[{"href":"https:\/\/fieldhockey.ca\/fr\/wp-json\/wp\/v2\/types\/page"}],"author":[{"embeddable":true,"href":"https:\/\/fieldhockey.ca\/fr\/wp-json\/wp\/v2\/users\/1"}],"replies":[{"embeddable":true,"href":"https:\/\/fieldhockey.ca\/fr\/wp-json\/wp\/v2\/comments?post=50535"}],"version-history":[{"count":1,"href":"https:\/\/fieldhockey.ca\/fr\/wp-json\/wp\/v2\/pages\/50535\/revisions"}],"predecessor-version":[{"id":50536,"href":"https:\/\/fieldhockey.ca\/fr\/wp-json\/wp\/v2\/pages\/50535\/revisions\/50536"}],"wp:attachment":[{"href":"https:\/\/fieldhockey.ca\/fr\/wp-json\/wp\/v2\/media?parent=50535"}],"curies":[{"name":"wp","href":"https:\/\/api.w.org\/{rel}","templated":true}]}}