{"id":9024,"date":"2015-07-08T00:24:13","date_gmt":"2015-07-08T07:24:13","guid":{"rendered":"https:\/\/fieldhockey.ca\/fr\/?page_id=9024"},"modified":"2024-12-09T15:00:13","modified_gmt":"2024-12-09T23:00:13","slug":"annual-meetings","status":"publish","type":"page","link":"https:\/\/fieldhockey.ca\/fr\/about-us\/governance\/annual-meetings\/","title":{"rendered":"Assembl\u00e9es annuelles"},"content":{"rendered":"<p><strong>Assembl\u00e9e G\u00e9n\u00e9rale Annuelle 2024<\/strong><\/p>\n<p>Date : Samedi 7 septembre 2024 Heure : 10h00 [Lien Zoom \u00e0 fournir avant la r\u00e9union]<\/p>\n<p><strong>Ordre du Jour de la R\u00e9union<\/strong><\/p>\n<ol>\n<li>Ouverture de la s\u00e9ance et reconnaissance des terres<\/li>\n<li>\u00c9tablissement du quorum, clarification des proc\u00e9dures de vote<\/li>\n<li>Adoption de l&rsquo;ordre du jour (y compris la d\u00e9claration de conflit)<\/li>\n<li>Proc\u00e8s-verbal de l&rsquo;AGA 2023<\/li>\n<li>Processus ITP pour le sport s\u00e9curitaire et groupe de travail sur l&rsquo;alignement de l&rsquo;int\u00e9grit\u00e9 sportive<\/li>\n<li>\u00c9lections du CA<\/li>\n<li>Rapports :\n<ul>\n<li>Rapports des comit\u00e9s permanents du Conseil<\/li>\n<li>Rapport du Pr\u00e9sident 2024<\/li>\n<li>Rapport de Gouvernance 2024<\/li>\n<li>Rapport des Ressources Humaines 2024<\/li>\n<\/ul>\n<\/li>\n<li>Rapports Financiers :\n<ul>\n<li>\u00c9tats financiers audit\u00e9s 2023-2024<\/li>\n<li>Rapport Annuel de Field Hockey Canada (2023-2024)<\/li>\n<\/ul>\n<\/li>\n<li>Plan Strat\u00e9gique 2020-2025<\/li>\n<li>R\u00e9sultats des \u00e9lections<\/li>\n<li>Autres points<\/li>\n<li>Proc\u00e8s-verbal provisoire 2024<\/li>\n<li>Lev\u00e9e de la s\u00e9ance<\/li>\n<\/ol>\n","protected":false},"excerpt":{"rendered":"<p>Assembl\u00e9e G\u00e9n\u00e9rale Annuelle 2024 Date : Samedi 7 septembre 2024 Heure : 10h00 [Lien Zoom \u00e0 fournir avant la r\u00e9union] Ordre du Jour de la R\u00e9union Ouverture de la s\u00e9ance et reconnaissance des terres \u00c9tablissement du quorum, clarification des proc\u00e9dures de vote Adoption de l&rsquo;ordre du jour (y compris la d\u00e9claration de conflit) Proc\u00e8s-verbal de [&hellip;]<\/p>\n","protected":false},"author":1,"featured_media":0,"parent":9017,"menu_order":0,"comment_status":"closed","ping_status":"closed","template":"","meta":{"footnotes":""},"class_list":["post-9024","page","type-page","status-publish","hentry"],"yoast_head":"<!-- This site is optimized with the Yoast SEO plugin v26.8 - https:\/\/yoast.com\/product\/yoast-seo-wordpress\/ -->\n<title>Assembl\u00e9es annuelles - Field Hockey Canada<\/title>\n<meta name=\"robots\" content=\"index, follow, max-snippet:-1, max-image-preview:large, max-video-preview:-1\" \/>\n<link rel=\"canonical\" href=\"https:\/\/fieldhockey.ca\/fr\/about-us\/governance\/annual-meetings\/\" \/>\n<meta property=\"og:locale\" content=\"fr_CA\" \/>\n<meta property=\"og:type\" content=\"article\" \/>\n<meta property=\"og:title\" content=\"Assembl\u00e9es annuelles - Field Hockey Canada\" \/>\n<meta property=\"og:description\" content=\"Assembl\u00e9e G\u00e9n\u00e9rale Annuelle 2024 Date : Samedi 7 septembre 2024 Heure : 10h00 [Lien Zoom \u00e0 fournir avant la r\u00e9union] Ordre du Jour de la R\u00e9union Ouverture de la s\u00e9ance et reconnaissance des terres \u00c9tablissement du quorum, clarification des proc\u00e9dures de vote Adoption de l&rsquo;ordre du jour (y compris la d\u00e9claration de conflit) Proc\u00e8s-verbal de [&hellip;]\" \/>\n<meta property=\"og:url\" content=\"https:\/\/fieldhockey.ca\/fr\/about-us\/governance\/annual-meetings\/\" \/>\n<meta property=\"og:site_name\" content=\"Field Hockey Canada\" \/>\n<meta property=\"article:modified_time\" content=\"2024-12-09T23:00:13+00:00\" \/>\n<meta name=\"twitter:card\" content=\"summary_large_image\" \/>\n<meta name=\"twitter:label1\" content=\"Estimation du temps de lecture\" \/>\n\t<meta name=\"twitter:data1\" content=\"1 minute\" \/>\n<script type=\"application\/ld+json\" class=\"yoast-schema-graph\">{\"@context\":\"https:\/\/schema.org\",\"@graph\":[{\"@type\":\"WebPage\",\"@id\":\"https:\/\/fieldhockey.ca\/fr\/about-us\/governance\/annual-meetings\/\",\"url\":\"https:\/\/fieldhockey.ca\/fr\/about-us\/governance\/annual-meetings\/\",\"name\":\"Assembl\u00e9es annuelles - Field Hockey Canada\",\"isPartOf\":{\"@id\":\"https:\/\/fieldhockey.ca\/#website\"},\"datePublished\":\"2015-07-08T07:24:13+00:00\",\"dateModified\":\"2024-12-09T23:00:13+00:00\",\"breadcrumb\":{\"@id\":\"https:\/\/fieldhockey.ca\/fr\/about-us\/governance\/annual-meetings\/#breadcrumb\"},\"inLanguage\":\"fr-CA\",\"potentialAction\":[{\"@type\":\"ReadAction\",\"target\":[\"https:\/\/fieldhockey.ca\/fr\/about-us\/governance\/annual-meetings\/\"]}]},{\"@type\":\"BreadcrumbList\",\"@id\":\"https:\/\/fieldhockey.ca\/fr\/about-us\/governance\/annual-meetings\/#breadcrumb\",\"itemListElement\":[{\"@type\":\"ListItem\",\"position\":1,\"name\":\"Home\",\"item\":\"https:\/\/fieldhockey.ca\/fr\/\"},{\"@type\":\"ListItem\",\"position\":2,\"name\":\"A propos\",\"item\":\"https:\/\/fieldhockey.ca\/fr\/about-us\/\"},{\"@type\":\"ListItem\",\"position\":3,\"name\":\"Gouvernement\",\"item\":\"https:\/\/fieldhockey.ca\/fr\/about-us\/governance\/\"},{\"@type\":\"ListItem\",\"position\":4,\"name\":\"Assembl\u00e9es annuelles\"}]},{\"@type\":\"WebSite\",\"@id\":\"https:\/\/fieldhockey.ca\/#website\",\"url\":\"https:\/\/fieldhockey.ca\/\",\"name\":\"Field Hockey Canada\",\"description\":\"Canada\u2019s governing body for field hockey\",\"potentialAction\":[{\"@type\":\"SearchAction\",\"target\":{\"@type\":\"EntryPoint\",\"urlTemplate\":\"https:\/\/fieldhockey.ca\/?s={search_term_string}\"},\"query-input\":{\"@type\":\"PropertyValueSpecification\",\"valueRequired\":true,\"valueName\":\"search_term_string\"}}],\"inLanguage\":\"fr-CA\"}]}<\/script>\n<!-- \/ Yoast SEO plugin. -->","yoast_head_json":{"title":"Assembl\u00e9es annuelles - Field Hockey Canada","robots":{"index":"index","follow":"follow","max-snippet":"max-snippet:-1","max-image-preview":"max-image-preview:large","max-video-preview":"max-video-preview:-1"},"canonical":"https:\/\/fieldhockey.ca\/fr\/about-us\/governance\/annual-meetings\/","og_locale":"fr_CA","og_type":"article","og_title":"Assembl\u00e9es annuelles - Field Hockey Canada","og_description":"Assembl\u00e9e G\u00e9n\u00e9rale Annuelle 2024 Date : Samedi 7 septembre 2024 Heure : 10h00 [Lien Zoom \u00e0 fournir avant la r\u00e9union] Ordre du Jour de la R\u00e9union Ouverture de la s\u00e9ance et reconnaissance des terres \u00c9tablissement du quorum, clarification des proc\u00e9dures de vote Adoption de l&rsquo;ordre du jour (y compris la d\u00e9claration de conflit) Proc\u00e8s-verbal de [&hellip;]","og_url":"https:\/\/fieldhockey.ca\/fr\/about-us\/governance\/annual-meetings\/","og_site_name":"Field Hockey Canada","article_modified_time":"2024-12-09T23:00:13+00:00","twitter_card":"summary_large_image","twitter_misc":{"Estimation du temps de lecture":"1 minute"},"schema":{"@context":"https:\/\/schema.org","@graph":[{"@type":"WebPage","@id":"https:\/\/fieldhockey.ca\/fr\/about-us\/governance\/annual-meetings\/","url":"https:\/\/fieldhockey.ca\/fr\/about-us\/governance\/annual-meetings\/","name":"Assembl\u00e9es annuelles - Field Hockey Canada","isPartOf":{"@id":"https:\/\/fieldhockey.ca\/#website"},"datePublished":"2015-07-08T07:24:13+00:00","dateModified":"2024-12-09T23:00:13+00:00","breadcrumb":{"@id":"https:\/\/fieldhockey.ca\/fr\/about-us\/governance\/annual-meetings\/#breadcrumb"},"inLanguage":"fr-CA","potentialAction":[{"@type":"ReadAction","target":["https:\/\/fieldhockey.ca\/fr\/about-us\/governance\/annual-meetings\/"]}]},{"@type":"BreadcrumbList","@id":"https:\/\/fieldhockey.ca\/fr\/about-us\/governance\/annual-meetings\/#breadcrumb","itemListElement":[{"@type":"ListItem","position":1,"name":"Home","item":"https:\/\/fieldhockey.ca\/fr\/"},{"@type":"ListItem","position":2,"name":"A propos","item":"https:\/\/fieldhockey.ca\/fr\/about-us\/"},{"@type":"ListItem","position":3,"name":"Gouvernement","item":"https:\/\/fieldhockey.ca\/fr\/about-us\/governance\/"},{"@type":"ListItem","position":4,"name":"Assembl\u00e9es annuelles"}]},{"@type":"WebSite","@id":"https:\/\/fieldhockey.ca\/#website","url":"https:\/\/fieldhockey.ca\/","name":"Field Hockey Canada","description":"Canada\u2019s governing body for field hockey","potentialAction":[{"@type":"SearchAction","target":{"@type":"EntryPoint","urlTemplate":"https:\/\/fieldhockey.ca\/?s={search_term_string}"},"query-input":{"@type":"PropertyValueSpecification","valueRequired":true,"valueName":"search_term_string"}}],"inLanguage":"fr-CA"}]}},"_links":{"self":[{"href":"https:\/\/fieldhockey.ca\/fr\/wp-json\/wp\/v2\/pages\/9024","targetHints":{"allow":["GET"]}}],"collection":[{"href":"https:\/\/fieldhockey.ca\/fr\/wp-json\/wp\/v2\/pages"}],"about":[{"href":"https:\/\/fieldhockey.ca\/fr\/wp-json\/wp\/v2\/types\/page"}],"author":[{"embeddable":true,"href":"https:\/\/fieldhockey.ca\/fr\/wp-json\/wp\/v2\/users\/1"}],"replies":[{"embeddable":true,"href":"https:\/\/fieldhockey.ca\/fr\/wp-json\/wp\/v2\/comments?post=9024"}],"version-history":[{"count":11,"href":"https:\/\/fieldhockey.ca\/fr\/wp-json\/wp\/v2\/pages\/9024\/revisions"}],"predecessor-version":[{"id":50038,"href":"https:\/\/fieldhockey.ca\/fr\/wp-json\/wp\/v2\/pages\/9024\/revisions\/50038"}],"up":[{"embeddable":true,"href":"https:\/\/fieldhockey.ca\/fr\/wp-json\/wp\/v2\/pages\/9017"}],"wp:attachment":[{"href":"https:\/\/fieldhockey.ca\/fr\/wp-json\/wp\/v2\/media?parent=9024"}],"curies":[{"name":"wp","href":"https:\/\/api.w.org\/{rel}","templated":true}]}}