{"id":9030,"date":"2015-07-07T20:33:35","date_gmt":"2015-07-08T03:33:35","guid":{"rendered":"https:\/\/fieldhockey.ca\/fr\/?page_id=9030"},"modified":"2015-07-08T01:01:16","modified_gmt":"2015-07-08T08:01:16","slug":"our-story","status":"publish","type":"page","link":"https:\/\/fieldhockey.ca\/fr\/about-us\/our-story\/","title":{"rendered":"Notre histoire"},"content":{"rendered":"<p>Des communaut\u00e9s \u00e0 la haute performance, Hockey sur gazon Canada travaille au d\u00e9veloppement et \u00e0 la solidification de notre sport \u00e0 travers le pays et au positionnement de nos \u00e9quipes nationales pour un podium olympique en 2016 et dans les ann\u00e9es \u00e0 venir.<\/p>\n<p>Le Canada compte environ 18&nbsp;000 joueurs de hockey sur gazon \u00e0 travers le pays, notamment 9&nbsp;000 au sein de programmes de hockey sur gazon \u00e0 leur \u00e9cole secondaire. Ils se d\u00e9vouent au sport \u00e0 tous les niveaux du hockey communautaire \u00e0 la haute performance. Leur d\u00e9vouement et la poursuite de l\u2019excellence ainsi que le travail infatigable des entra\u00eeneurs, officiels et de tous les b\u00e9n\u00e9voles forment une communaut\u00e9 canadienne de hockey sur gazon solide comme jamais.<\/p>\n<p><strong>L\u2019histoire de HGC<\/strong><\/p>\n<p>L\u2019un des jeux les plus anciens sur terre, l\u2019anc\u00eatre du hockey sur gazon moderne se jouait dans les mis\u00e9rables villages et hameaux de la Grande-Bretagne du 18<sup>e<\/sup>&nbsp;si\u00e8cle. C\u0153urs fragiles s\u2019abstenir, ce jeu exigeait audace et force physique et mettait l\u2019endurance et le courage de chaque joueur au d\u00e9fi. L\u2019enjeu \u00e9tait non seulement la victoire, mais aussi le droit de s\u2019en vanter. L\u2019esprit de camaraderie n\u00e9 du jeu rapprochait les villages et forgeait des communaut\u00e9s fi\u00e8res et passionn\u00e9es.<\/p>\n<p>Bien que le jeu ait \u00e9volu\u00e9 avec le temps, son esprit fougueux et la fiert\u00e9 communautaire qu\u2019il suscite endurent toujours. Les voyages de l\u2019arm\u00e9e britannique \u00e0 travers le Commonwealth lui ont l\u00e9gu\u00e9 un m\u00e9lange culturel \u00e9clectique. On retrace l\u2019arriv\u00e9e du hockey sur gazon au Canada vers la fin du 19<sup>e<\/sup>si\u00e8cle. Ici, des athl\u00e8tes, entra\u00eeneurs et partisans du sport ont innov\u00e9 en cr\u00e9ant des programmes masculins et f\u00e9minins uniques en leur genre. Leur engagement et leur t\u00e9nacit\u00e9 ont permis au Canada de se hisser sur la sc\u00e8ne internationale d\u2019un jeu qui est maintenant l\u2019un des sports d\u2019\u00e9quipe les plus importants de la plan\u00e8te.<\/p>\n<p>En 1991, les programmes canadiens pour hommes et femmes se sont unis sous la banni\u00e8re nationale de Hockey sur gazon Canada dans le but de consolider le financement et l\u2019infrastructure&nbsp; et d\u2019unir son leadership. &nbsp;Finalement, les deux programmes, qui avaient exist\u00e9 ind\u00e9pendamment et r\u00e9ussi \u00e0 force de travail acharn\u00e9, ont \u00e9t\u00e9 fusionn\u00e9s en une seule identit\u00e9 nationale. La communaut\u00e9 a fait d\u2019\u00e9normes progr\u00e8s et, riche de vingt ann\u00e9es d\u2019exp\u00e9rience, est maintenant pr\u00eate \u00e0 se lancer \u00e0 la poursuite de nouvelles possibilit\u00e9s.<\/p>\n<p><strong>L\u2019Association<\/strong><\/p>\n<p>En 1991, les programmes canadiens masculin et f\u00e9minin ont \u00e9t\u00e9 r\u00e9unis sous le parapluie national de Hockey sur gazon Canada afin de partager le financement et les infrastructures, pour unir la direction et ultimement faire passer les deux programmes par une transition de travail acharn\u00e9 chacun de leur c\u00f4t\u00e9 vers une seule entit\u00e9 nationale qui r\u00e9ussit.<\/p>\n<p>Aujourd\u2019hui, Hockey sur gazon Canada est l\u2019organisme de r\u00e9gie du sport au Canada, des rangs juniors au niveau des ma\u00eetres, participant de fa\u00e7on r\u00e9cr\u00e9ative ou en comp\u00e9tition.<\/p>\n","protected":false},"excerpt":{"rendered":"<p>Des communaut\u00e9s \u00e0 la haute performance, Hockey sur gazon Canada travaille au d\u00e9veloppement et \u00e0 la solidification de notre sport \u00e0 travers le pays et au positionnement de nos \u00e9quipes nationales pour un podium olympique en 2016 et dans les ann\u00e9es \u00e0 venir. Le Canada compte environ 18&nbsp;000 joueurs de hockey sur gazon \u00e0 travers [&hellip;]<\/p>\n","protected":false},"author":1,"featured_media":0,"parent":9005,"menu_order":0,"comment_status":"closed","ping_status":"closed","template":"","meta":{"footnotes":""},"class_list":["post-9030","page","type-page","status-publish","hentry"],"yoast_head":"<!-- This site is optimized with the Yoast SEO plugin v26.8 - https:\/\/yoast.com\/product\/yoast-seo-wordpress\/ -->\n<title>Notre histoire - Field Hockey Canada<\/title>\n<meta name=\"robots\" content=\"index, follow, max-snippet:-1, max-image-preview:large, max-video-preview:-1\" \/>\n<link rel=\"canonical\" href=\"https:\/\/fieldhockey.ca\/fr\/about-us\/our-story\/\" \/>\n<meta property=\"og:locale\" content=\"fr_CA\" \/>\n<meta property=\"og:type\" content=\"article\" \/>\n<meta property=\"og:title\" content=\"Notre histoire - Field Hockey Canada\" \/>\n<meta property=\"og:description\" content=\"Des communaut\u00e9s \u00e0 la haute performance, Hockey sur gazon Canada travaille au d\u00e9veloppement et \u00e0 la solidification de notre sport \u00e0 travers le pays et au positionnement de nos \u00e9quipes nationales pour un podium olympique en 2016 et dans les ann\u00e9es \u00e0 venir. Le Canada compte environ 18&nbsp;000 joueurs de hockey sur gazon \u00e0 travers [&hellip;]\" \/>\n<meta property=\"og:url\" content=\"https:\/\/fieldhockey.ca\/fr\/about-us\/our-story\/\" \/>\n<meta property=\"og:site_name\" content=\"Field Hockey Canada\" \/>\n<meta property=\"article:modified_time\" content=\"2015-07-08T08:01:16+00:00\" \/>\n<meta name=\"twitter:card\" content=\"summary_large_image\" \/>\n<meta name=\"twitter:label1\" content=\"Estimation du temps de lecture\" \/>\n\t<meta name=\"twitter:data1\" content=\"3 minutes\" \/>\n<script type=\"application\/ld+json\" class=\"yoast-schema-graph\">{\"@context\":\"https:\/\/schema.org\",\"@graph\":[{\"@type\":\"WebPage\",\"@id\":\"https:\/\/fieldhockey.ca\/fr\/about-us\/our-story\/\",\"url\":\"https:\/\/fieldhockey.ca\/fr\/about-us\/our-story\/\",\"name\":\"Notre histoire - Field Hockey Canada\",\"isPartOf\":{\"@id\":\"https:\/\/fieldhockey.ca\/#website\"},\"datePublished\":\"2015-07-08T03:33:35+00:00\",\"dateModified\":\"2015-07-08T08:01:16+00:00\",\"breadcrumb\":{\"@id\":\"https:\/\/fieldhockey.ca\/fr\/about-us\/our-story\/#breadcrumb\"},\"inLanguage\":\"fr-CA\",\"potentialAction\":[{\"@type\":\"ReadAction\",\"target\":[\"https:\/\/fieldhockey.ca\/fr\/about-us\/our-story\/\"]}]},{\"@type\":\"BreadcrumbList\",\"@id\":\"https:\/\/fieldhockey.ca\/fr\/about-us\/our-story\/#breadcrumb\",\"itemListElement\":[{\"@type\":\"ListItem\",\"position\":1,\"name\":\"Home\",\"item\":\"https:\/\/fieldhockey.ca\/fr\/\"},{\"@type\":\"ListItem\",\"position\":2,\"name\":\"A propos\",\"item\":\"https:\/\/fieldhockey.ca\/fr\/about-us\/\"},{\"@type\":\"ListItem\",\"position\":3,\"name\":\"Notre histoire\"}]},{\"@type\":\"WebSite\",\"@id\":\"https:\/\/fieldhockey.ca\/#website\",\"url\":\"https:\/\/fieldhockey.ca\/\",\"name\":\"Field Hockey Canada\",\"description\":\"Canada\u2019s governing body for field hockey\",\"potentialAction\":[{\"@type\":\"SearchAction\",\"target\":{\"@type\":\"EntryPoint\",\"urlTemplate\":\"https:\/\/fieldhockey.ca\/?s={search_term_string}\"},\"query-input\":{\"@type\":\"PropertyValueSpecification\",\"valueRequired\":true,\"valueName\":\"search_term_string\"}}],\"inLanguage\":\"fr-CA\"}]}<\/script>\n<!-- \/ Yoast SEO plugin. -->","yoast_head_json":{"title":"Notre histoire - Field Hockey Canada","robots":{"index":"index","follow":"follow","max-snippet":"max-snippet:-1","max-image-preview":"max-image-preview:large","max-video-preview":"max-video-preview:-1"},"canonical":"https:\/\/fieldhockey.ca\/fr\/about-us\/our-story\/","og_locale":"fr_CA","og_type":"article","og_title":"Notre histoire - Field Hockey Canada","og_description":"Des communaut\u00e9s \u00e0 la haute performance, Hockey sur gazon Canada travaille au d\u00e9veloppement et \u00e0 la solidification de notre sport \u00e0 travers le pays et au positionnement de nos \u00e9quipes nationales pour un podium olympique en 2016 et dans les ann\u00e9es \u00e0 venir. Le Canada compte environ 18&nbsp;000 joueurs de hockey sur gazon \u00e0 travers [&hellip;]","og_url":"https:\/\/fieldhockey.ca\/fr\/about-us\/our-story\/","og_site_name":"Field Hockey Canada","article_modified_time":"2015-07-08T08:01:16+00:00","twitter_card":"summary_large_image","twitter_misc":{"Estimation du temps de lecture":"3 minutes"},"schema":{"@context":"https:\/\/schema.org","@graph":[{"@type":"WebPage","@id":"https:\/\/fieldhockey.ca\/fr\/about-us\/our-story\/","url":"https:\/\/fieldhockey.ca\/fr\/about-us\/our-story\/","name":"Notre histoire - Field Hockey Canada","isPartOf":{"@id":"https:\/\/fieldhockey.ca\/#website"},"datePublished":"2015-07-08T03:33:35+00:00","dateModified":"2015-07-08T08:01:16+00:00","breadcrumb":{"@id":"https:\/\/fieldhockey.ca\/fr\/about-us\/our-story\/#breadcrumb"},"inLanguage":"fr-CA","potentialAction":[{"@type":"ReadAction","target":["https:\/\/fieldhockey.ca\/fr\/about-us\/our-story\/"]}]},{"@type":"BreadcrumbList","@id":"https:\/\/fieldhockey.ca\/fr\/about-us\/our-story\/#breadcrumb","itemListElement":[{"@type":"ListItem","position":1,"name":"Home","item":"https:\/\/fieldhockey.ca\/fr\/"},{"@type":"ListItem","position":2,"name":"A propos","item":"https:\/\/fieldhockey.ca\/fr\/about-us\/"},{"@type":"ListItem","position":3,"name":"Notre histoire"}]},{"@type":"WebSite","@id":"https:\/\/fieldhockey.ca\/#website","url":"https:\/\/fieldhockey.ca\/","name":"Field Hockey Canada","description":"Canada\u2019s governing body for field hockey","potentialAction":[{"@type":"SearchAction","target":{"@type":"EntryPoint","urlTemplate":"https:\/\/fieldhockey.ca\/?s={search_term_string}"},"query-input":{"@type":"PropertyValueSpecification","valueRequired":true,"valueName":"search_term_string"}}],"inLanguage":"fr-CA"}]}},"_links":{"self":[{"href":"https:\/\/fieldhockey.ca\/fr\/wp-json\/wp\/v2\/pages\/9030","targetHints":{"allow":["GET"]}}],"collection":[{"href":"https:\/\/fieldhockey.ca\/fr\/wp-json\/wp\/v2\/pages"}],"about":[{"href":"https:\/\/fieldhockey.ca\/fr\/wp-json\/wp\/v2\/types\/page"}],"author":[{"embeddable":true,"href":"https:\/\/fieldhockey.ca\/fr\/wp-json\/wp\/v2\/users\/1"}],"replies":[{"embeddable":true,"href":"https:\/\/fieldhockey.ca\/fr\/wp-json\/wp\/v2\/comments?post=9030"}],"version-history":[{"count":4,"href":"https:\/\/fieldhockey.ca\/fr\/wp-json\/wp\/v2\/pages\/9030\/revisions"}],"predecessor-version":[{"id":9178,"href":"https:\/\/fieldhockey.ca\/fr\/wp-json\/wp\/v2\/pages\/9030\/revisions\/9178"}],"up":[{"embeddable":true,"href":"https:\/\/fieldhockey.ca\/fr\/wp-json\/wp\/v2\/pages\/9005"}],"wp:attachment":[{"href":"https:\/\/fieldhockey.ca\/fr\/wp-json\/wp\/v2\/media?parent=9030"}],"curies":[{"name":"wp","href":"https:\/\/api.w.org\/{rel}","templated":true}]}}