{"id":9062,"date":"2015-07-07T21:12:23","date_gmt":"2015-07-08T04:12:23","guid":{"rendered":"https:\/\/fieldhockey.ca\/fr\/?page_id=9062"},"modified":"2025-05-26T15:21:19","modified_gmt":"2025-05-26T22:21:19","slug":"policies","status":"publish","type":"page","link":"https:\/\/fieldhockey.ca\/fr\/about-us\/governance\/policies\/","title":{"rendered":"Politiques"},"content":{"rendered":"<p><strong>Comportementale<\/strong><\/p>\n<ul>\n<li><a href=\"http:\/\/www.fieldhockey.ca\/wp-content\/uploads\/2015\/07\/FHC_Bylaws2020_FRC-1.docx\" target=\"_blank\" rel=\"noopener\">Constitution et r\u00e8glements<\/a><\/li>\n<li><a href=\"https:\/\/fieldhockey.ca\/wp-content\/uploads\/2025\/05\/FHC_Carding_Policy_FR.pdf\">POLITIQUE ET PROC\u00c9DURE DE CARTAGE POUR LE PROGRAMME D\u2019AIDE AUX ATHL\u00c8TES<\/a><\/li>\n<li><a href=\"http:\/\/www.fieldhockey.ca\/wp-content\/uploads\/2015\/07\/FHC-CodeofConductEthicsPolicyFRtrans.docx\" target=\"_blank\" rel=\"noopener\">CODE DE CONDUITE ET D&rsquo;\u00c9THIQUE<\/a><\/li>\n<li><a href=\"http:\/\/www.fieldhockey.ca\/wp-content\/uploads\/2015\/06\/FHC_CertificateIncorporationFRtranslation-1.docx\" target=\"_blank\" rel=\"noopener\">Certificat d&rsquo;incorporation<\/a><\/li>\n<li><a href=\"http:\/\/www.fieldhockey.ca\/wp-content\/uploads\/2015\/07\/FHC_DiscplineComplaintsPolicyFRtrans-1.docx\" target=\"_blank\" rel=\"noopener\">POLITIQUE RELATIVE AUX PLAINTES ET \u00c0 LA DISCIPLINE<\/a><\/li>\n<li><a href=\"https:\/\/cces.ca\/fr\/antidopage\" target=\"_blank\" rel=\"noopener\">Programme antidopage canadien<\/a><\/li>\n<\/ul>\n<p><strong>Gouvernance<\/strong><\/p>\n<ul>\n<li><a href=\"http:\/\/www.fieldhockey.ca\/wp-content\/uploads\/2015\/07\/FHC_AppealsPolicy2020_FRC.docx\" rel=\"\">Politique d\u2019appel<\/a><\/li>\n<li><a href=\"http:\/\/www.fieldhockey.ca\/wp-content\/uploads\/2015\/07\/FHC_ConflictofInterestPolicy2020_FRC.docx\" rel=\"\">Conflit d\u2019int\u00e9r\u00eats<\/a><\/li>\n<li><a href=\"http:\/\/www.fieldhockey.ca\/wp-content\/uploads\/2015\/07\/FHC_NepotismPolicyFRtranslation.docx\" rel=\"\">Politique anti-n\u00e9potisme<\/a><\/li>\n<li><a href=\"http:\/\/www.fieldhockey.ca\/wp-content\/uploads\/2015\/07\/FHC_BilingualismPolicy2020_FRC.docx\" rel=\"\">Politique en mati\u00e8re de langues officielles<\/a><\/li>\n<li><a href=\"https:\/\/sirc.ca\/fr\/sport-securitaire\/ccums\/\">Code de conduite universel pour pr\u00e9venir et contrer la maltraitance dans le sport (CCUMS)<\/a><\/li>\n<li><a href=\"http:\/\/www.fieldhockey.ca\/wp-content\/uploads\/2015\/07\/Dispute_Resolution_FR.pdf\" rel=\"\">POLITIQUE DE R\u00c8GLEMENT DES DIFF\u00c9RENDS <\/a><\/li>\n<li><a href=\"http:\/\/www.fieldhockey.ca\/wp-content\/uploads\/2015\/07\/FHC-EquityAccessPolicyFRtrans.docx\" rel=\"\">Politique sur l&rsquo;equite et l&rsquo;accessibilite <\/a><\/li>\n<li><a href=\"http:\/\/www.fieldhockey.ca\/wp-content\/uploads\/2015\/07\/FHC_ScopeOfAuthorityCEOPolicy2020_FRC.docx\" rel=\"\">Politique sure l&rsquo;\u00e9tendue des pouvoirs du chef de la direction<\/a><\/li>\n<\/ul>\n<p><strong>Op\u00e9rationnelles<\/strong><\/p>\n<ul>\n<li><a href=\"http:\/\/www.fieldhockey.ca\/wp-content\/uploads\/2015\/07\/FHC-PolicyforPolicyDevelopmentFRtrans.docx\" rel=\"\">Politique sur l&rsquo;\u00e9laboration de politiques<\/a><\/li>\n<li><a href=\"http:\/\/www.fieldhockey.ca\/wp-content\/uploads\/2015\/07\/FHC-FinancialPolicyFRtrans-2.docx\" rel=\"\">Politique de financement<\/a><\/li>\n<li><a href=\"https:\/\/cces.ca\/fr\/antidopage\">Politique canadienne d\u2019antidopage dans le sport<\/a><\/li>\n<li><a href=\"http:\/\/www.fieldhockey.ca\/wp-content\/uploads\/2015\/07\/FHC-FinancialPolicyFRtrans-1.docx\" rel=\"\">POLITIQUE FINANCI\u00c8RE<\/a><\/li>\n<li><a href=\"http:\/\/www.fieldhockey.ca\/wp-content\/uploads\/2015\/07\/FHC_PrivacyPolicy2020_FRC.docx\" rel=\"\">Politique de confidentialit\u00e9<\/a><\/li>\n<li><a href=\"https:\/\/fieldhockey.ca\/wp-content\/uploads\/2025\/01\/MastersFinancePolicy-FRENCH.pdf\">Programme de Ma\u00eetrise de Hockey sur Gazon Canada\u00a0Politiques et Principes Financiers<\/a><\/li>\n<\/ul>\n<h2>Antidopage<\/h2>\n<ul>\n<li id=\"ext-gen55\">R and R :\u00a0<a href=\"http:\/\/www.cces.ca\/fr\/samplecollection\/rightsandresponsibilities\">http:\/\/www.cces.ca\/fr\/samplecollection\/rightsandresponsibilities<\/a><\/li>\n<li>Sample collection :\u00a0<a href=\"http:\/\/www.cces.ca\/fr\/samplecollection\">http:\/\/www.cces.ca\/fr\/samplecollection<\/a><\/li>\n<li>Check medications :\u00a0<a href=\"http:\/\/www.cces.ca\/fr\/checkmeds\">http:\/\/www.cces.ca\/fr\/checkmeds<\/a><\/li>\n<li>Medical exemption :\u00a0<a href=\"http:\/\/www.cces.ca\/fr\/medical\">http:\/\/www.cces.ca\/fr\/medical<\/a><\/li>\n<li>Supplements :\u00a0<a href=\"http:\/\/www.cces.ca\/en\/supplements\">http:\/\/www.cces.ca\/fr\/supplements<\/a><\/li>\n<li>Sign up :\u00a0<a href=\"http:\/\/www.cces.ca\/fr\/subscribe\">http:\/\/www.cces.ca\/fr\/subscribe<\/a><\/li>\n<li>Contact :\u00a0<a href=\"http:\/\/www.cces.ca\/fr\/contactus\">http:\/\/www.cces.ca\/fr\/contactus<\/a><\/li>\n<li>AthleteZone :\u00a0<a href=\"http:\/\/www.cces.ca\/fr\/athletezone\">www.cces.ca\/fr\/athletezone<\/a><\/li>\n<li>Doc Zone :\u00a0<a href=\"http:\/\/www.cces.ca\/fr\/doczone\">http:\/\/www.cces.ca\/fr\/doczone<\/a><\/li>\n<li>PCA :\u00a0<a href=\"http:\/\/www.cces.ca\/fr\/antidoping\/cadp\">http:\/\/www.cces.ca\/fr\/antidoping\/cadp<\/a><\/li>\n<li>WADA :\u00a0<a href=\"http:\/\/wada-ama.org\/fr\">http:\/\/wada-ama.org\/fr<\/a><\/li>\n<li>Global DRO :\u00a0<a href=\"http:\/\/www.globaldro.com\/ca-fr\/\">http:\/\/www.globaldro.com\/ca-fr\/<\/a><\/li>\n<li id=\"ext-gen56\">Sport pur :\u00a0<a href=\"http:\/\/www.truesportpur.ca\/fr\/home\">http:\/\/www.truesportpur.ca\/fr\/home<\/a><\/li>\n<\/ul>\n<p>&nbsp;<\/p>\n","protected":false},"excerpt":{"rendered":"<p>Comportementale Constitution et r\u00e8glements POLITIQUE ET PROC\u00c9DURE DE CARTAGE POUR LE PROGRAMME D\u2019AIDE AUX ATHL\u00c8TES CODE DE CONDUITE ET D&rsquo;\u00c9THIQUE Certificat d&rsquo;incorporation POLITIQUE RELATIVE AUX PLAINTES ET \u00c0 LA DISCIPLINE Programme antidopage canadien Gouvernance Politique d\u2019appel Conflit d\u2019int\u00e9r\u00eats Politique anti-n\u00e9potisme Politique en mati\u00e8re de langues officielles Code de conduite universel pour pr\u00e9venir et contrer la [&hellip;]<\/p>\n","protected":false},"author":1,"featured_media":0,"parent":9017,"menu_order":0,"comment_status":"closed","ping_status":"closed","template":"","meta":{"footnotes":""},"class_list":["post-9062","page","type-page","status-publish","hentry"],"yoast_head":"<!-- This site is optimized with the Yoast SEO plugin v26.8 - https:\/\/yoast.com\/product\/yoast-seo-wordpress\/ -->\n<title>Politiques - Field Hockey Canada<\/title>\n<meta name=\"robots\" content=\"index, follow, max-snippet:-1, max-image-preview:large, max-video-preview:-1\" \/>\n<link rel=\"canonical\" href=\"https:\/\/fieldhockey.ca\/fr\/about-us\/governance\/policies\/\" \/>\n<meta property=\"og:locale\" content=\"fr_CA\" \/>\n<meta property=\"og:type\" content=\"article\" \/>\n<meta property=\"og:title\" content=\"Politiques - Field Hockey Canada\" \/>\n<meta property=\"og:description\" content=\"Comportementale Constitution et r\u00e8glements POLITIQUE ET PROC\u00c9DURE DE CARTAGE POUR LE PROGRAMME D\u2019AIDE AUX ATHL\u00c8TES CODE DE CONDUITE ET D&rsquo;\u00c9THIQUE Certificat d&rsquo;incorporation POLITIQUE RELATIVE AUX PLAINTES ET \u00c0 LA DISCIPLINE Programme antidopage canadien Gouvernance Politique d\u2019appel Conflit d\u2019int\u00e9r\u00eats Politique anti-n\u00e9potisme Politique en mati\u00e8re de langues officielles Code de conduite universel pour pr\u00e9venir et contrer la [&hellip;]\" \/>\n<meta property=\"og:url\" content=\"https:\/\/fieldhockey.ca\/fr\/about-us\/governance\/policies\/\" \/>\n<meta property=\"og:site_name\" content=\"Field Hockey Canada\" \/>\n<meta property=\"article:modified_time\" content=\"2025-05-26T22:21:19+00:00\" \/>\n<meta name=\"twitter:card\" content=\"summary_large_image\" \/>\n<meta name=\"twitter:label1\" content=\"Estimation du temps de lecture\" \/>\n\t<meta name=\"twitter:data1\" content=\"1 minute\" \/>\n<script type=\"application\/ld+json\" class=\"yoast-schema-graph\">{\"@context\":\"https:\/\/schema.org\",\"@graph\":[{\"@type\":\"WebPage\",\"@id\":\"https:\/\/fieldhockey.ca\/fr\/about-us\/governance\/policies\/\",\"url\":\"https:\/\/fieldhockey.ca\/fr\/about-us\/governance\/policies\/\",\"name\":\"Politiques - Field Hockey Canada\",\"isPartOf\":{\"@id\":\"https:\/\/fieldhockey.ca\/#website\"},\"datePublished\":\"2015-07-08T04:12:23+00:00\",\"dateModified\":\"2025-05-26T22:21:19+00:00\",\"breadcrumb\":{\"@id\":\"https:\/\/fieldhockey.ca\/fr\/about-us\/governance\/policies\/#breadcrumb\"},\"inLanguage\":\"fr-CA\",\"potentialAction\":[{\"@type\":\"ReadAction\",\"target\":[\"https:\/\/fieldhockey.ca\/fr\/about-us\/governance\/policies\/\"]}]},{\"@type\":\"BreadcrumbList\",\"@id\":\"https:\/\/fieldhockey.ca\/fr\/about-us\/governance\/policies\/#breadcrumb\",\"itemListElement\":[{\"@type\":\"ListItem\",\"position\":1,\"name\":\"Home\",\"item\":\"https:\/\/fieldhockey.ca\/fr\/\"},{\"@type\":\"ListItem\",\"position\":2,\"name\":\"A propos\",\"item\":\"https:\/\/fieldhockey.ca\/fr\/about-us\/\"},{\"@type\":\"ListItem\",\"position\":3,\"name\":\"Gouvernement\",\"item\":\"https:\/\/fieldhockey.ca\/fr\/about-us\/governance\/\"},{\"@type\":\"ListItem\",\"position\":4,\"name\":\"Politiques\"}]},{\"@type\":\"WebSite\",\"@id\":\"https:\/\/fieldhockey.ca\/#website\",\"url\":\"https:\/\/fieldhockey.ca\/\",\"name\":\"Field Hockey Canada\",\"description\":\"Canada\u2019s governing body for field hockey\",\"potentialAction\":[{\"@type\":\"SearchAction\",\"target\":{\"@type\":\"EntryPoint\",\"urlTemplate\":\"https:\/\/fieldhockey.ca\/?s={search_term_string}\"},\"query-input\":{\"@type\":\"PropertyValueSpecification\",\"valueRequired\":true,\"valueName\":\"search_term_string\"}}],\"inLanguage\":\"fr-CA\"}]}<\/script>\n<!-- \/ Yoast SEO plugin. -->","yoast_head_json":{"title":"Politiques - Field Hockey Canada","robots":{"index":"index","follow":"follow","max-snippet":"max-snippet:-1","max-image-preview":"max-image-preview:large","max-video-preview":"max-video-preview:-1"},"canonical":"https:\/\/fieldhockey.ca\/fr\/about-us\/governance\/policies\/","og_locale":"fr_CA","og_type":"article","og_title":"Politiques - Field Hockey Canada","og_description":"Comportementale Constitution et r\u00e8glements POLITIQUE ET PROC\u00c9DURE DE CARTAGE POUR LE PROGRAMME D\u2019AIDE AUX ATHL\u00c8TES CODE DE CONDUITE ET D&rsquo;\u00c9THIQUE Certificat d&rsquo;incorporation POLITIQUE RELATIVE AUX PLAINTES ET \u00c0 LA DISCIPLINE Programme antidopage canadien Gouvernance Politique d\u2019appel Conflit d\u2019int\u00e9r\u00eats Politique anti-n\u00e9potisme Politique en mati\u00e8re de langues officielles Code de conduite universel pour pr\u00e9venir et contrer la [&hellip;]","og_url":"https:\/\/fieldhockey.ca\/fr\/about-us\/governance\/policies\/","og_site_name":"Field Hockey Canada","article_modified_time":"2025-05-26T22:21:19+00:00","twitter_card":"summary_large_image","twitter_misc":{"Estimation du temps de lecture":"1 minute"},"schema":{"@context":"https:\/\/schema.org","@graph":[{"@type":"WebPage","@id":"https:\/\/fieldhockey.ca\/fr\/about-us\/governance\/policies\/","url":"https:\/\/fieldhockey.ca\/fr\/about-us\/governance\/policies\/","name":"Politiques - Field Hockey Canada","isPartOf":{"@id":"https:\/\/fieldhockey.ca\/#website"},"datePublished":"2015-07-08T04:12:23+00:00","dateModified":"2025-05-26T22:21:19+00:00","breadcrumb":{"@id":"https:\/\/fieldhockey.ca\/fr\/about-us\/governance\/policies\/#breadcrumb"},"inLanguage":"fr-CA","potentialAction":[{"@type":"ReadAction","target":["https:\/\/fieldhockey.ca\/fr\/about-us\/governance\/policies\/"]}]},{"@type":"BreadcrumbList","@id":"https:\/\/fieldhockey.ca\/fr\/about-us\/governance\/policies\/#breadcrumb","itemListElement":[{"@type":"ListItem","position":1,"name":"Home","item":"https:\/\/fieldhockey.ca\/fr\/"},{"@type":"ListItem","position":2,"name":"A propos","item":"https:\/\/fieldhockey.ca\/fr\/about-us\/"},{"@type":"ListItem","position":3,"name":"Gouvernement","item":"https:\/\/fieldhockey.ca\/fr\/about-us\/governance\/"},{"@type":"ListItem","position":4,"name":"Politiques"}]},{"@type":"WebSite","@id":"https:\/\/fieldhockey.ca\/#website","url":"https:\/\/fieldhockey.ca\/","name":"Field Hockey Canada","description":"Canada\u2019s governing body for field hockey","potentialAction":[{"@type":"SearchAction","target":{"@type":"EntryPoint","urlTemplate":"https:\/\/fieldhockey.ca\/?s={search_term_string}"},"query-input":{"@type":"PropertyValueSpecification","valueRequired":true,"valueName":"search_term_string"}}],"inLanguage":"fr-CA"}]}},"_links":{"self":[{"href":"https:\/\/fieldhockey.ca\/fr\/wp-json\/wp\/v2\/pages\/9062","targetHints":{"allow":["GET"]}}],"collection":[{"href":"https:\/\/fieldhockey.ca\/fr\/wp-json\/wp\/v2\/pages"}],"about":[{"href":"https:\/\/fieldhockey.ca\/fr\/wp-json\/wp\/v2\/types\/page"}],"author":[{"embeddable":true,"href":"https:\/\/fieldhockey.ca\/fr\/wp-json\/wp\/v2\/users\/1"}],"replies":[{"embeddable":true,"href":"https:\/\/fieldhockey.ca\/fr\/wp-json\/wp\/v2\/comments?post=9062"}],"version-history":[{"count":22,"href":"https:\/\/fieldhockey.ca\/fr\/wp-json\/wp\/v2\/pages\/9062\/revisions"}],"predecessor-version":[{"id":52079,"href":"https:\/\/fieldhockey.ca\/fr\/wp-json\/wp\/v2\/pages\/9062\/revisions\/52079"}],"up":[{"embeddable":true,"href":"https:\/\/fieldhockey.ca\/fr\/wp-json\/wp\/v2\/pages\/9017"}],"wp:attachment":[{"href":"https:\/\/fieldhockey.ca\/fr\/wp-json\/wp\/v2\/media?parent=9062"}],"curies":[{"name":"wp","href":"https:\/\/api.w.org\/{rel}","templated":true}]}}