{"id":9067,"date":"2015-07-07T21:14:10","date_gmt":"2015-07-08T04:14:10","guid":{"rendered":"https:\/\/fieldhockey.ca\/fr\/?page_id=9067"},"modified":"2015-07-09T23:08:12","modified_gmt":"2015-07-10T06:08:12","slug":"coaching-pathway","status":"publish","type":"page","link":"https:\/\/fieldhockey.ca\/fr\/coaches\/coaching-pathway\/","title":{"rendered":"Parcours d\u2019entra\u00eeneur"},"content":{"rendered":"<p>Le parcours d\u2019entra\u00eeneur de Hockey sur gazon Canada\/PNCE est harmonis\u00e9 \u00e0 la strat\u00e9gie de d\u00e9veloppement \u00e0 long terme du hockey sur gazon de HGC.<\/p>\n<p>Le but est un mod\u00e8le ax\u00e9 sur l\u2019athl\u00e8te et men\u00e9 par l\u2019entra\u00eeneur ou le parcours sert \u00e0 la fois les courants communautaire et de performance du d\u00e9veloppement de l\u2019athl\u00e8te. Ce mod\u00e8le flexible de livraison permet aux clubs, aux \u00e9coles, aux organismes provinciaux de sport et aux autres leaders communautaires d\u2019offrir les cours qui r\u00e9pondent aux besoins particuliers de leur propre environnement.<\/p>\n<p><img loading=\"lazy\" decoding=\"async\" class=\" size-full wp-image-752 aligncenter\" src=\"https:\/\/fieldhockey.ca\/wp-content\/uploads\/2015\/06\/image1.jpeg\" alt=\"Coach Pathway\" width=\"720\" height=\"450\" srcset=\"https:\/\/fieldhockey.ca\/wp-content\/uploads\/2015\/06\/image1.jpeg 720w, https:\/\/fieldhockey.ca\/wp-content\/uploads\/2015\/06\/image1-300x188.jpeg 300w\" sizes=\"auto, (max-width: 720px) 100vw, 720px\" \/><\/p>\n","protected":false},"excerpt":{"rendered":"<p>Le parcours d\u2019entra\u00eeneur de Hockey sur gazon Canada\/PNCE est harmonis\u00e9 \u00e0 la strat\u00e9gie de d\u00e9veloppement \u00e0 long terme du hockey sur gazon de HGC. Le but est un mod\u00e8le ax\u00e9 sur l\u2019athl\u00e8te et men\u00e9 par l\u2019entra\u00eeneur ou le parcours sert \u00e0 la fois les courants communautaire et de performance du d\u00e9veloppement de l\u2019athl\u00e8te. Ce mod\u00e8le [&hellip;]<\/p>\n","protected":false},"author":1,"featured_media":0,"parent":9045,"menu_order":0,"comment_status":"closed","ping_status":"closed","template":"","meta":{"footnotes":""},"class_list":["post-9067","page","type-page","status-publish","hentry"],"yoast_head":"<!-- This site is optimized with the Yoast SEO plugin v26.8 - https:\/\/yoast.com\/product\/yoast-seo-wordpress\/ -->\n<title>Parcours d\u2019entra\u00eeneur - Field Hockey Canada<\/title>\n<meta name=\"robots\" content=\"index, follow, max-snippet:-1, max-image-preview:large, max-video-preview:-1\" \/>\n<link rel=\"canonical\" href=\"https:\/\/fieldhockey.ca\/fr\/coaches\/coaching-pathway\/\" \/>\n<meta property=\"og:locale\" content=\"fr_CA\" \/>\n<meta property=\"og:type\" content=\"article\" \/>\n<meta property=\"og:title\" content=\"Parcours d\u2019entra\u00eeneur - Field Hockey Canada\" \/>\n<meta property=\"og:description\" content=\"Le parcours d\u2019entra\u00eeneur de Hockey sur gazon Canada\/PNCE est harmonis\u00e9 \u00e0 la strat\u00e9gie de d\u00e9veloppement \u00e0 long terme du hockey sur gazon de HGC. Le but est un mod\u00e8le ax\u00e9 sur l\u2019athl\u00e8te et men\u00e9 par l\u2019entra\u00eeneur ou le parcours sert \u00e0 la fois les courants communautaire et de performance du d\u00e9veloppement de l\u2019athl\u00e8te. Ce mod\u00e8le [&hellip;]\" \/>\n<meta property=\"og:url\" content=\"https:\/\/fieldhockey.ca\/fr\/coaches\/coaching-pathway\/\" \/>\n<meta property=\"og:site_name\" content=\"Field Hockey Canada\" \/>\n<meta property=\"article:modified_time\" content=\"2015-07-10T06:08:12+00:00\" \/>\n<meta property=\"og:image\" content=\"https:\/\/fieldhockey.ca\/wp-content\/uploads\/2015\/06\/image1.jpeg\" \/>\n<meta name=\"twitter:card\" content=\"summary_large_image\" \/>\n<script type=\"application\/ld+json\" class=\"yoast-schema-graph\">{\"@context\":\"https:\/\/schema.org\",\"@graph\":[{\"@type\":\"WebPage\",\"@id\":\"https:\/\/fieldhockey.ca\/fr\/coaches\/coaching-pathway\/\",\"url\":\"https:\/\/fieldhockey.ca\/fr\/coaches\/coaching-pathway\/\",\"name\":\"Parcours d\u2019entra\u00eeneur - Field Hockey Canada\",\"isPartOf\":{\"@id\":\"https:\/\/fieldhockey.ca\/#website\"},\"primaryImageOfPage\":{\"@id\":\"https:\/\/fieldhockey.ca\/fr\/coaches\/coaching-pathway\/#primaryimage\"},\"image\":{\"@id\":\"https:\/\/fieldhockey.ca\/fr\/coaches\/coaching-pathway\/#primaryimage\"},\"thumbnailUrl\":\"https:\/\/fieldhockey.ca\/wp-content\/uploads\/2015\/06\/image1.jpeg\",\"datePublished\":\"2015-07-08T04:14:10+00:00\",\"dateModified\":\"2015-07-10T06:08:12+00:00\",\"breadcrumb\":{\"@id\":\"https:\/\/fieldhockey.ca\/fr\/coaches\/coaching-pathway\/#breadcrumb\"},\"inLanguage\":\"fr-CA\",\"potentialAction\":[{\"@type\":\"ReadAction\",\"target\":[\"https:\/\/fieldhockey.ca\/fr\/coaches\/coaching-pathway\/\"]}]},{\"@type\":\"ImageObject\",\"inLanguage\":\"fr-CA\",\"@id\":\"https:\/\/fieldhockey.ca\/fr\/coaches\/coaching-pathway\/#primaryimage\",\"url\":\"https:\/\/fieldhockey.ca\/wp-content\/uploads\/2015\/06\/image1.jpeg\",\"contentUrl\":\"https:\/\/fieldhockey.ca\/wp-content\/uploads\/2015\/06\/image1.jpeg\"},{\"@type\":\"BreadcrumbList\",\"@id\":\"https:\/\/fieldhockey.ca\/fr\/coaches\/coaching-pathway\/#breadcrumb\",\"itemListElement\":[{\"@type\":\"ListItem\",\"position\":1,\"name\":\"Home\",\"item\":\"https:\/\/fieldhockey.ca\/fr\/\"},{\"@type\":\"ListItem\",\"position\":2,\"name\":\"Coaches\",\"item\":\"https:\/\/fieldhockey.ca\/fr\/?page_id=9045\"},{\"@type\":\"ListItem\",\"position\":3,\"name\":\"Parcours d\u2019entra\u00eeneur\"}]},{\"@type\":\"WebSite\",\"@id\":\"https:\/\/fieldhockey.ca\/#website\",\"url\":\"https:\/\/fieldhockey.ca\/\",\"name\":\"Field Hockey Canada\",\"description\":\"Canada\u2019s governing body for field hockey\",\"potentialAction\":[{\"@type\":\"SearchAction\",\"target\":{\"@type\":\"EntryPoint\",\"urlTemplate\":\"https:\/\/fieldhockey.ca\/?s={search_term_string}\"},\"query-input\":{\"@type\":\"PropertyValueSpecification\",\"valueRequired\":true,\"valueName\":\"search_term_string\"}}],\"inLanguage\":\"fr-CA\"}]}<\/script>\n<!-- \/ Yoast SEO plugin. -->","yoast_head_json":{"title":"Parcours d\u2019entra\u00eeneur - Field Hockey Canada","robots":{"index":"index","follow":"follow","max-snippet":"max-snippet:-1","max-image-preview":"max-image-preview:large","max-video-preview":"max-video-preview:-1"},"canonical":"https:\/\/fieldhockey.ca\/fr\/coaches\/coaching-pathway\/","og_locale":"fr_CA","og_type":"article","og_title":"Parcours d\u2019entra\u00eeneur - Field Hockey Canada","og_description":"Le parcours d\u2019entra\u00eeneur de Hockey sur gazon Canada\/PNCE est harmonis\u00e9 \u00e0 la strat\u00e9gie de d\u00e9veloppement \u00e0 long terme du hockey sur gazon de HGC. Le but est un mod\u00e8le ax\u00e9 sur l\u2019athl\u00e8te et men\u00e9 par l\u2019entra\u00eeneur ou le parcours sert \u00e0 la fois les courants communautaire et de performance du d\u00e9veloppement de l\u2019athl\u00e8te. Ce mod\u00e8le [&hellip;]","og_url":"https:\/\/fieldhockey.ca\/fr\/coaches\/coaching-pathway\/","og_site_name":"Field Hockey Canada","article_modified_time":"2015-07-10T06:08:12+00:00","og_image":[{"url":"https:\/\/fieldhockey.ca\/wp-content\/uploads\/2015\/06\/image1.jpeg","type":"","width":"","height":""}],"twitter_card":"summary_large_image","schema":{"@context":"https:\/\/schema.org","@graph":[{"@type":"WebPage","@id":"https:\/\/fieldhockey.ca\/fr\/coaches\/coaching-pathway\/","url":"https:\/\/fieldhockey.ca\/fr\/coaches\/coaching-pathway\/","name":"Parcours d\u2019entra\u00eeneur - Field Hockey Canada","isPartOf":{"@id":"https:\/\/fieldhockey.ca\/#website"},"primaryImageOfPage":{"@id":"https:\/\/fieldhockey.ca\/fr\/coaches\/coaching-pathway\/#primaryimage"},"image":{"@id":"https:\/\/fieldhockey.ca\/fr\/coaches\/coaching-pathway\/#primaryimage"},"thumbnailUrl":"https:\/\/fieldhockey.ca\/wp-content\/uploads\/2015\/06\/image1.jpeg","datePublished":"2015-07-08T04:14:10+00:00","dateModified":"2015-07-10T06:08:12+00:00","breadcrumb":{"@id":"https:\/\/fieldhockey.ca\/fr\/coaches\/coaching-pathway\/#breadcrumb"},"inLanguage":"fr-CA","potentialAction":[{"@type":"ReadAction","target":["https:\/\/fieldhockey.ca\/fr\/coaches\/coaching-pathway\/"]}]},{"@type":"ImageObject","inLanguage":"fr-CA","@id":"https:\/\/fieldhockey.ca\/fr\/coaches\/coaching-pathway\/#primaryimage","url":"https:\/\/fieldhockey.ca\/wp-content\/uploads\/2015\/06\/image1.jpeg","contentUrl":"https:\/\/fieldhockey.ca\/wp-content\/uploads\/2015\/06\/image1.jpeg"},{"@type":"BreadcrumbList","@id":"https:\/\/fieldhockey.ca\/fr\/coaches\/coaching-pathway\/#breadcrumb","itemListElement":[{"@type":"ListItem","position":1,"name":"Home","item":"https:\/\/fieldhockey.ca\/fr\/"},{"@type":"ListItem","position":2,"name":"Coaches","item":"https:\/\/fieldhockey.ca\/fr\/?page_id=9045"},{"@type":"ListItem","position":3,"name":"Parcours d\u2019entra\u00eeneur"}]},{"@type":"WebSite","@id":"https:\/\/fieldhockey.ca\/#website","url":"https:\/\/fieldhockey.ca\/","name":"Field Hockey Canada","description":"Canada\u2019s governing body for field hockey","potentialAction":[{"@type":"SearchAction","target":{"@type":"EntryPoint","urlTemplate":"https:\/\/fieldhockey.ca\/?s={search_term_string}"},"query-input":{"@type":"PropertyValueSpecification","valueRequired":true,"valueName":"search_term_string"}}],"inLanguage":"fr-CA"}]}},"_links":{"self":[{"href":"https:\/\/fieldhockey.ca\/fr\/wp-json\/wp\/v2\/pages\/9067","targetHints":{"allow":["GET"]}}],"collection":[{"href":"https:\/\/fieldhockey.ca\/fr\/wp-json\/wp\/v2\/pages"}],"about":[{"href":"https:\/\/fieldhockey.ca\/fr\/wp-json\/wp\/v2\/types\/page"}],"author":[{"embeddable":true,"href":"https:\/\/fieldhockey.ca\/fr\/wp-json\/wp\/v2\/users\/1"}],"replies":[{"embeddable":true,"href":"https:\/\/fieldhockey.ca\/fr\/wp-json\/wp\/v2\/comments?post=9067"}],"version-history":[{"count":3,"href":"https:\/\/fieldhockey.ca\/fr\/wp-json\/wp\/v2\/pages\/9067\/revisions"}],"predecessor-version":[{"id":10675,"href":"https:\/\/fieldhockey.ca\/fr\/wp-json\/wp\/v2\/pages\/9067\/revisions\/10675"}],"up":[{"embeddable":true,"href":"https:\/\/fieldhockey.ca\/fr\/wp-json\/wp\/v2\/pages\/9045"}],"wp:attachment":[{"href":"https:\/\/fieldhockey.ca\/fr\/wp-json\/wp\/v2\/media?parent=9067"}],"curies":[{"name":"wp","href":"https:\/\/api.w.org\/{rel}","templated":true}]}}