{"id":9069,"date":"2015-07-07T21:14:32","date_gmt":"2015-07-08T04:14:32","guid":{"rendered":"https:\/\/fieldhockey.ca\/fr\/?page_id=9069"},"modified":"2015-07-08T10:31:16","modified_gmt":"2015-07-08T17:31:16","slug":"hockey-development-lthd","status":"publish","type":"page","link":"https:\/\/fieldhockey.ca\/fr\/coaches\/hockey-development-lthd\/","title":{"rendered":"D\u00e9veloppement \u00e0 long terme du hockey"},"content":{"rendered":"<p>Le d\u00e9veloppement \u00e0 long terme du hockey est un cadre propre au sport offrant un programme optimal d\u2019entra\u00eenement, de comp\u00e9tition et de r\u00e9cup\u00e9ration qui respecte et utilise les \u00e9tapes naturelles de croissance physique, mentale et \u00e9motionnelle des athl\u00e8tes.&nbsp; Il repose sur le mod\u00e8le canadien de d\u00e9veloppement \u00e0 long terme de l\u2019athl\u00e8te (DLTA) qui est ax\u00e9 sur l\u2019athl\u00e8te et dirig\u00e9 par l\u2019entra\u00eeneur, puis appuy\u00e9 par les officiels, les administrateurs, les parents, les b\u00e9n\u00e9voles et les commanditaires.<\/p>\n<p><a href=\"http:\/\/lthd.fieldhockey.ca\/files\/LTHD\/LTHD_Booklet_en.pdf\">Cliquez ici<\/a> pour d\u2019autres renseignements au sujet du mod\u00e8le, son d\u00e9veloppement, ses \u00e9tapes et les r\u00e9sultats vis\u00e9s.<\/p>\n<p><a href=\"http:\/\/lthd.fieldhockey.ca\/en\/home\">Cliquez ici<\/a> pour consulter le mod\u00e8le, des ressources et des exercices.<\/p>\n","protected":false},"excerpt":{"rendered":"<p>Le d\u00e9veloppement \u00e0 long terme du hockey est un cadre propre au sport offrant un programme optimal d\u2019entra\u00eenement, de comp\u00e9tition et de r\u00e9cup\u00e9ration qui respecte et utilise les \u00e9tapes naturelles de croissance physique, mentale et \u00e9motionnelle des athl\u00e8tes.&nbsp; Il repose sur le mod\u00e8le canadien de d\u00e9veloppement \u00e0 long terme de l\u2019athl\u00e8te (DLTA) qui est ax\u00e9 [&hellip;]<\/p>\n","protected":false},"author":1,"featured_media":0,"parent":9045,"menu_order":0,"comment_status":"closed","ping_status":"closed","template":"","meta":{"footnotes":""},"class_list":["post-9069","page","type-page","status-publish","hentry"],"yoast_head":"<!-- This site is optimized with the Yoast SEO plugin v26.8 - https:\/\/yoast.com\/product\/yoast-seo-wordpress\/ -->\n<title>D\u00e9veloppement \u00e0 long terme du hockey - Field Hockey Canada<\/title>\n<meta name=\"robots\" content=\"index, follow, max-snippet:-1, max-image-preview:large, max-video-preview:-1\" \/>\n<link rel=\"canonical\" href=\"https:\/\/fieldhockey.ca\/fr\/coaches\/hockey-development-lthd\/\" \/>\n<meta property=\"og:locale\" content=\"fr_CA\" \/>\n<meta property=\"og:type\" content=\"article\" \/>\n<meta property=\"og:title\" content=\"D\u00e9veloppement \u00e0 long terme du hockey - Field Hockey Canada\" \/>\n<meta property=\"og:description\" content=\"Le d\u00e9veloppement \u00e0 long terme du hockey est un cadre propre au sport offrant un programme optimal d\u2019entra\u00eenement, de comp\u00e9tition et de r\u00e9cup\u00e9ration qui respecte et utilise les \u00e9tapes naturelles de croissance physique, mentale et \u00e9motionnelle des athl\u00e8tes.&nbsp; Il repose sur le mod\u00e8le canadien de d\u00e9veloppement \u00e0 long terme de l\u2019athl\u00e8te (DLTA) qui est ax\u00e9 [&hellip;]\" \/>\n<meta property=\"og:url\" content=\"https:\/\/fieldhockey.ca\/fr\/coaches\/hockey-development-lthd\/\" \/>\n<meta property=\"og:site_name\" content=\"Field Hockey Canada\" \/>\n<meta property=\"article:modified_time\" content=\"2015-07-08T17:31:16+00:00\" \/>\n<meta name=\"twitter:card\" content=\"summary_large_image\" \/>\n<meta name=\"twitter:label1\" content=\"Estimation du temps de lecture\" \/>\n\t<meta name=\"twitter:data1\" content=\"1 minute\" \/>\n<script type=\"application\/ld+json\" class=\"yoast-schema-graph\">{\"@context\":\"https:\/\/schema.org\",\"@graph\":[{\"@type\":\"WebPage\",\"@id\":\"https:\/\/fieldhockey.ca\/fr\/coaches\/hockey-development-lthd\/\",\"url\":\"https:\/\/fieldhockey.ca\/fr\/coaches\/hockey-development-lthd\/\",\"name\":\"D\u00e9veloppement \u00e0 long terme du hockey - Field Hockey Canada\",\"isPartOf\":{\"@id\":\"https:\/\/fieldhockey.ca\/#website\"},\"datePublished\":\"2015-07-08T04:14:32+00:00\",\"dateModified\":\"2015-07-08T17:31:16+00:00\",\"breadcrumb\":{\"@id\":\"https:\/\/fieldhockey.ca\/fr\/coaches\/hockey-development-lthd\/#breadcrumb\"},\"inLanguage\":\"fr-CA\",\"potentialAction\":[{\"@type\":\"ReadAction\",\"target\":[\"https:\/\/fieldhockey.ca\/fr\/coaches\/hockey-development-lthd\/\"]}]},{\"@type\":\"BreadcrumbList\",\"@id\":\"https:\/\/fieldhockey.ca\/fr\/coaches\/hockey-development-lthd\/#breadcrumb\",\"itemListElement\":[{\"@type\":\"ListItem\",\"position\":1,\"name\":\"Home\",\"item\":\"https:\/\/fieldhockey.ca\/fr\/\"},{\"@type\":\"ListItem\",\"position\":2,\"name\":\"Coaches\",\"item\":\"https:\/\/fieldhockey.ca\/fr\/?page_id=9045\"},{\"@type\":\"ListItem\",\"position\":3,\"name\":\"D\u00e9veloppement \u00e0 long terme du hockey\"}]},{\"@type\":\"WebSite\",\"@id\":\"https:\/\/fieldhockey.ca\/#website\",\"url\":\"https:\/\/fieldhockey.ca\/\",\"name\":\"Field Hockey Canada\",\"description\":\"Canada\u2019s governing body for field hockey\",\"potentialAction\":[{\"@type\":\"SearchAction\",\"target\":{\"@type\":\"EntryPoint\",\"urlTemplate\":\"https:\/\/fieldhockey.ca\/?s={search_term_string}\"},\"query-input\":{\"@type\":\"PropertyValueSpecification\",\"valueRequired\":true,\"valueName\":\"search_term_string\"}}],\"inLanguage\":\"fr-CA\"}]}<\/script>\n<!-- \/ Yoast SEO plugin. -->","yoast_head_json":{"title":"D\u00e9veloppement \u00e0 long terme du hockey - Field Hockey Canada","robots":{"index":"index","follow":"follow","max-snippet":"max-snippet:-1","max-image-preview":"max-image-preview:large","max-video-preview":"max-video-preview:-1"},"canonical":"https:\/\/fieldhockey.ca\/fr\/coaches\/hockey-development-lthd\/","og_locale":"fr_CA","og_type":"article","og_title":"D\u00e9veloppement \u00e0 long terme du hockey - Field Hockey Canada","og_description":"Le d\u00e9veloppement \u00e0 long terme du hockey est un cadre propre au sport offrant un programme optimal d\u2019entra\u00eenement, de comp\u00e9tition et de r\u00e9cup\u00e9ration qui respecte et utilise les \u00e9tapes naturelles de croissance physique, mentale et \u00e9motionnelle des athl\u00e8tes.&nbsp; Il repose sur le mod\u00e8le canadien de d\u00e9veloppement \u00e0 long terme de l\u2019athl\u00e8te (DLTA) qui est ax\u00e9 [&hellip;]","og_url":"https:\/\/fieldhockey.ca\/fr\/coaches\/hockey-development-lthd\/","og_site_name":"Field Hockey Canada","article_modified_time":"2015-07-08T17:31:16+00:00","twitter_card":"summary_large_image","twitter_misc":{"Estimation du temps de lecture":"1 minute"},"schema":{"@context":"https:\/\/schema.org","@graph":[{"@type":"WebPage","@id":"https:\/\/fieldhockey.ca\/fr\/coaches\/hockey-development-lthd\/","url":"https:\/\/fieldhockey.ca\/fr\/coaches\/hockey-development-lthd\/","name":"D\u00e9veloppement \u00e0 long terme du hockey - Field Hockey Canada","isPartOf":{"@id":"https:\/\/fieldhockey.ca\/#website"},"datePublished":"2015-07-08T04:14:32+00:00","dateModified":"2015-07-08T17:31:16+00:00","breadcrumb":{"@id":"https:\/\/fieldhockey.ca\/fr\/coaches\/hockey-development-lthd\/#breadcrumb"},"inLanguage":"fr-CA","potentialAction":[{"@type":"ReadAction","target":["https:\/\/fieldhockey.ca\/fr\/coaches\/hockey-development-lthd\/"]}]},{"@type":"BreadcrumbList","@id":"https:\/\/fieldhockey.ca\/fr\/coaches\/hockey-development-lthd\/#breadcrumb","itemListElement":[{"@type":"ListItem","position":1,"name":"Home","item":"https:\/\/fieldhockey.ca\/fr\/"},{"@type":"ListItem","position":2,"name":"Coaches","item":"https:\/\/fieldhockey.ca\/fr\/?page_id=9045"},{"@type":"ListItem","position":3,"name":"D\u00e9veloppement \u00e0 long terme du hockey"}]},{"@type":"WebSite","@id":"https:\/\/fieldhockey.ca\/#website","url":"https:\/\/fieldhockey.ca\/","name":"Field Hockey Canada","description":"Canada\u2019s governing body for field hockey","potentialAction":[{"@type":"SearchAction","target":{"@type":"EntryPoint","urlTemplate":"https:\/\/fieldhockey.ca\/?s={search_term_string}"},"query-input":{"@type":"PropertyValueSpecification","valueRequired":true,"valueName":"search_term_string"}}],"inLanguage":"fr-CA"}]}},"_links":{"self":[{"href":"https:\/\/fieldhockey.ca\/fr\/wp-json\/wp\/v2\/pages\/9069","targetHints":{"allow":["GET"]}}],"collection":[{"href":"https:\/\/fieldhockey.ca\/fr\/wp-json\/wp\/v2\/pages"}],"about":[{"href":"https:\/\/fieldhockey.ca\/fr\/wp-json\/wp\/v2\/types\/page"}],"author":[{"embeddable":true,"href":"https:\/\/fieldhockey.ca\/fr\/wp-json\/wp\/v2\/users\/1"}],"replies":[{"embeddable":true,"href":"https:\/\/fieldhockey.ca\/fr\/wp-json\/wp\/v2\/comments?post=9069"}],"version-history":[{"count":3,"href":"https:\/\/fieldhockey.ca\/fr\/wp-json\/wp\/v2\/pages\/9069\/revisions"}],"predecessor-version":[{"id":9207,"href":"https:\/\/fieldhockey.ca\/fr\/wp-json\/wp\/v2\/pages\/9069\/revisions\/9207"}],"up":[{"embeddable":true,"href":"https:\/\/fieldhockey.ca\/fr\/wp-json\/wp\/v2\/pages\/9045"}],"wp:attachment":[{"href":"https:\/\/fieldhockey.ca\/fr\/wp-json\/wp\/v2\/media?parent=9069"}],"curies":[{"name":"wp","href":"https:\/\/api.w.org\/{rel}","templated":true}]}}