{"id":9088,"date":"2015-07-07T21:50:26","date_gmt":"2015-07-08T04:50:26","guid":{"rendered":"https:\/\/fieldhockey.ca\/fr\/?page_id=9088"},"modified":"2015-07-08T08:40:29","modified_gmt":"2015-07-08T15:40:29","slug":"officiating-pathway","status":"publish","type":"page","link":"https:\/\/fieldhockey.ca\/fr\/officials\/officiating-pathway\/","title":{"rendered":"Parcours de l\u2019arbitre"},"content":{"rendered":"<p><strong>Arbitres certifi\u00e9s de HGC<\/strong><\/p>\n<p>Les arbitres certifi\u00e9s jouissent d\u2019une cr\u00e9dibilit\u00e9 accrue au sein de la collectivit\u00e9 du hockey sur gazon et aupr\u00e8s des athl\u00e8tes avec qui ils travaillent parce qu\u2019ils ont fait l\u2019objet d\u2019une observation et d\u2019une \u00e9valuation pendant qu\u2019ils \u00ab faisaient \u00bb ce qui est exig\u00e9 d\u2019eux \u00e0 titre d\u2019officiels comp\u00e9tents dans leur sport. Il est \u00e9tabli qu\u2019ils respectent ou surpassent des normes \u00e9lev\u00e9es reconnues par les clubs et les associations provinciales membres de HGC. Gage de confiance \u00e0 tous les niveaux du hockey sur gazon, la certification est un avantage qui profite aux athl\u00e8tes, aux parents, aux organismes de sport et aux collectivit\u00e9s.<\/p>\n\n<table id=\"tablepress-3\" class=\"tablepress tablepress-id-3 table\">\n<thead>\n<tr class=\"row-1\">\n\t<th class=\"column-1\">Niveau<\/th><th class=\"column-2\">Niveau de comp\u00e9tence<\/th>\n<\/tr>\n<\/thead>\n<tbody class=\"row-striping row-hover\">\n<tr class=\"row-2\">\n\t<td class=\"column-1\">Sport communautaire<\/td><td class=\"column-2\">Niveau d\u2019introduction: Hockey pour les jeunes, de niveau secondaire et de faible niveau.<\/td>\n<\/tr>\n<tr class=\"row-3\">\n\t<td class=\"column-1\">Provincial<\/td><td class=\"column-2\">Niveau d\u2019introduction: Hockey de comp\u00e9tition et provincial junior \u00e0 l\u2019\u00e9chelle locale et dans les clubs.<\/td>\n<\/tr>\n<tr class=\"row-4\">\n\t<td class=\"column-1\">R\u00e9gional<\/td><td class=\"column-2\">Hockey sup\u00e9rieur dans les clubs et championnats nationaux\/r\u00e9gionaux juniors.<\/td>\n<\/tr>\n<tr class=\"row-5\">\n\t<td class=\"column-1\">Canadien<\/td><td class=\"column-2\">Championnats nationaux seniors\/hockey universitaire et matches internationaux pr\u00e9liminaires.<\/td>\n<\/tr>\n<\/tbody>\n<\/table>\n\n<p>&nbsp;<\/p>\n<p><strong>Par o<\/strong><strong>\u00f9<\/strong><strong> commencer?<\/strong><\/p>\n<p>Toute personne qui n\u2019a jamais obtenu de certification d\u2019arbitre de HGC doit commencer au niveau communautaire ou provincial pour ensuite gravir les \u00e9chelons. Votre responsable de l\u2019arbitrage local devrait aussi pouvoir vous conseiller.<\/p>\n<p>&nbsp;<\/p>\n<p><strong>Communaut\u00e9<\/strong><\/p>\n<p>C\u2019est une belle option si vous \u00eates d\u00e9butant dans le sport ou si vous d\u00e9sirez arbitrer des matchs de niveau secondaire ou dans les ligues de moindre calibre. Le cours couvrira les r\u00e8gles de base, les outils de communication et des sc\u00e9narios pratiques que vous pourriez rencontrer. Vous apprendrez comment traiter avec les situations et diriger le match.<\/p>\n<p>&nbsp;<\/p>\n<p><strong>Provincial&nbsp;<\/strong><\/p>\n<p>Si vous d\u00e9sirez arbitrer \u00e0 un niveau sup\u00e9rieur, c\u2019est ici que vous devriez commencer. Le cours couvrira les r\u00e8glements, les outils de communication et de gestion de match ainsi que les sc\u00e9narios th\u00e9oriques et pratiques que vous pourriez rencontrer.<\/p>\n<p>&nbsp;<\/p>\n<p><strong>Cours d\u2019arbitrage<\/strong><\/p>\n<p>Il y a trois niveaux de cours d\u2019arbitrage. &nbsp;1) Communautaire &nbsp;2) Provincial &nbsp;3) R\u00e9gional<br \/>\nNOUVEAU : Il existe maintenant un cours d\u2019arbitrage int\u00e9rieur provincial.<\/p>\n<p>Pour conna\u00eetre les dates des prochaines cliniques dans votre r\u00e9gion, contactez votre association provinciale.<\/p>\n<p>&nbsp;<\/p>\n<p><strong>Mat\u00e9riel de cours<\/strong><\/p>\n<p>Le mat\u00e9riel de cours est disponible en ligne. Les OPS est les instructeurs qualifi\u00e9s peuvent faire parvenir un courriel \u00e0&nbsp;<a href=\"mailto:JulieFHCBoard@aol.com\">JulieFHCBoard@aol.com<\/a>&nbsp;pour en obtenir une copie. Il y a un frais de 5 $ par participant \u00e0 Hockey sur gazon Canada.<\/p>\n<p>&nbsp;<\/p>\n<p><strong>Mod\u00e8le de d\u00e9veloppement des arbitres&nbsp;<\/strong><\/p>\n\n<table id=\"tablepress-4\" class=\"tablepress tablepress-id-4\">\n<thead>\n<tr class=\"row-1\">\n\t<th class=\"column-1\">CRITERE<\/th><th class=\"column-2\">SPORT COMMUNAUTAIRE<\/th><th class=\"column-3\">PROVINCIAL<\/th><th class=\"column-4\">REGIONAL<\/th><th class=\"column-5\">CANADIEN<\/th>\n<\/tr>\n<\/thead>\n<tbody class=\"row-striping row-hover\">\n<tr class=\"row-2\">\n\t<td class=\"column-1\">AGE MINIMAL<\/td><td class=\"column-2\">13+<\/td><td class=\"column-3\">S.O.<\/td><td class=\"column-4\">S.O.<\/td><td class=\"column-5\">S.O.<\/td>\n<\/tr>\n<tr class=\"row-3\">\n\t<td class=\"column-1\">FORMAT DE L\u2019EXAMEN<\/td><td class=\"column-2\">Cours \u00ab Sport communautaire \u00bb (avec volet pratique) d\u2019au moins 4 heures; examen \u00e0 choix multiples.<\/td><td class=\"column-3\">Cours \u00ab Provincial \u00bb de 6 heures; examen \u00e9crit\/\u00e0 choix multiples.<\/td><td class=\"column-4\">Cours \u00ab R\u00e9gional \u00bb de 5 heures; examen \u00e9crit\/\u00e0 choix multiples.<\/td><td class=\"column-5\">Pr\u00e9sentation orale et discussion portant sur des questions donn\u00e9es.<\/td>\n<\/tr>\n<tr class=\"row-4\">\n\t<td class=\"column-1\">CRIT\u00c8RES DE QUALIFICATION<\/td><td class=\"column-2\">Note de 75 % \u00e0 l\u2019examen; une \u00e9valuation sur le terrain.<\/td><td class=\"column-3\">Note de 75 % \u00e0 l\u2019examen; deux \u00e9valuations sur le terrain.<\/td><td class=\"column-4\">Note de 80 % \u00e0 l\u2019examen; deux \u00e9valuations sur le terrain.<\/td><td class=\"column-5\">R\u00e9ussite de la pr\u00e9sentation orale; effectuer une pr\u00e9sentation dans le cadre d\u2019une clinique Sp. com.\/Prov.\/R\u00e9g.; deux \u00e9valuations sur le terrain.<\/td>\n<\/tr>\n<tr class=\"row-5\">\n\t<td class=\"column-1\">NIVEAU DE JEU<\/td><td class=\"column-2\">Clubs et \u00e9coles de niveaux U12, U14 et U16 inf\u00e9rieurs<\/td><td class=\"column-3\">Comp\u00e9titions locales\/entre clubs, championnats provinciaux U18 et moins.<\/td><td class=\"column-4\">Clubs sup\u00e9rieurs et de 1\u00e8re division, championnats r\u00e9gionaux et nationaux U21 et U18.<\/td><td class=\"column-5\">Championnats de SIC et nationaux seniors et tournois internationaux.<\/td>\n<\/tr>\n<tr class=\"row-6\">\n\t<td class=\"column-1\">DUREE<\/td><td class=\"column-2\">4 ans<\/td><td class=\"column-3\">4 ans<\/td><td class=\"column-4\">4 ans<\/td><td class=\"column-5\">4 ans<\/td>\n<\/tr>\n<tr class=\"row-7\">\n\t<td class=\"column-1\">PROCESSUS DE RENOUVELLEMENT<\/td><td class=\"column-2\">Clinique de mise \u00e0 jour sur les r\u00e8glements; une \u00e9valuation sur le terrain.<\/td><td class=\"column-3\">Clinique de mise \u00e0 jour sur les r\u00e8glements; une ou deux \u00e9valuations sur le terrain, selon le niveau d\u2019arbitrage.<\/td><td class=\"column-4\">Clinique de mise \u00e0 jour sur les r\u00e8glements; une ou deux \u00e9valuations sur le terrain, selon le niveau d\u2019arbitrage.<\/td><td class=\"column-5\">Clinique de mise \u00e0 jour sur les r\u00e8glements; deux \u00e9valuations sur le terrain.<\/td>\n<\/tr>\n<tr class=\"row-8\">\n\t<td class=\"column-1\">EXIGENCES RELATIVES AU MAINTIEN DE LA CERTIFICATION<\/td><td class=\"column-2\">Minimum de 8 \u00e0 10 matches\/an.<\/td><td class=\"column-3\">Minimum de 10 \u00e0 12 matches\/an.<\/td><td class=\"column-4\">Minimum de 12 matches\/an; r\u00e9ussite d\u2019une \u00e9valuation de match par ann\u00e9e.<\/td><td class=\"column-5\">Minimum de 15 matches\/an; r\u00e9ussite de deux \u00e9valuations de matches par ann\u00e9e.<\/td>\n<\/tr>\n<tr class=\"row-9\">\n\t<td class=\"column-1\">CONDITION PHYSIQUE<\/td><td class=\"column-2\">Niveau ad\u00e9quat de condition physique.<\/td><td class=\"column-3\">Niveau ad\u00e9quat de condition physique en fonction des normes de l\u2019OPS.<\/td><td class=\"column-4\">Test annuel avec signal sonore respectant les normes de la FIH, selon l\u2019\u00e2ge des athl\u00e8tes participant aux championnats nationaux ou de l\u2019OPS.<\/td><td class=\"column-5\">Test annuel avec signal sonore respectant les normes de la FIH, selon l\u2019\u00e2ge des athl\u00e8tes participant aux championnats nationaux.<\/td>\n<\/tr>\n<\/tbody>\n<\/table>\n\n","protected":false},"excerpt":{"rendered":"<p>Arbitres certifi\u00e9s de HGC Les arbitres certifi\u00e9s jouissent d\u2019une cr\u00e9dibilit\u00e9 accrue au sein de la collectivit\u00e9 du hockey sur gazon et aupr\u00e8s des athl\u00e8tes avec qui ils travaillent parce qu\u2019ils ont fait l\u2019objet d\u2019une observation et d\u2019une \u00e9valuation pendant qu\u2019ils \u00ab faisaient \u00bb ce qui est exig\u00e9 d\u2019eux \u00e0 titre d\u2019officiels comp\u00e9tents dans leur sport. [&hellip;]<\/p>\n","protected":false},"author":1,"featured_media":0,"parent":9084,"menu_order":0,"comment_status":"closed","ping_status":"closed","template":"","meta":{"footnotes":""},"class_list":["post-9088","page","type-page","status-publish","hentry"],"yoast_head":"<!-- This site is optimized with the Yoast SEO plugin v26.8 - https:\/\/yoast.com\/product\/yoast-seo-wordpress\/ -->\n<title>Parcours de l\u2019arbitre - Field Hockey Canada<\/title>\n<meta name=\"robots\" content=\"index, follow, max-snippet:-1, max-image-preview:large, max-video-preview:-1\" \/>\n<link rel=\"canonical\" href=\"https:\/\/fieldhockey.ca\/fr\/officials\/officiating-pathway\/\" \/>\n<meta property=\"og:locale\" content=\"fr_CA\" \/>\n<meta property=\"og:type\" content=\"article\" \/>\n<meta property=\"og:title\" content=\"Parcours de l\u2019arbitre - Field Hockey Canada\" \/>\n<meta property=\"og:description\" content=\"Arbitres certifi\u00e9s de HGC Les arbitres certifi\u00e9s jouissent d\u2019une cr\u00e9dibilit\u00e9 accrue au sein de la collectivit\u00e9 du hockey sur gazon et aupr\u00e8s des athl\u00e8tes avec qui ils travaillent parce qu\u2019ils ont fait l\u2019objet d\u2019une observation et d\u2019une \u00e9valuation pendant qu\u2019ils \u00ab faisaient \u00bb ce qui est exig\u00e9 d\u2019eux \u00e0 titre d\u2019officiels comp\u00e9tents dans leur sport. [&hellip;]\" \/>\n<meta property=\"og:url\" content=\"https:\/\/fieldhockey.ca\/fr\/officials\/officiating-pathway\/\" \/>\n<meta property=\"og:site_name\" content=\"Field Hockey Canada\" \/>\n<meta property=\"article:modified_time\" content=\"2015-07-08T15:40:29+00:00\" \/>\n<meta name=\"twitter:card\" content=\"summary_large_image\" \/>\n<meta name=\"twitter:label1\" content=\"Estimation du temps de lecture\" \/>\n\t<meta name=\"twitter:data1\" content=\"2 minutes\" \/>\n<script type=\"application\/ld+json\" class=\"yoast-schema-graph\">{\"@context\":\"https:\/\/schema.org\",\"@graph\":[{\"@type\":\"WebPage\",\"@id\":\"https:\/\/fieldhockey.ca\/fr\/officials\/officiating-pathway\/\",\"url\":\"https:\/\/fieldhockey.ca\/fr\/officials\/officiating-pathway\/\",\"name\":\"Parcours de l\u2019arbitre - Field Hockey Canada\",\"isPartOf\":{\"@id\":\"https:\/\/fieldhockey.ca\/#website\"},\"datePublished\":\"2015-07-08T04:50:26+00:00\",\"dateModified\":\"2015-07-08T15:40:29+00:00\",\"breadcrumb\":{\"@id\":\"https:\/\/fieldhockey.ca\/fr\/officials\/officiating-pathway\/#breadcrumb\"},\"inLanguage\":\"fr-CA\",\"potentialAction\":[{\"@type\":\"ReadAction\",\"target\":[\"https:\/\/fieldhockey.ca\/fr\/officials\/officiating-pathway\/\"]}]},{\"@type\":\"BreadcrumbList\",\"@id\":\"https:\/\/fieldhockey.ca\/fr\/officials\/officiating-pathway\/#breadcrumb\",\"itemListElement\":[{\"@type\":\"ListItem\",\"position\":1,\"name\":\"Home\",\"item\":\"https:\/\/fieldhockey.ca\/fr\/\"},{\"@type\":\"ListItem\",\"position\":2,\"name\":\"Officiels\",\"item\":\"https:\/\/fieldhockey.ca\/fr\/officials\/\"},{\"@type\":\"ListItem\",\"position\":3,\"name\":\"Parcours de l\u2019arbitre\"}]},{\"@type\":\"WebSite\",\"@id\":\"https:\/\/fieldhockey.ca\/#website\",\"url\":\"https:\/\/fieldhockey.ca\/\",\"name\":\"Field Hockey Canada\",\"description\":\"Canada\u2019s governing body for field hockey\",\"potentialAction\":[{\"@type\":\"SearchAction\",\"target\":{\"@type\":\"EntryPoint\",\"urlTemplate\":\"https:\/\/fieldhockey.ca\/?s={search_term_string}\"},\"query-input\":{\"@type\":\"PropertyValueSpecification\",\"valueRequired\":true,\"valueName\":\"search_term_string\"}}],\"inLanguage\":\"fr-CA\"}]}<\/script>\n<!-- \/ Yoast SEO plugin. -->","yoast_head_json":{"title":"Parcours de l\u2019arbitre - Field Hockey Canada","robots":{"index":"index","follow":"follow","max-snippet":"max-snippet:-1","max-image-preview":"max-image-preview:large","max-video-preview":"max-video-preview:-1"},"canonical":"https:\/\/fieldhockey.ca\/fr\/officials\/officiating-pathway\/","og_locale":"fr_CA","og_type":"article","og_title":"Parcours de l\u2019arbitre - Field Hockey Canada","og_description":"Arbitres certifi\u00e9s de HGC Les arbitres certifi\u00e9s jouissent d\u2019une cr\u00e9dibilit\u00e9 accrue au sein de la collectivit\u00e9 du hockey sur gazon et aupr\u00e8s des athl\u00e8tes avec qui ils travaillent parce qu\u2019ils ont fait l\u2019objet d\u2019une observation et d\u2019une \u00e9valuation pendant qu\u2019ils \u00ab faisaient \u00bb ce qui est exig\u00e9 d\u2019eux \u00e0 titre d\u2019officiels comp\u00e9tents dans leur sport. [&hellip;]","og_url":"https:\/\/fieldhockey.ca\/fr\/officials\/officiating-pathway\/","og_site_name":"Field Hockey Canada","article_modified_time":"2015-07-08T15:40:29+00:00","twitter_card":"summary_large_image","twitter_misc":{"Estimation du temps de lecture":"2 minutes"},"schema":{"@context":"https:\/\/schema.org","@graph":[{"@type":"WebPage","@id":"https:\/\/fieldhockey.ca\/fr\/officials\/officiating-pathway\/","url":"https:\/\/fieldhockey.ca\/fr\/officials\/officiating-pathway\/","name":"Parcours de l\u2019arbitre - Field Hockey Canada","isPartOf":{"@id":"https:\/\/fieldhockey.ca\/#website"},"datePublished":"2015-07-08T04:50:26+00:00","dateModified":"2015-07-08T15:40:29+00:00","breadcrumb":{"@id":"https:\/\/fieldhockey.ca\/fr\/officials\/officiating-pathway\/#breadcrumb"},"inLanguage":"fr-CA","potentialAction":[{"@type":"ReadAction","target":["https:\/\/fieldhockey.ca\/fr\/officials\/officiating-pathway\/"]}]},{"@type":"BreadcrumbList","@id":"https:\/\/fieldhockey.ca\/fr\/officials\/officiating-pathway\/#breadcrumb","itemListElement":[{"@type":"ListItem","position":1,"name":"Home","item":"https:\/\/fieldhockey.ca\/fr\/"},{"@type":"ListItem","position":2,"name":"Officiels","item":"https:\/\/fieldhockey.ca\/fr\/officials\/"},{"@type":"ListItem","position":3,"name":"Parcours de l\u2019arbitre"}]},{"@type":"WebSite","@id":"https:\/\/fieldhockey.ca\/#website","url":"https:\/\/fieldhockey.ca\/","name":"Field Hockey Canada","description":"Canada\u2019s governing body for field hockey","potentialAction":[{"@type":"SearchAction","target":{"@type":"EntryPoint","urlTemplate":"https:\/\/fieldhockey.ca\/?s={search_term_string}"},"query-input":{"@type":"PropertyValueSpecification","valueRequired":true,"valueName":"search_term_string"}}],"inLanguage":"fr-CA"}]}},"_links":{"self":[{"href":"https:\/\/fieldhockey.ca\/fr\/wp-json\/wp\/v2\/pages\/9088","targetHints":{"allow":["GET"]}}],"collection":[{"href":"https:\/\/fieldhockey.ca\/fr\/wp-json\/wp\/v2\/pages"}],"about":[{"href":"https:\/\/fieldhockey.ca\/fr\/wp-json\/wp\/v2\/types\/page"}],"author":[{"embeddable":true,"href":"https:\/\/fieldhockey.ca\/fr\/wp-json\/wp\/v2\/users\/1"}],"replies":[{"embeddable":true,"href":"https:\/\/fieldhockey.ca\/fr\/wp-json\/wp\/v2\/comments?post=9088"}],"version-history":[{"count":8,"href":"https:\/\/fieldhockey.ca\/fr\/wp-json\/wp\/v2\/pages\/9088\/revisions"}],"predecessor-version":[{"id":9186,"href":"https:\/\/fieldhockey.ca\/fr\/wp-json\/wp\/v2\/pages\/9088\/revisions\/9186"}],"up":[{"embeddable":true,"href":"https:\/\/fieldhockey.ca\/fr\/wp-json\/wp\/v2\/pages\/9084"}],"wp:attachment":[{"href":"https:\/\/fieldhockey.ca\/fr\/wp-json\/wp\/v2\/media?parent=9088"}],"curies":[{"name":"wp","href":"https:\/\/api.w.org\/{rel}","templated":true}]}}