{"id":9092,"date":"2015-07-07T21:52:25","date_gmt":"2015-07-08T04:52:25","guid":{"rendered":"https:\/\/fieldhockey.ca\/fr\/?page_id=9092"},"modified":"2015-07-08T10:37:41","modified_gmt":"2015-07-08T17:37:41","slug":"officiating-resources","status":"publish","type":"page","link":"https:\/\/fieldhockey.ca\/fr\/officials\/officiating-resources\/","title":{"rendered":"Ressources pour arbitres"},"content":{"rendered":"<p><strong>Toutes les ressources ci-dessous peuvent \u00eatre t\u00e9l\u00e9charg\u00e9es et se trouvent sur le nouveau site. Avoir ces sections sous forme d\u2019onglets serait superbe.<\/strong><\/p>\n<p>Ressources g\u00e9n\u00e9rales<\/p>\n<p>Guide d\u2019arbitrage de HGC<\/p>\n<p>Guide d\u2019arbitres internationaux de la FIH<\/p>\n<p>Manuel de formation en conditionnement physique des arbitres de la FIH<\/p>\n<p>R\u00e8gles du hockey de la FIH (2015)<\/p>\n<p>Code de conduite des officiels de HGC<\/p>\n<p>Code de conduite aux tournois de HGC<\/p>\n<p>Hockey sur gazon : Un si\u00e8cle de changements cl\u00e9s de r\u00e8glements : 1910 &#8211; 2010<\/p>\n<p>Ressources de gestion d\u2019\u00e9v\u00e9nement de la FIH<\/p>\n<p><a href=\"http:\/\/www.fieldhockey.ca\/files\/Officials%20Resources\/FIH%20Tournament%20Regulations%20Outdoor%20-%20January%202013.pdf\">R\u00e8glements de tournoi &#8211; Ext\u00e9rieur<\/a><\/p>\n<p>R\u00e8glements de tournoi &#8211; Int\u00e9rieur<\/p>\n<p>Code de conduite<\/p>\n<p>Code de conduite : Formulaire de reconnaissance antidopage<\/p>\n<p>Formulaire de rapport de match \u2013 Ext\u00e9rieur (16 joueurs)<\/p>\n<p>Formulaire de rapport de match \u2013 Ext\u00e9rieur (18 joueurs)<\/p>\n<p>Formulaire de rapport de match \u2013 Int\u00e9rieur<\/p>\n<p>Formulaire de tirs de penalty<\/p>\n<p>Formulaire d\u2019inscription de cartes<\/p>\n<p>Cliquez ici pour d\u2019autres ressources d\u2019\u00e9v\u00e9nement<\/p>\n<p>&nbsp;<\/p>\n<p><strong>FORMULAIRES D\u2019\u00c9VALUATION<\/strong><\/p>\n<p>Veuillez utiliser les formulaires d\u2019\u00e9valuation suivants. Tous les formulaires ont \u00e9t\u00e9 mis \u00e0 jour en 2011.<br \/>\nContactez&nbsp;<a href=\"mailto:JulieFHCBoard@aol.com\">Julie Nelson<\/a>&nbsp;si vous avez des questions.<\/p>\n<ul>\n<li>\u00c9valuation de l\u2019arbitre de terrain communautaire<\/li>\n<li>\u00c9valuation de l\u2019arbitre de terrain provincial<\/li>\n<li>\u00c9valuation de l\u2019arbitre de terrain r\u00e9gional<\/li>\n<li>\u00c9valuation de l\u2019arbitre de terrain canadien<\/li>\n<li>Questions individuelles et pr\u00e9sentation de groupe de l\u2019arbitre canadien<\/li>\n<\/ul>\n","protected":false},"excerpt":{"rendered":"<p>Toutes les ressources ci-dessous peuvent \u00eatre t\u00e9l\u00e9charg\u00e9es et se trouvent sur le nouveau site. Avoir ces sections sous forme d\u2019onglets serait superbe. Ressources g\u00e9n\u00e9rales Guide d\u2019arbitrage de HGC Guide d\u2019arbitres internationaux de la FIH Manuel de formation en conditionnement physique des arbitres de la FIH R\u00e8gles du hockey de la FIH (2015) Code de conduite [&hellip;]<\/p>\n","protected":false},"author":1,"featured_media":0,"parent":9084,"menu_order":0,"comment_status":"closed","ping_status":"closed","template":"","meta":{"footnotes":""},"class_list":["post-9092","page","type-page","status-publish","hentry"],"yoast_head":"<!-- This site is optimized with the Yoast SEO plugin v26.8 - https:\/\/yoast.com\/product\/yoast-seo-wordpress\/ -->\n<title>Ressources pour arbitres - Field Hockey Canada<\/title>\n<meta name=\"robots\" content=\"index, follow, max-snippet:-1, max-image-preview:large, max-video-preview:-1\" \/>\n<link rel=\"canonical\" href=\"https:\/\/fieldhockey.ca\/fr\/officials\/officiating-resources\/\" \/>\n<meta property=\"og:locale\" content=\"fr_CA\" \/>\n<meta property=\"og:type\" content=\"article\" \/>\n<meta property=\"og:title\" content=\"Ressources pour arbitres - Field Hockey Canada\" \/>\n<meta property=\"og:description\" content=\"Toutes les ressources ci-dessous peuvent \u00eatre t\u00e9l\u00e9charg\u00e9es et se trouvent sur le nouveau site. Avoir ces sections sous forme d\u2019onglets serait superbe. Ressources g\u00e9n\u00e9rales Guide d\u2019arbitrage de HGC Guide d\u2019arbitres internationaux de la FIH Manuel de formation en conditionnement physique des arbitres de la FIH R\u00e8gles du hockey de la FIH (2015) Code de conduite [&hellip;]\" \/>\n<meta property=\"og:url\" content=\"https:\/\/fieldhockey.ca\/fr\/officials\/officiating-resources\/\" \/>\n<meta property=\"og:site_name\" content=\"Field Hockey Canada\" \/>\n<meta property=\"article:modified_time\" content=\"2015-07-08T17:37:41+00:00\" \/>\n<meta name=\"twitter:card\" content=\"summary_large_image\" \/>\n<meta name=\"twitter:label1\" content=\"Estimation du temps de lecture\" \/>\n\t<meta name=\"twitter:data1\" content=\"1 minute\" \/>\n<script type=\"application\/ld+json\" class=\"yoast-schema-graph\">{\"@context\":\"https:\/\/schema.org\",\"@graph\":[{\"@type\":\"WebPage\",\"@id\":\"https:\/\/fieldhockey.ca\/fr\/officials\/officiating-resources\/\",\"url\":\"https:\/\/fieldhockey.ca\/fr\/officials\/officiating-resources\/\",\"name\":\"Ressources pour arbitres - Field Hockey Canada\",\"isPartOf\":{\"@id\":\"https:\/\/fieldhockey.ca\/#website\"},\"datePublished\":\"2015-07-08T04:52:25+00:00\",\"dateModified\":\"2015-07-08T17:37:41+00:00\",\"breadcrumb\":{\"@id\":\"https:\/\/fieldhockey.ca\/fr\/officials\/officiating-resources\/#breadcrumb\"},\"inLanguage\":\"fr-CA\",\"potentialAction\":[{\"@type\":\"ReadAction\",\"target\":[\"https:\/\/fieldhockey.ca\/fr\/officials\/officiating-resources\/\"]}]},{\"@type\":\"BreadcrumbList\",\"@id\":\"https:\/\/fieldhockey.ca\/fr\/officials\/officiating-resources\/#breadcrumb\",\"itemListElement\":[{\"@type\":\"ListItem\",\"position\":1,\"name\":\"Home\",\"item\":\"https:\/\/fieldhockey.ca\/fr\/\"},{\"@type\":\"ListItem\",\"position\":2,\"name\":\"Officiels\",\"item\":\"https:\/\/fieldhockey.ca\/fr\/officials\/\"},{\"@type\":\"ListItem\",\"position\":3,\"name\":\"Ressources pour arbitres\"}]},{\"@type\":\"WebSite\",\"@id\":\"https:\/\/fieldhockey.ca\/#website\",\"url\":\"https:\/\/fieldhockey.ca\/\",\"name\":\"Field Hockey Canada\",\"description\":\"Canada\u2019s governing body for field hockey\",\"potentialAction\":[{\"@type\":\"SearchAction\",\"target\":{\"@type\":\"EntryPoint\",\"urlTemplate\":\"https:\/\/fieldhockey.ca\/?s={search_term_string}\"},\"query-input\":{\"@type\":\"PropertyValueSpecification\",\"valueRequired\":true,\"valueName\":\"search_term_string\"}}],\"inLanguage\":\"fr-CA\"}]}<\/script>\n<!-- \/ Yoast SEO plugin. -->","yoast_head_json":{"title":"Ressources pour arbitres - Field Hockey Canada","robots":{"index":"index","follow":"follow","max-snippet":"max-snippet:-1","max-image-preview":"max-image-preview:large","max-video-preview":"max-video-preview:-1"},"canonical":"https:\/\/fieldhockey.ca\/fr\/officials\/officiating-resources\/","og_locale":"fr_CA","og_type":"article","og_title":"Ressources pour arbitres - Field Hockey Canada","og_description":"Toutes les ressources ci-dessous peuvent \u00eatre t\u00e9l\u00e9charg\u00e9es et se trouvent sur le nouveau site. Avoir ces sections sous forme d\u2019onglets serait superbe. Ressources g\u00e9n\u00e9rales Guide d\u2019arbitrage de HGC Guide d\u2019arbitres internationaux de la FIH Manuel de formation en conditionnement physique des arbitres de la FIH R\u00e8gles du hockey de la FIH (2015) Code de conduite [&hellip;]","og_url":"https:\/\/fieldhockey.ca\/fr\/officials\/officiating-resources\/","og_site_name":"Field Hockey Canada","article_modified_time":"2015-07-08T17:37:41+00:00","twitter_card":"summary_large_image","twitter_misc":{"Estimation du temps de lecture":"1 minute"},"schema":{"@context":"https:\/\/schema.org","@graph":[{"@type":"WebPage","@id":"https:\/\/fieldhockey.ca\/fr\/officials\/officiating-resources\/","url":"https:\/\/fieldhockey.ca\/fr\/officials\/officiating-resources\/","name":"Ressources pour arbitres - Field Hockey Canada","isPartOf":{"@id":"https:\/\/fieldhockey.ca\/#website"},"datePublished":"2015-07-08T04:52:25+00:00","dateModified":"2015-07-08T17:37:41+00:00","breadcrumb":{"@id":"https:\/\/fieldhockey.ca\/fr\/officials\/officiating-resources\/#breadcrumb"},"inLanguage":"fr-CA","potentialAction":[{"@type":"ReadAction","target":["https:\/\/fieldhockey.ca\/fr\/officials\/officiating-resources\/"]}]},{"@type":"BreadcrumbList","@id":"https:\/\/fieldhockey.ca\/fr\/officials\/officiating-resources\/#breadcrumb","itemListElement":[{"@type":"ListItem","position":1,"name":"Home","item":"https:\/\/fieldhockey.ca\/fr\/"},{"@type":"ListItem","position":2,"name":"Officiels","item":"https:\/\/fieldhockey.ca\/fr\/officials\/"},{"@type":"ListItem","position":3,"name":"Ressources pour arbitres"}]},{"@type":"WebSite","@id":"https:\/\/fieldhockey.ca\/#website","url":"https:\/\/fieldhockey.ca\/","name":"Field Hockey Canada","description":"Canada\u2019s governing body for field hockey","potentialAction":[{"@type":"SearchAction","target":{"@type":"EntryPoint","urlTemplate":"https:\/\/fieldhockey.ca\/?s={search_term_string}"},"query-input":{"@type":"PropertyValueSpecification","valueRequired":true,"valueName":"search_term_string"}}],"inLanguage":"fr-CA"}]}},"_links":{"self":[{"href":"https:\/\/fieldhockey.ca\/fr\/wp-json\/wp\/v2\/pages\/9092","targetHints":{"allow":["GET"]}}],"collection":[{"href":"https:\/\/fieldhockey.ca\/fr\/wp-json\/wp\/v2\/pages"}],"about":[{"href":"https:\/\/fieldhockey.ca\/fr\/wp-json\/wp\/v2\/types\/page"}],"author":[{"embeddable":true,"href":"https:\/\/fieldhockey.ca\/fr\/wp-json\/wp\/v2\/users\/1"}],"replies":[{"embeddable":true,"href":"https:\/\/fieldhockey.ca\/fr\/wp-json\/wp\/v2\/comments?post=9092"}],"version-history":[{"count":5,"href":"https:\/\/fieldhockey.ca\/fr\/wp-json\/wp\/v2\/pages\/9092\/revisions"}],"predecessor-version":[{"id":9210,"href":"https:\/\/fieldhockey.ca\/fr\/wp-json\/wp\/v2\/pages\/9092\/revisions\/9210"}],"up":[{"embeddable":true,"href":"https:\/\/fieldhockey.ca\/fr\/wp-json\/wp\/v2\/pages\/9084"}],"wp:attachment":[{"href":"https:\/\/fieldhockey.ca\/fr\/wp-json\/wp\/v2\/media?parent=9092"}],"curies":[{"name":"wp","href":"https:\/\/api.w.org\/{rel}","templated":true}]}}